{"id":153387,"date":"2021-01-15T12:36:53","date_gmt":"2021-01-15T12:36:53","guid":{"rendered":"https:\/\/codengine3.ch\/?product=import-placeholder-for-204386"},"modified":"2021-01-15T14:32:42","modified_gmt":"2021-01-15T14:32:42","slug":"52-balades-a-skis-dans-le-queyras-et-la-haute-ubaye","status":"publish","type":"product","link":"https:\/\/pizbube.ch\/en\/shop\/52-balades-a-skis-dans-le-queyras-et-la-haute-ubaye\/","title":{"rendered":"52 balades \u00e0 skis dans le Queyras et la Haute Ubaye"},"content":{"rendered":"<p>Arvieux, Abri\u00e8s, Saint-V\u00e9ran, Ceillac  <\/p>\n<p>Coup\u00e9 en deux par la vall\u00e9e du Guil, le Queyras poss\u00e8de une configuration<br \/>\nassez complexe. \u00c0 l&#8217;ouest, se pr\u00e9sente le secteur du B\u00e9al Traversier avec les<br \/>\nvillages d&#8217;Arvieux et de Brunissard. La partie orientale est form\u00e9e en amont<br \/>\npar le haut Guil o\u00f9 l&#8217;on trouve Aiguilles, Abri\u00e8s et tout au bout de la<br \/>\nvall\u00e9e, le sanctuaire du Viso ! Plus en aval, la vall\u00e9e de l&#8217;Aigue Agnelle<br \/>\nd\u00e9bouche l&#8217;\u00e9t\u00e9 sur l&#8217;Italie via le col Agnel. Ici se nichent Molines-en-<br \/>\nQueyras et Saint-V\u00e9ran (plus haute commune d&#8217;Europe). Le secteur de Ceillac<br \/>\nrappelle un peu une enclave, ce village se rattachant plus \u00e0 Guillestre qu&#8217;au<br \/>\nreste du Queyras : d&#8217;acc\u00e8s difficile, la combe du Guil l&#8217;isola du reste du<br \/>\nmassif jusqu&#8217;\u00e0 la fin du XIXe si\u00e8cle.<\/p>\n<p>Le dernier secteur n&#8217;appartient pas au Queyras, mais \u00e0 la haute Ubaye. Il a<br \/>\n\u00e9t\u00e9 choisi car il existe un v\u00e9ritable un lien g\u00e9ographique avec le Queyras, et<br \/>\nsurtout parce qu&#8217;il regorge de tr\u00e8s belles balades tant au d\u00e9part de Maljasset<br \/>\nque dans les environs de la route venue du col de Vars.<br \/>\n128 p.  <\/p>","protected":false},"excerpt":{"rendered":"<p>Arvieux, Abri\u00e8s, Saint-V\u00e9ran, Ceillac Coup\u00e9 en deux par la vall\u00e9e du Guil, le Queyras poss\u00e8de une configuration assez complexe. \u00c0 l&#8217;ouest, se pr\u00e9sente le secteur du B\u00e9al Traversier avec les villages d&#8217;Arvieux et de Brunissard. La partie orientale est form\u00e9e en amont par le haut Guil o\u00f9 l&#8217;on trouve Aiguilles, Abri\u00e8s et tout au bout [&#8230;]\n","protected":false},"featured_media":32243,"template":"","meta":[],"product_brand":[],"product_cat":[21540],"product_tag":[],"class_list":{"0":"post-153387","1":"product","2":"type-product","3":"status-publish","4":"has-post-thumbnail","6":"product_cat-fuehrerliteratur-alpin-winter","7":"pa_autor-guillaume","8":"pa_erscheinungsjahr-21763","9":"pa_region-frankreich","10":"pa_sprache-fr","12":"first","13":"instock","14":"taxable","15":"shipping-taxable","16":"purchasable","17":"product-type-simple"},"_links":{"self":[{"href":"https:\/\/pizbube.ch\/en\/wp-json\/wp\/v2\/product\/153387","targetHints":{"allow":["GET"]}}],"collection":[{"href":"https:\/\/pizbube.ch\/en\/wp-json\/wp\/v2\/product"}],"about":[{"href":"https:\/\/pizbube.ch\/en\/wp-json\/wp\/v2\/types\/product"}],"wp:featuredmedia":[{"embeddable":true,"href":"https:\/\/pizbube.ch\/en\/wp-json\/wp\/v2\/media\/32243"}],"wp:attachment":[{"href":"https:\/\/pizbube.ch\/en\/wp-json\/wp\/v2\/media?parent=153387"}],"wp:term":[{"taxonomy":"product_brand","embeddable":true,"href":"https:\/\/pizbube.ch\/en\/wp-json\/wp\/v2\/product_brand?post=153387"},{"taxonomy":"product_cat","embeddable":true,"href":"https:\/\/pizbube.ch\/en\/wp-json\/wp\/v2\/product_cat?post=153387"},{"taxonomy":"product_tag","embeddable":true,"href":"https:\/\/pizbube.ch\/en\/wp-json\/wp\/v2\/product_tag?post=153387"}],"curies":[{"name":"wp","href":"https:\/\/api.w.org\/{rel}","templated":true}]}}