{"id":153388,"date":"2021-01-15T12:36:53","date_gmt":"2021-01-15T12:36:53","guid":{"rendered":"https:\/\/codengine3.ch\/?product=import-placeholder-for-203817"},"modified":"2021-01-15T14:26:54","modified_gmt":"2021-01-15T14:26:54","slug":"die-geschichte-der-dolomiten","status":"publish","type":"product","link":"https:\/\/pizbube.ch\/en\/shop\/die-geschichte-der-dolomiten\/","title":{"rendered":"Die Geschichte der Dolomiten"},"content":{"rendered":"<p>Die Dolomiten: Gelobt wegen ihrer magischen Sch\u00f6nheit, umk\u00e4mpfte Felsen \u00fcber<br \/>\ndie Jahrtausende, Geschichte und Geschichten, die hier entstanden. Michael<br \/>\nWachtler erz\u00e4hlt die Geschichte dieser Berge, seiner Menschen und der<br \/>\nVer\u00e4nderungen im Laufe der Jahrmillionen neu. Mit neuen Bildern, neuen<br \/>\nDokumenten, neuen Recherchen. Kritisch setzt er sich mit vielen<br \/>\nalthergebrachten Ansichten auseinander, schreibt und deutet vieles anders. So<br \/>\nentstand ein umfassendes Werk, das in vielen Bereichen Neuland beschreitet.<\/p>","protected":false},"excerpt":{"rendered":"<p>Die Dolomiten: Gelobt wegen ihrer magischen Sch\u00f6nheit, umk\u00e4mpfte Felsen \u00fcber die Jahrtausende, Geschichte und Geschichten, die hier entstanden. Michael Wachtler erz\u00e4hlt die Geschichte dieser Berge, seiner Menschen und der Ver\u00e4nderungen im Laufe der Jahrmillionen neu. Mit neuen Bildern, neuen Dokumenten, neuen Recherchen. Kritisch setzt er sich mit vielen althergebrachten Ansichten auseinander, schreibt und deutet vieles [&#8230;]\n","protected":false},"featured_media":31509,"template":"","meta":[],"product_brand":[],"product_cat":[21542],"product_tag":[],"class_list":{"0":"post-153388","1":"product","2":"type-product","3":"status-publish","4":"has-post-thumbnail","6":"product_cat-sachbuecher-dokumentationen","7":"pa_autor-wachtler","8":"pa_erscheinungsjahr-21776","9":"pa_region-italien","10":"pa_sprache-de","12":"first","13":"instock","14":"taxable","15":"shipping-taxable","16":"purchasable","17":"product-type-simple"},"_links":{"self":[{"href":"https:\/\/pizbube.ch\/en\/wp-json\/wp\/v2\/product\/153388","targetHints":{"allow":["GET"]}}],"collection":[{"href":"https:\/\/pizbube.ch\/en\/wp-json\/wp\/v2\/product"}],"about":[{"href":"https:\/\/pizbube.ch\/en\/wp-json\/wp\/v2\/types\/product"}],"wp:featuredmedia":[{"embeddable":true,"href":"https:\/\/pizbube.ch\/en\/wp-json\/wp\/v2\/media\/31509"}],"wp:attachment":[{"href":"https:\/\/pizbube.ch\/en\/wp-json\/wp\/v2\/media?parent=153388"}],"wp:term":[{"taxonomy":"product_brand","embeddable":true,"href":"https:\/\/pizbube.ch\/en\/wp-json\/wp\/v2\/product_brand?post=153388"},{"taxonomy":"product_cat","embeddable":true,"href":"https:\/\/pizbube.ch\/en\/wp-json\/wp\/v2\/product_cat?post=153388"},{"taxonomy":"product_tag","embeddable":true,"href":"https:\/\/pizbube.ch\/en\/wp-json\/wp\/v2\/product_tag?post=153388"}],"curies":[{"name":"wp","href":"https:\/\/api.w.org\/{rel}","templated":true}]}}