{"id":153391,"date":"2021-01-15T12:36:53","date_gmt":"2021-01-15T12:36:53","guid":{"rendered":"https:\/\/codengine3.ch\/?product=import-placeholder-for-204052"},"modified":"2022-04-27T08:43:35","modified_gmt":"2022-04-27T06:43:35","slug":"valchiavenna-val-bregaglia-wk-92-1-50-000","status":"publish","type":"product","link":"https:\/\/pizbube.ch\/en\/shop\/valchiavenna-val-bregaglia-wk-92-1-50-000\/","title":{"rendered":"ValChiavenna Val Bregaglia WK 92 1: 50 000"},"content":{"rendered":"<p>Valchiavenna &#8211; Val Bregaglia; 1:50&#8217;000<br \/>\nValle San Giacomo &#8211; Mad\u00e9simo &#8211; Morbegno &#8211; Val M\u00e1sino<br \/>\nWander-, Bike- und Skitourenkarte. In: Deutsch \/ Italienisch. In Plastikh\u00fclle.<br \/>\nMit Kurzf\u00fchrer.<\/p>\n<p>Spl\u00fcgenpass- Avers- Bivio- Bergell- Chiavenna- Veltlin;<\/p>\n<p>4in1 Wanderkarte &#8211; Englisch \/ Deutsch \/ Italienisch, mit Aktiv Guide, Karten;<br \/>\nmit Download-M\u00f6glichkeit Kompass-App<br \/>\nDie 4in1 Wanderkarte ist jetzt noch \u00fcbersichtlicher und besser lesbar. Die<br \/>\nWanderkarten aus den Top-Wanderregionen sind mit einer zus\u00e4tzlichen Karte im<br \/>\nDetailma\u00dfstab ausgestattet. Der Aktiv Guide informiert Sie rund um das Thema<br \/>\nOutdoor und die kostenlose App f\u00fcr unterwegs gibt es auch noch dazu. Das<br \/>\nbildet die perfekte Grundlage f\u00fcr die Planung einer Wandertour. Die pr\u00e4zise<br \/>\nKartografie zeigt alle begehbaren Wanderwege inklusive Klassifizierung.<br \/>\nInformationen wie Schwimmb\u00e4der, Klettersteige, Kinderspielpl\u00e4tze, H\u00fctten und<br \/>\nvieles mehr sind in der Karte ebenfalls enthalten. Dank der rei\u00df- und<br \/>\nwetterfesten Papierqualit\u00e4t ist die Karte bei jedem Wetter ein treuer<br \/>\nBegleiter.<\/p>","protected":false},"excerpt":{"rendered":"<p>Valchiavenna &#8211; Val Bregaglia; 1:50&#8217;000 Valle San Giacomo &#8211; Mad\u00e9simo &#8211; Morbegno &#8211; Val M\u00e1sino Wander-, Bike- und Skitourenkarte. In: Deutsch \/ Italienisch. In Plastikh\u00fclle. Mit Kurzf\u00fchrer. Spl\u00fcgenpass- Avers- Bivio- Bergell- Chiavenna- Veltlin; 4in1 Wanderkarte &#8211; Englisch \/ Deutsch \/ Italienisch, mit Aktiv Guide, Karten; mit Download-M\u00f6glichkeit Kompass-App Die 4in1 Wanderkarte ist jetzt noch \u00fcbersichtlicher [&#8230;]\n","protected":false},"featured_media":161649,"template":"","meta":[],"product_brand":[],"product_cat":[21543],"product_tag":[],"class_list":{"0":"post-153391","1":"product","2":"type-product","3":"status-publish","4":"has-post-thumbnail","6":"product_cat-landkarten","7":"pa_autor-kompass","8":"pa_erscheinungsjahr-21546","9":"pa_region-italien","10":"pa_sprache-de-it","12":"first","13":"instock","14":"taxable","15":"shipping-taxable","16":"purchasable","17":"product-type-simple"},"_links":{"self":[{"href":"https:\/\/pizbube.ch\/en\/wp-json\/wp\/v2\/product\/153391","targetHints":{"allow":["GET"]}}],"collection":[{"href":"https:\/\/pizbube.ch\/en\/wp-json\/wp\/v2\/product"}],"about":[{"href":"https:\/\/pizbube.ch\/en\/wp-json\/wp\/v2\/types\/product"}],"wp:featuredmedia":[{"embeddable":true,"href":"https:\/\/pizbube.ch\/en\/wp-json\/wp\/v2\/media\/161649"}],"wp:attachment":[{"href":"https:\/\/pizbube.ch\/en\/wp-json\/wp\/v2\/media?parent=153391"}],"wp:term":[{"taxonomy":"product_brand","embeddable":true,"href":"https:\/\/pizbube.ch\/en\/wp-json\/wp\/v2\/product_brand?post=153391"},{"taxonomy":"product_cat","embeddable":true,"href":"https:\/\/pizbube.ch\/en\/wp-json\/wp\/v2\/product_cat?post=153391"},{"taxonomy":"product_tag","embeddable":true,"href":"https:\/\/pizbube.ch\/en\/wp-json\/wp\/v2\/product_tag?post=153391"}],"curies":[{"name":"wp","href":"https:\/\/api.w.org\/{rel}","templated":true}]}}