{"id":153394,"date":"2021-01-15T12:36:54","date_gmt":"2021-01-15T12:36:54","guid":{"rendered":"https:\/\/codengine3.ch\/?product=import-placeholder-for-204044"},"modified":"2021-01-15T14:29:10","modified_gmt":"2021-01-15T14:29:10","slug":"k2-la-verite","status":"publish","type":"product","link":"https:\/\/pizbube.ch\/en\/shop\/k2-la-verite\/","title":{"rendered":"K2 la v\u00e9rit\u00e9"},"content":{"rendered":"<p>50 ans de mensonges d`\u00c9tat ne viennent pas \u00e0 bout de Walter Bonatti. Sa<br \/>\nvictoire est la reconnaissance de la v\u00e9rit\u00e9. Que s`est-il vraiment pass\u00e9?<br \/>\nLe 31 juillet 1954 sur le K2, \u00e0 partir des 7627 m du camp VIII et jusqu`aux<br \/>\n8616 m de son sommet? Comment, face \u00e0 des documents photographiques et \u00e0 des<br \/>\nt\u00e9moignages sans \u00e9quivoque, les contre-v\u00e9rit\u00e9s qui entachent l`histoire<br \/>\nofficielle de l`assaut final ont-elles pu si durablement r\u00e9sister?<br \/>\nAu moment des c\u00e9l\u00e9brations du cinquanti\u00e8me anniversaire du K2, l`Italie est<br \/>\npr\u00eate pour une r\u00e9vision historique des faits. Le rapport rendu par la<br \/>\nCommission valide en tout point la version de Bonatti.<\/p>","protected":false},"excerpt":{"rendered":"<p>50 ans de mensonges d`\u00c9tat ne viennent pas \u00e0 bout de Walter Bonatti. Sa victoire est la reconnaissance de la v\u00e9rit\u00e9. Que s`est-il vraiment pass\u00e9? Le 31 juillet 1954 sur le K2, \u00e0 partir des 7627 m du camp VIII et jusqu`aux 8616 m de son sommet? Comment, face \u00e0 des documents photographiques et \u00e0 [&#8230;]\n","protected":false},"featured_media":31779,"template":"","meta":[],"product_brand":[],"product_cat":[21542],"product_tag":[],"class_list":{"0":"post-153394","1":"product","2":"type-product","3":"status-publish","4":"has-post-thumbnail","6":"product_cat-sachbuecher-dokumentationen","7":"pa_autor-bonatti","8":"pa_erscheinungsjahr-21920","9":"pa_region-asien","10":"pa_sprache-fr","12":"first","13":"outofstock","14":"taxable","15":"shipping-taxable","16":"purchasable","17":"product-type-simple"},"_links":{"self":[{"href":"https:\/\/pizbube.ch\/en\/wp-json\/wp\/v2\/product\/153394","targetHints":{"allow":["GET"]}}],"collection":[{"href":"https:\/\/pizbube.ch\/en\/wp-json\/wp\/v2\/product"}],"about":[{"href":"https:\/\/pizbube.ch\/en\/wp-json\/wp\/v2\/types\/product"}],"wp:featuredmedia":[{"embeddable":true,"href":"https:\/\/pizbube.ch\/en\/wp-json\/wp\/v2\/media\/31779"}],"wp:attachment":[{"href":"https:\/\/pizbube.ch\/en\/wp-json\/wp\/v2\/media?parent=153394"}],"wp:term":[{"taxonomy":"product_brand","embeddable":true,"href":"https:\/\/pizbube.ch\/en\/wp-json\/wp\/v2\/product_brand?post=153394"},{"taxonomy":"product_cat","embeddable":true,"href":"https:\/\/pizbube.ch\/en\/wp-json\/wp\/v2\/product_cat?post=153394"},{"taxonomy":"product_tag","embeddable":true,"href":"https:\/\/pizbube.ch\/en\/wp-json\/wp\/v2\/product_tag?post=153394"}],"curies":[{"name":"wp","href":"https:\/\/api.w.org\/{rel}","templated":true}]}}