{"id":153397,"date":"2021-01-15T12:37:00","date_gmt":"2021-01-15T12:37:00","guid":{"rendered":"https:\/\/codengine3.ch\/?product=import-placeholder-for-204657"},"modified":"2021-02-03T21:59:41","modified_gmt":"2021-02-03T20:59:41","slug":"grimpe-a-koumac-nouvelle-caledonie","status":"publish","type":"product","link":"https:\/\/pizbube.ch\/en\/shop\/grimpe-a-koumac-nouvelle-caledonie\/","title":{"rendered":"Grimpe \u00e0 Koumac Nouvelle-Cal\u00e9donie"},"content":{"rendered":"<p>Les voies du nord<\/p>\n<p>\u00c7a y est, il est n\u00e9 !<br \/>\nDepuis le temps que le bruit courait \u00e0 l&#8217;oreille de nos amis grimpeurs,<br \/>\nd\u00e9sormais le premier topo des sites naturels d&#8217;escalade de Koumac existe bel<br \/>\net bien. Le fruit d&#8217;un beau travail d&#8217;\u00e9quipe, en collaboration avec le Comit\u00e9<br \/>\nR\u00e9gional de la FFME, en plusieurs \u00e9tapes&#8230;<\/p>\n<p>Le site comporte plusieurs secteurs aux ambiances vari\u00e9es, avec plus de 130<br \/>\nvoies \u00e9quip\u00e9es, du 3 au 8\u2026 et pas mal de belles lignes!<\/p>","protected":false},"excerpt":{"rendered":"<p>Les voies du nord \u00c7a y est, il est n\u00e9 ! Depuis le temps que le bruit courait \u00e0 l&#8217;oreille de nos amis grimpeurs, d\u00e9sormais le premier topo des sites naturels d&#8217;escalade de Koumac existe bel et bien. Le fruit d&#8217;un beau travail d&#8217;\u00e9quipe, en collaboration avec le Comit\u00e9 R\u00e9gional de la FFME, en plusieurs [&#8230;]\n","protected":false},"featured_media":32926,"template":"","meta":[],"product_brand":[],"product_cat":[21539],"product_tag":[],"class_list":{"0":"post-153397","1":"product","2":"type-product","3":"status-publish","4":"has-post-thumbnail","6":"product_cat-fuehrerliteratur-sportklettern-bouldern","7":"pa_autor-cr-nouvelle-caledonie","8":"pa_erscheinungsjahr-21568","9":"pa_region-frankreich","10":"pa_sprache-fr","12":"first","13":"instock","14":"taxable","15":"shipping-taxable","16":"purchasable","17":"product-type-simple"},"_links":{"self":[{"href":"https:\/\/pizbube.ch\/en\/wp-json\/wp\/v2\/product\/153397","targetHints":{"allow":["GET"]}}],"collection":[{"href":"https:\/\/pizbube.ch\/en\/wp-json\/wp\/v2\/product"}],"about":[{"href":"https:\/\/pizbube.ch\/en\/wp-json\/wp\/v2\/types\/product"}],"wp:featuredmedia":[{"embeddable":true,"href":"https:\/\/pizbube.ch\/en\/wp-json\/wp\/v2\/media\/32926"}],"wp:attachment":[{"href":"https:\/\/pizbube.ch\/en\/wp-json\/wp\/v2\/media?parent=153397"}],"wp:term":[{"taxonomy":"product_brand","embeddable":true,"href":"https:\/\/pizbube.ch\/en\/wp-json\/wp\/v2\/product_brand?post=153397"},{"taxonomy":"product_cat","embeddable":true,"href":"https:\/\/pizbube.ch\/en\/wp-json\/wp\/v2\/product_cat?post=153397"},{"taxonomy":"product_tag","embeddable":true,"href":"https:\/\/pizbube.ch\/en\/wp-json\/wp\/v2\/product_tag?post=153397"}],"curies":[{"name":"wp","href":"https:\/\/api.w.org\/{rel}","templated":true}]}}