{"id":153398,"date":"2021-01-15T12:37:00","date_gmt":"2021-01-15T12:37:00","guid":{"rendered":"https:\/\/codengine3.ch\/?product=import-placeholder-for-202525"},"modified":"2021-01-15T12:37:04","modified_gmt":"2021-01-15T12:37:04","slug":"avalanches","status":"publish","type":"product","link":"https:\/\/pizbube.ch\/en\/shop\/avalanches\/","title":{"rendered":"Avalanches"},"content":{"rendered":"<p>Conna\u00eetre et comprendre pour limiter le risque  <\/p>\n<p>Chaque ann\u00e9e les avalanches sont responsables de nombreux d\u00e9c\u00e8s : pour la<br \/>\nsaison 2008-2009, on recense 33 victimes en France.<br \/>\nQuelles que soient les conditions m\u00e9t\u00e9o, certaines personnes n&#8217;h\u00e9sitent pas \u00e0<br \/>\nmaintenir leur sortie et comptent sur&#8230; la chance! Plut\u00f4t que de jouer \u00e0 la<br \/>\nroulette russe n&#8217;existe-t-il pas quelques moyens simples pour estimer le<br \/>\nrisque &#8211; L&#8217;objectif de cet ouvrage est de les faire conna\u00eetre. Ce travail est<br \/>\nle fruit de nombreuses ann\u00e9es de pratique et de r\u00e9flexions, de rencontres et<br \/>\nd&#8217;\u00e9changes d&#8217;exp\u00e9riences, tant avec des experts, scientifiques ou<br \/>\nprofessionnels de la montagne, fran\u00e7ais et \u00e9trangers, qu?avec des amateurs,<br \/>\npratiquants des sports de neige.  <\/p>\n<p>Neuf chapitres composent ce guide largement illustr\u00e9 de photos et de sch\u00e9mas.<br \/>\n1. Qu&#8217;est-ce qu&#8217;une avalanche ?<br \/>\n2. Mieux conna\u00eetre la neige.<br \/>\n3. Comment se produit une avalanche?<br \/>\n4. Qu&#8217;est-ce qu&#8217;un manteau neigeux instable?<br \/>\n5. L&#8217;influence des conditions m\u00e9t\u00e9orologiques.<br \/>\n6. Cette pente est-elle avalancheuse?<br \/>\n7. Votre comportement aggrave-t-il le risque d?avalanche?<br \/>\n8. Bien pr\u00e9parer sa sortie en montagne.<br \/>\n9. Choix de la trace et pr\u00e9cautions de base.<br \/>\nConclusion : La s\u00e9curit\u00e9, un \u00e9tat d&#8217;esprit.  <\/p>","protected":false},"excerpt":{"rendered":"<p>Conna\u00eetre et comprendre pour limiter le risque Chaque ann\u00e9e les avalanches sont responsables de nombreux d\u00e9c\u00e8s : pour la saison 2008-2009, on recense 33 victimes en France. Quelles que soient les conditions m\u00e9t\u00e9o, certaines personnes n&#8217;h\u00e9sitent pas \u00e0 maintenir leur sortie et comptent sur&#8230; la chance! Plut\u00f4t que de jouer \u00e0 la roulette russe n&#8217;existe-t-il [&#8230;]\n","protected":false},"featured_media":29925,"template":"","meta":[],"product_brand":[],"product_cat":[21538],"product_tag":[],"class_list":{"0":"post-153398","1":"product","2":"type-product","3":"status-publish","4":"has-post-thumbnail","6":"product_cat-lehrbuecher","7":"pa_autor-sivardiere","8":"pa_erscheinungsjahr-21693","9":"pa_region-alpin-winter","10":"pa_sprache-fr","12":"first","13":"instock","14":"taxable","15":"shipping-taxable","16":"purchasable","17":"product-type-simple"},"_links":{"self":[{"href":"https:\/\/pizbube.ch\/en\/wp-json\/wp\/v2\/product\/153398","targetHints":{"allow":["GET"]}}],"collection":[{"href":"https:\/\/pizbube.ch\/en\/wp-json\/wp\/v2\/product"}],"about":[{"href":"https:\/\/pizbube.ch\/en\/wp-json\/wp\/v2\/types\/product"}],"wp:featuredmedia":[{"embeddable":true,"href":"https:\/\/pizbube.ch\/en\/wp-json\/wp\/v2\/media\/29925"}],"wp:attachment":[{"href":"https:\/\/pizbube.ch\/en\/wp-json\/wp\/v2\/media?parent=153398"}],"wp:term":[{"taxonomy":"product_brand","embeddable":true,"href":"https:\/\/pizbube.ch\/en\/wp-json\/wp\/v2\/product_brand?post=153398"},{"taxonomy":"product_cat","embeddable":true,"href":"https:\/\/pizbube.ch\/en\/wp-json\/wp\/v2\/product_cat?post=153398"},{"taxonomy":"product_tag","embeddable":true,"href":"https:\/\/pizbube.ch\/en\/wp-json\/wp\/v2\/product_tag?post=153398"}],"curies":[{"name":"wp","href":"https:\/\/api.w.org\/{rel}","templated":true}]}}