{"id":153401,"date":"2021-01-15T12:37:00","date_gmt":"2021-01-15T12:37:00","guid":{"rendered":"https:\/\/codengine3.ch\/?product=import-placeholder-for-206319"},"modified":"2021-01-15T14:48:03","modified_gmt":"2021-01-15T14:48:03","slug":"le-ski-de-rando-debuter-et-se-perfectionner","status":"publish","type":"product","link":"https:\/\/pizbube.ch\/en\/shop\/le-ski-de-rando-debuter-et-se-perfectionner\/","title":{"rendered":"Le Ski de rando &#8211; D\u00e9buter et se perfectionner"},"content":{"rendered":"<p>\nEn six chapitres, l\u2019auteur donne les cl\u00e9s pour choisir son mat\u00e9riel, ma\u00eetriser<br \/>\nles techniques de bases pour pratiquer en se faisant plaisir et en toute<br \/>\ns\u00e9curit\u00e9.  <\/p>\n<p>Les skieurs ont de plus en plus de mal \u00e0 supporter la foule, la pollution<br \/>\nsonore ou visuelle ainsi que les prix prohibitifs des stations de ski&#8230; Ils<br \/>\nveulent \u00eatre libres de choisir leurs itin\u00e9raires, de faire leurs propres<br \/>\ntraces. Pour toutes ces raisons, ils se tournent vers le ski de randonn\u00e9e.<br \/>\n\u00c9volution du mat\u00e9riel et des mentalit\u00e9s, le ski de rando s\u2019est modernis\u00e9 et<br \/>\nattire de plus en plus d\u2019adeptes qui ont besoin de quelques conseils pour se<br \/>\nlancer ou s\u2019am\u00e9liorer dans un environnement souvent accueillant, parfois<br \/>\nhostile, voire dangereux.<\/p>\n<p>Ce guide s\u2019adresse \u00e0 tous ceux, montagnards ou pas, skieurs \u00e9m\u00e9rites ou non,<br \/>\nqui ont besoin de bons conseils ou astuces pour d\u00e9buter ou am\u00e9liorer leur<br \/>\npratique du ski de montagne, sur glacier ou en pente raide, \u00e0 la journ\u00e9e ou en<br \/>\nraid.  <\/p>","protected":false},"excerpt":{"rendered":"<p>En six chapitres, l\u2019auteur donne les cl\u00e9s pour choisir son mat\u00e9riel, ma\u00eetriser les techniques de bases pour pratiquer en se faisant plaisir et en toute s\u00e9curit\u00e9. Les skieurs ont de plus en plus de mal \u00e0 supporter la foule, la pollution sonore ou visuelle ainsi que les prix prohibitifs des stations de ski&#8230; Ils veulent [&#8230;]\n","protected":false},"featured_media":35314,"template":"","meta":[],"product_brand":[],"product_cat":[21538],"product_tag":[],"class_list":{"0":"post-153401","1":"product","2":"type-product","3":"status-publish","4":"has-post-thumbnail","6":"product_cat-lehrbuecher","7":"pa_autor-vargel","8":"pa_erscheinungsjahr-21830","9":"pa_region-alpin-winter","10":"pa_sprache-fr","12":"first","13":"instock","14":"taxable","15":"shipping-taxable","16":"purchasable","17":"product-type-simple"},"_links":{"self":[{"href":"https:\/\/pizbube.ch\/en\/wp-json\/wp\/v2\/product\/153401","targetHints":{"allow":["GET"]}}],"collection":[{"href":"https:\/\/pizbube.ch\/en\/wp-json\/wp\/v2\/product"}],"about":[{"href":"https:\/\/pizbube.ch\/en\/wp-json\/wp\/v2\/types\/product"}],"wp:featuredmedia":[{"embeddable":true,"href":"https:\/\/pizbube.ch\/en\/wp-json\/wp\/v2\/media\/35314"}],"wp:attachment":[{"href":"https:\/\/pizbube.ch\/en\/wp-json\/wp\/v2\/media?parent=153401"}],"wp:term":[{"taxonomy":"product_brand","embeddable":true,"href":"https:\/\/pizbube.ch\/en\/wp-json\/wp\/v2\/product_brand?post=153401"},{"taxonomy":"product_cat","embeddable":true,"href":"https:\/\/pizbube.ch\/en\/wp-json\/wp\/v2\/product_cat?post=153401"},{"taxonomy":"product_tag","embeddable":true,"href":"https:\/\/pizbube.ch\/en\/wp-json\/wp\/v2\/product_tag?post=153401"}],"curies":[{"name":"wp","href":"https:\/\/api.w.org\/{rel}","templated":true}]}}