{"id":153403,"date":"2021-01-15T12:37:01","date_gmt":"2021-01-15T12:37:01","guid":{"rendered":"https:\/\/codengine3.ch\/?product=import-placeholder-for-202527"},"modified":"2021-01-15T12:37:05","modified_gmt":"2021-01-15T12:37:05","slug":"a-walk-a-ride-a-lift","status":"publish","type":"product","link":"https:\/\/pizbube.ch\/en\/shop\/a-walk-a-ride-a-lift\/","title":{"rendered":"a walk, a ride, a lift"},"content":{"rendered":"<p>Panorama und andere Orte &#8211; gleichermassen im Internet wie in<br \/>\nAusstellungsr\u00e4umen. Die k\u00fcnstlerischen Projekte von Studer und van den Berg<br \/>\nkonterkarieren die Idee von Ganzheit und \u00dcbersicht, nach der historische<br \/>\nPanoramen konzipiert sind, und stimulieren dennoch unser Sehns\u00fcchte &#8211; gerade<br \/>\nweil sie fest ausnahmslos im Computer entstehen.<\/p>","protected":false},"excerpt":{"rendered":"<p>Panorama und andere Orte &#8211; gleichermassen im Internet wie in Ausstellungsr\u00e4umen. Die k\u00fcnstlerischen Projekte von Studer und van den Berg konterkarieren die Idee von Ganzheit und \u00dcbersicht, nach der historische Panoramen konzipiert sind, und stimulieren dennoch unser Sehns\u00fcchte &#8211; gerade weil sie fest ausnahmslos im Computer entstehen.<\/p>","protected":false},"featured_media":45070,"template":"","meta":[],"product_brand":[],"product_cat":[21580],"product_tag":[],"class_list":{"0":"post-153403","1":"product","2":"type-product","3":"status-publish","4":"has-post-thumbnail","6":"product_cat-kunst-kultur","7":"pa_autor-studer","8":"pa_autor-van-den-berg","9":"pa_erscheinungsjahr-22242","10":"pa_region-schweiz","11":"pa_sprache-de","13":"first","14":"outofstock","15":"taxable","16":"shipping-taxable","17":"purchasable","18":"product-type-simple"},"_links":{"self":[{"href":"https:\/\/pizbube.ch\/en\/wp-json\/wp\/v2\/product\/153403","targetHints":{"allow":["GET"]}}],"collection":[{"href":"https:\/\/pizbube.ch\/en\/wp-json\/wp\/v2\/product"}],"about":[{"href":"https:\/\/pizbube.ch\/en\/wp-json\/wp\/v2\/types\/product"}],"wp:featuredmedia":[{"embeddable":true,"href":"https:\/\/pizbube.ch\/en\/wp-json\/wp\/v2\/media\/45070"}],"wp:attachment":[{"href":"https:\/\/pizbube.ch\/en\/wp-json\/wp\/v2\/media?parent=153403"}],"wp:term":[{"taxonomy":"product_brand","embeddable":true,"href":"https:\/\/pizbube.ch\/en\/wp-json\/wp\/v2\/product_brand?post=153403"},{"taxonomy":"product_cat","embeddable":true,"href":"https:\/\/pizbube.ch\/en\/wp-json\/wp\/v2\/product_cat?post=153403"},{"taxonomy":"product_tag","embeddable":true,"href":"https:\/\/pizbube.ch\/en\/wp-json\/wp\/v2\/product_tag?post=153403"}],"curies":[{"name":"wp","href":"https:\/\/api.w.org\/{rel}","templated":true}]}}