{"id":153404,"date":"2021-01-15T12:37:01","date_gmt":"2021-01-15T12:37:01","guid":{"rendered":"https:\/\/codengine3.ch\/?product=import-placeholder-for-202528"},"modified":"2025-10-25T09:30:57","modified_gmt":"2025-10-25T07:30:57","slug":"geo-chavez","status":"publish","type":"product","link":"https:\/\/pizbube.ch\/en\/shop\/geo-chavez\/","title":{"rendered":"Geo Chavez"},"content":{"rendered":"<p>Der erste Flug \u00fcber die Alpen: Vor 90 Jahren hat Geo Chavez im Aeroplan den<br \/>\nSimplon als Erster \u00fcberflogen. Dieser Flug, seine Vielgestaltigkeit, seine von<br \/>\nMinute zu Minute wechselnden Bilder, seine Spannung, seine ereignisreiche<br \/>\nOuvert\u00fcre und seine ersch\u00fctterndes Finale besch\u00e4ftigen K\u00fcnstler und<br \/>\nFlugenthusiasten heute noch.<\/p>\n<p>Chavez&#8216; Pioniertat, seine Vielgestaltigkeit, die Spannung, die ereignisreiche<br \/>\nOuvert\u00fcre und das ersch\u00fctternde Finale besch\u00e4ftigen K\u00fcnstler und<br \/>\nFlugenthusiasten heute noch.<\/p>\n<p>108 Seiten, teils viersprachig;<br \/>\n32 ganzseitige Abbildungen, Pl\u00e4ne (Flugzeuge)<\/p>","protected":false},"excerpt":{"rendered":"<p>Der erste Flug \u00fcber die Alpen: Vor 90 Jahren hat Geo Chavez im Aeroplan den Simplon als Erster \u00fcberflogen. Dieser Flug, seine Vielgestaltigkeit, seine von Minute zu Minute wechselnden Bilder, seine Spannung, seine ereignisreiche Ouvert\u00fcre und seine ersch\u00fctterndes Finale besch\u00e4ftigen K\u00fcnstler und Flugenthusiasten heute noch. Chavez&#8216; Pioniertat, seine Vielgestaltigkeit, die Spannung, die ereignisreiche Ouvert\u00fcre und [&#8230;]\n","protected":false},"featured_media":29927,"template":"","meta":[],"product_brand":[],"product_cat":[21542],"product_tag":[],"class_list":{"0":"post-153404","1":"product","2":"type-product","3":"status-publish","4":"has-post-thumbnail","6":"product_cat-sachbuecher-dokumentationen","7":"pa_autor-berger","8":"pa_erscheinungsjahr-22242","9":"pa_region-schweiz","10":"pa_sprache-d","11":"pa_sprache-e","12":"pa_sprache-f","13":"pa_sprache-i","15":"first","16":"onbackorder","17":"taxable","18":"shipping-taxable","19":"purchasable","20":"product-type-simple"},"_links":{"self":[{"href":"https:\/\/pizbube.ch\/en\/wp-json\/wp\/v2\/product\/153404","targetHints":{"allow":["GET"]}}],"collection":[{"href":"https:\/\/pizbube.ch\/en\/wp-json\/wp\/v2\/product"}],"about":[{"href":"https:\/\/pizbube.ch\/en\/wp-json\/wp\/v2\/types\/product"}],"wp:featuredmedia":[{"embeddable":true,"href":"https:\/\/pizbube.ch\/en\/wp-json\/wp\/v2\/media\/29927"}],"wp:attachment":[{"href":"https:\/\/pizbube.ch\/en\/wp-json\/wp\/v2\/media?parent=153404"}],"wp:term":[{"taxonomy":"product_brand","embeddable":true,"href":"https:\/\/pizbube.ch\/en\/wp-json\/wp\/v2\/product_brand?post=153404"},{"taxonomy":"product_cat","embeddable":true,"href":"https:\/\/pizbube.ch\/en\/wp-json\/wp\/v2\/product_cat?post=153404"},{"taxonomy":"product_tag","embeddable":true,"href":"https:\/\/pizbube.ch\/en\/wp-json\/wp\/v2\/product_tag?post=153404"}],"curies":[{"name":"wp","href":"https:\/\/api.w.org\/{rel}","templated":true}]}}