{"id":153405,"date":"2021-01-15T12:37:01","date_gmt":"2021-01-15T12:37:01","guid":{"rendered":"https:\/\/codengine3.ch\/?product=import-placeholder-for-206118"},"modified":"2023-10-07T09:42:19","modified_gmt":"2023-10-07T07:42:19","slug":"eduard-spelterini-und-das-spektakel-der-bilder-eduard-spelterini-and-the-spectacle-of-images","status":"publish","type":"product","link":"https:\/\/pizbube.ch\/en\/shop\/eduard-spelterini-und-das-spektakel-der-bilder-eduard-spelterini-and-the-spectacle-of-images\/","title":{"rendered":"Eduard Spelterini und das Spektakel der Bilder &#8211; Eduard Spelterini and the Spectacle of Images"},"content":{"rendered":"<p>Die kolorierten Lichtbilder des Ballonpioniers Eduard Spelterini<\/p>\n<p>Der Schweizer Ballonpionier Eduard Spelterini (1852-1931) war der ersteMensch,<br \/>\nder die Alpen \u00fcberflog und von oben fotografierte. Ebenso nahm er als erster<br \/>\ndie Pyramiden von Giseh, die \u00e4gyptische W\u00fcste oder s\u00fcdafrikanische Goldminen<br \/>\naus der Luft auf. Spelterini f\u00fchrte ein spektakul\u00e4res Leben zwischen<br \/>\nSchaustellergewerbe und Forscherdrang, zog mit seinem Heissluftballon um die<br \/>\nhalbe Welt und wurde von der Prominenz seiner Zeit hofiert. 2007 erschienen<br \/>\ndie grandiosen Schwarzweiss-Fotografien aus dem Ballonkorb erstmals seit 1928<br \/>\nwieder in einem grossformatigen Bildband.<\/p>\n<p>Jetzt erscheint der Folgeband, der rund 80 kolorierte Lichtbilder pr\u00e4sentiert,<br \/>\ndie Spelterini f\u00fcr seine mehr als 600 Vortr\u00e4ge in zahlreichen L\u00e4ndern<br \/>\nverwendete. Die aufsehenerregenden, durch aufw\u00e4ndige Kolorierungstechnik in<br \/>\nFarbe \u00fcbersetzten Aufnahmen zeigen diese fr\u00fchen Luftaufnahmen auf ganz neue<br \/>\nWeise. Dieses Buch pr\u00e4sentiert den zweiten, den farbigen Teil von Spelterinis<br \/>\nfotografischer Hinterlassenschaft, abgerundet durch Essays namhafter Experten,<br \/>\netwa des Fotohistorikers Anton Holzer, des Zeppelinspezialisten J\u00fcrgen<br \/>\nBleibler oder des Fotoreproduktions-Fachmanns Christoph Brandt.<\/p>","protected":false},"excerpt":{"rendered":"<p>Die kolorierten Lichtbilder des Ballonpioniers Eduard Spelterini Der Schweizer Ballonpionier Eduard Spelterini (1852-1931) war der ersteMensch, der die Alpen \u00fcberflog und von oben fotografierte. Ebenso nahm er als erster die Pyramiden von Giseh, die \u00e4gyptische W\u00fcste oder s\u00fcdafrikanische Goldminen aus der Luft auf. Spelterini f\u00fchrte ein spektakul\u00e4res Leben zwischen Schaustellergewerbe und Forscherdrang, zog mit seinem [&#8230;]\n","protected":false},"featured_media":35036,"template":"","meta":[],"product_brand":[],"product_cat":[21580],"product_tag":[],"class_list":{"0":"post-153405","1":"product","2":"type-product","3":"status-publish","4":"has-post-thumbnail","6":"product_cat-kunst-kultur","7":"pa_autor-kramer-stadler","8":"pa_erscheinungsjahr-21830","9":"pa_region-schweiz","10":"pa_sprache-d","11":"pa_sprache-e","13":"first","14":"outofstock","15":"taxable","16":"shipping-taxable","17":"purchasable","18":"product-type-simple"},"_links":{"self":[{"href":"https:\/\/pizbube.ch\/en\/wp-json\/wp\/v2\/product\/153405","targetHints":{"allow":["GET"]}}],"collection":[{"href":"https:\/\/pizbube.ch\/en\/wp-json\/wp\/v2\/product"}],"about":[{"href":"https:\/\/pizbube.ch\/en\/wp-json\/wp\/v2\/types\/product"}],"wp:featuredmedia":[{"embeddable":true,"href":"https:\/\/pizbube.ch\/en\/wp-json\/wp\/v2\/media\/35036"}],"wp:attachment":[{"href":"https:\/\/pizbube.ch\/en\/wp-json\/wp\/v2\/media?parent=153405"}],"wp:term":[{"taxonomy":"product_brand","embeddable":true,"href":"https:\/\/pizbube.ch\/en\/wp-json\/wp\/v2\/product_brand?post=153405"},{"taxonomy":"product_cat","embeddable":true,"href":"https:\/\/pizbube.ch\/en\/wp-json\/wp\/v2\/product_cat?post=153405"},{"taxonomy":"product_tag","embeddable":true,"href":"https:\/\/pizbube.ch\/en\/wp-json\/wp\/v2\/product_tag?post=153405"}],"curies":[{"name":"wp","href":"https:\/\/api.w.org\/{rel}","templated":true}]}}