{"id":153407,"date":"2021-01-15T12:37:01","date_gmt":"2021-01-15T12:37:01","guid":{"rendered":"https:\/\/codengine3.ch\/?product=import-placeholder-for-205120"},"modified":"2021-01-15T14:38:52","modified_gmt":"2021-01-15T14:38:52","slug":"sicher-lernen-outdoors","status":"publish","type":"product","link":"https:\/\/pizbube.ch\/en\/shop\/sicher-lernen-outdoors\/","title":{"rendered":"Sicher lernen Outdoors"},"content":{"rendered":"<p>Standards bei Outdoor-Trainings &#8211; basierend auf Erkenntnissen aus<br \/>\nUnfallanalysen.  <\/p>\n<p>Die Sicherheitsstandards bei der Arbeit mit erlebnisorientierten Methoden<br \/>\nweisen gro\u00dfe Unterschiede auf. Sicherheitsm\u00e4ngel oder ein Unfall mit<br \/>\nVerletzungsfolgen auf physischer oder psychischer Ebene schaden dem Ruf der<br \/>\ngesamten Branche. Das Ziel der Autoren ist es, vorhandene Risiken zu<br \/>\nminimieren und mit den verbleibenden Risiken bewusst umzugehen. Diese Prozesse<br \/>\nwerden in diesem Buch dokumentiert. Anhand von Unf\u00e4llen und Zwischenf\u00e4llen<br \/>\nwerden in leicht verst\u00e4ndlicher Weise die Risiken und Sicherheitsstandards von<br \/>\nausgew\u00e4hlten \u00dcbungen und Aktivit\u00e4ten analysiert und nach dem heutigen Stand<br \/>\nvon Wissensmanagement aufbereitet. Zahlreiche Skizzen und Fotos unterst\u00fctzen<br \/>\ndie Ausf\u00fchrungen. Au\u00dferdem sind leicht umsetzbare \u00dcbungsanleitungen am Schluss<br \/>\ndes Werkes zum Herausnehmen angef\u00fcgt. Mit diesen Anleitungen wird eine Arbeit<br \/>\nauf h\u00f6chstem Sicherheitsniveau erm\u00f6glicht. Die Autoren liefern damit einen<br \/>\nBeitrag, &#8218;Outdoortrainings&#8216; sicherer gestalten zu k\u00f6nnen.<br \/>\nDeutsch. Zahlr. s\/w. Abb., Fotos. 208 S  <\/p>","protected":false},"excerpt":{"rendered":"<p>Standards bei Outdoor-Trainings &#8211; basierend auf Erkenntnissen aus Unfallanalysen. Die Sicherheitsstandards bei der Arbeit mit erlebnisorientierten Methoden weisen gro\u00dfe Unterschiede auf. Sicherheitsm\u00e4ngel oder ein Unfall mit Verletzungsfolgen auf physischer oder psychischer Ebene schaden dem Ruf der gesamten Branche. Das Ziel der Autoren ist es, vorhandene Risiken zu minimieren und mit den verbleibenden Risiken bewusst umzugehen. [&#8230;]\n","protected":false},"featured_media":33734,"template":"","meta":[],"product_brand":[],"product_cat":[21538],"product_tag":[],"class_list":{"0":"post-153407","1":"product","2":"type-product","3":"status-publish","4":"has-post-thumbnail","6":"product_cat-lehrbuecher","7":"pa_autor-gatt-libicky-stockert","8":"pa_erscheinungsjahr-21763","9":"pa_region-orientierung-wetter-ausbildung","10":"pa_sprache-de","12":"first","13":"instock","14":"taxable","15":"shipping-taxable","16":"purchasable","17":"product-type-simple"},"_links":{"self":[{"href":"https:\/\/pizbube.ch\/en\/wp-json\/wp\/v2\/product\/153407","targetHints":{"allow":["GET"]}}],"collection":[{"href":"https:\/\/pizbube.ch\/en\/wp-json\/wp\/v2\/product"}],"about":[{"href":"https:\/\/pizbube.ch\/en\/wp-json\/wp\/v2\/types\/product"}],"wp:featuredmedia":[{"embeddable":true,"href":"https:\/\/pizbube.ch\/en\/wp-json\/wp\/v2\/media\/33734"}],"wp:attachment":[{"href":"https:\/\/pizbube.ch\/en\/wp-json\/wp\/v2\/media?parent=153407"}],"wp:term":[{"taxonomy":"product_brand","embeddable":true,"href":"https:\/\/pizbube.ch\/en\/wp-json\/wp\/v2\/product_brand?post=153407"},{"taxonomy":"product_cat","embeddable":true,"href":"https:\/\/pizbube.ch\/en\/wp-json\/wp\/v2\/product_cat?post=153407"},{"taxonomy":"product_tag","embeddable":true,"href":"https:\/\/pizbube.ch\/en\/wp-json\/wp\/v2\/product_tag?post=153407"}],"curies":[{"name":"wp","href":"https:\/\/api.w.org\/{rel}","templated":true}]}}