{"id":153408,"date":"2021-01-15T12:37:01","date_gmt":"2021-01-15T12:37:01","guid":{"rendered":"https:\/\/codengine3.ch\/?product=import-placeholder-for-202918"},"modified":"2021-01-15T12:52:27","modified_gmt":"2021-01-15T12:52:27","slug":"drum-pruefe-wer-ans-seil-sich-bindet","status":"publish","type":"product","link":"https:\/\/pizbube.ch\/en\/shop\/drum-pruefe-wer-ans-seil-sich-bindet\/","title":{"rendered":"Drum pr\u00fcfe wer ans Seil sich bindet"},"content":{"rendered":"<p>Die Zahl station\u00e4rer Ropes- Courses nimmt immer mehr zu. Das ist f\u00fcr die<br \/>\nBetreiber wie Nutzer in der Regel begr\u00fcssenswert, solange die physische und<br \/>\npsychische Sicherheit der Teilnehmer oberste Priorit\u00e4t hat. Dazu soll dieses<br \/>\nBuch seinen Teil beitragen.<br \/>\nEs schliesst zugleich eine L\u00fccke im deutschsprachigen Raum:<br \/>\nNeben dem Thema Sicherheit geht es um Reflexionsmodelle, Aufkl\u00e4rung und die<br \/>\nexemplarische Beschreibung von typischen Ropes- Course- Stationen. Im Anhang<br \/>\nbefinden sich wichtige Checklisten und Frageb\u00f6gen, welche helfen, die Arbeit<br \/>\nder Outdoor- Trainer zu verbessern. Einf\u00fchrung in die Arbeit mit station\u00e4ren<br \/>\nRopes-Courses. s\/w. Fotos, Zeichn., Tab.. 151 S..  <\/p>","protected":false},"excerpt":{"rendered":"<p>Die Zahl station\u00e4rer Ropes- Courses nimmt immer mehr zu. Das ist f\u00fcr die Betreiber wie Nutzer in der Regel begr\u00fcssenswert, solange die physische und psychische Sicherheit der Teilnehmer oberste Priorit\u00e4t hat. Dazu soll dieses Buch seinen Teil beitragen. Es schliesst zugleich eine L\u00fccke im deutschsprachigen Raum: Neben dem Thema Sicherheit geht es um Reflexionsmodelle, Aufkl\u00e4rung [&#8230;]\n","protected":false},"featured_media":30402,"template":"","meta":[],"product_brand":[],"product_cat":[21538],"product_tag":[],"class_list":{"0":"post-153408","1":"product","2":"type-product","3":"status-publish","4":"has-post-thumbnail","6":"product_cat-lehrbuecher","7":"pa_autor-michl","8":"pa_erscheinungsjahr-22144","9":"pa_region-alpin-sommer","10":"pa_sprache-de","12":"first","13":"instock","14":"taxable","15":"shipping-taxable","16":"purchasable","17":"product-type-simple"},"_links":{"self":[{"href":"https:\/\/pizbube.ch\/en\/wp-json\/wp\/v2\/product\/153408","targetHints":{"allow":["GET"]}}],"collection":[{"href":"https:\/\/pizbube.ch\/en\/wp-json\/wp\/v2\/product"}],"about":[{"href":"https:\/\/pizbube.ch\/en\/wp-json\/wp\/v2\/types\/product"}],"wp:featuredmedia":[{"embeddable":true,"href":"https:\/\/pizbube.ch\/en\/wp-json\/wp\/v2\/media\/30402"}],"wp:attachment":[{"href":"https:\/\/pizbube.ch\/en\/wp-json\/wp\/v2\/media?parent=153408"}],"wp:term":[{"taxonomy":"product_brand","embeddable":true,"href":"https:\/\/pizbube.ch\/en\/wp-json\/wp\/v2\/product_brand?post=153408"},{"taxonomy":"product_cat","embeddable":true,"href":"https:\/\/pizbube.ch\/en\/wp-json\/wp\/v2\/product_cat?post=153408"},{"taxonomy":"product_tag","embeddable":true,"href":"https:\/\/pizbube.ch\/en\/wp-json\/wp\/v2\/product_tag?post=153408"}],"curies":[{"name":"wp","href":"https:\/\/api.w.org\/{rel}","templated":true}]}}