{"id":153409,"date":"2021-01-15T12:37:01","date_gmt":"2021-01-15T12:37:01","guid":{"rendered":"https:\/\/codengine3.ch\/?product=import-placeholder-for-202920"},"modified":"2021-01-15T12:52:27","modified_gmt":"2021-01-15T12:52:27","slug":"outdoor-teamtrainings","status":"publish","type":"product","link":"https:\/\/pizbube.ch\/en\/shop\/outdoor-teamtrainings\/","title":{"rendered":"Outdoor- Teamtrainings"},"content":{"rendered":"<p>Von der Gruppe zum Hochleistungsteam. Theorien, Methoden und Ans\u00e4tze von<br \/>\nOutdoor-Trainings und der Teamentwicklung werden informativ und bildlich<br \/>\ndargestellt. Anhand erfolgreicher Outdoor- Teamtrainingskonzepte werden<br \/>\nM\u00f6glichkeiten und Ideen aufgezeigt, wie der Entwicklungsprozess von der Gruppe<br \/>\nzum Hochleistungsteam &#8211; unter Ber\u00fccksichtigung der Individualit\u00e4t und der<br \/>\nsystemischen Komplexit\u00e4t des einzelnen Teams &#8211; erfolgreich gestaltet werden<br \/>\nkann.<br \/>\n76 Fotos. 259 S.<\/p>","protected":false},"excerpt":{"rendered":"<p>Von der Gruppe zum Hochleistungsteam. Theorien, Methoden und Ans\u00e4tze von Outdoor-Trainings und der Teamentwicklung werden informativ und bildlich dargestellt. Anhand erfolgreicher Outdoor- Teamtrainingskonzepte werden M\u00f6glichkeiten und Ideen aufgezeigt, wie der Entwicklungsprozess von der Gruppe zum Hochleistungsteam &#8211; unter Ber\u00fccksichtigung der Individualit\u00e4t und der systemischen Komplexit\u00e4t des einzelnen Teams &#8211; erfolgreich gestaltet werden kann. 76 Fotos. [&#8230;]\n","protected":false},"featured_media":30403,"template":"","meta":[],"product_brand":[],"product_cat":[21538],"product_tag":[],"class_list":{"0":"post-153409","1":"product","2":"type-product","3":"status-publish","4":"has-post-thumbnail","6":"product_cat-lehrbuecher","7":"pa_autor-koenig","8":"pa_erscheinungsjahr-22144","9":"pa_region-orientierung-wetter-ausbildung","10":"pa_sprache-de","12":"first","13":"instock","14":"taxable","15":"shipping-taxable","16":"purchasable","17":"product-type-simple"},"_links":{"self":[{"href":"https:\/\/pizbube.ch\/en\/wp-json\/wp\/v2\/product\/153409","targetHints":{"allow":["GET"]}}],"collection":[{"href":"https:\/\/pizbube.ch\/en\/wp-json\/wp\/v2\/product"}],"about":[{"href":"https:\/\/pizbube.ch\/en\/wp-json\/wp\/v2\/types\/product"}],"wp:featuredmedia":[{"embeddable":true,"href":"https:\/\/pizbube.ch\/en\/wp-json\/wp\/v2\/media\/30403"}],"wp:attachment":[{"href":"https:\/\/pizbube.ch\/en\/wp-json\/wp\/v2\/media?parent=153409"}],"wp:term":[{"taxonomy":"product_brand","embeddable":true,"href":"https:\/\/pizbube.ch\/en\/wp-json\/wp\/v2\/product_brand?post=153409"},{"taxonomy":"product_cat","embeddable":true,"href":"https:\/\/pizbube.ch\/en\/wp-json\/wp\/v2\/product_cat?post=153409"},{"taxonomy":"product_tag","embeddable":true,"href":"https:\/\/pizbube.ch\/en\/wp-json\/wp\/v2\/product_tag?post=153409"}],"curies":[{"name":"wp","href":"https:\/\/api.w.org\/{rel}","templated":true}]}}