{"id":153417,"date":"2021-01-15T12:37:02","date_gmt":"2021-01-15T12:37:02","guid":{"rendered":"https:\/\/codengine3.ch\/?product=import-placeholder-for-203459"},"modified":"2021-01-15T14:23:30","modified_gmt":"2021-01-15T14:23:30","slug":"dosage-vol-2-dvd","status":"publish","type":"product","link":"https:\/\/pizbube.ch\/en\/shop\/dosage-vol-2-dvd\/","title":{"rendered":"dosage vol. 2 (DVD)"},"content":{"rendered":"<p>Dosage Vol.2 ist, wie schon Vol.1, eine pralle Packung der verschiedenen<br \/>\nSpielarten des zeitgen\u00f6ssischen Kletterns. Beim Deep Water Soloing auf<br \/>\nMallorca kann man sehr sch\u00f6n den Loskot mit dem Sharma Stil vergleichen und<br \/>\nberuhigt feststellen, da\u00df man nicht der Einzige ist, der bei dieser harmlosen<br \/>\nFunaktivit\u00e4t einen h\u00f6llen Schiss hat. Abgerundet mit bouldern in New York City<br \/>\nund vier Uhr nachts im Junitropischen So-Ill sind die sechs Dosage Vol.2 Dosen<br \/>\nn\u00e4mlich eine wunderbare Inspiration f\u00fcr eigene Unternehmungen! Wie bei Josh<br \/>\nLowell \u00fcblich, ist die Musik klasse und Schnitt und Produktion sehr wertig.<br \/>\nDVD<\/p>","protected":false},"excerpt":{"rendered":"<p>Dosage Vol.2 ist, wie schon Vol.1, eine pralle Packung der verschiedenen Spielarten des zeitgen\u00f6ssischen Kletterns. Beim Deep Water Soloing auf Mallorca kann man sehr sch\u00f6n den Loskot mit dem Sharma Stil vergleichen und beruhigt feststellen, da\u00df man nicht der Einzige ist, der bei dieser harmlosen Funaktivit\u00e4t einen h\u00f6llen Schiss hat. Abgerundet mit bouldern in New [&#8230;]\n","protected":false},"featured_media":31073,"template":"","meta":[],"product_brand":[],"product_cat":[21628],"product_tag":[],"class_list":{"0":"post-153417","1":"product","2":"type-product","3":"status-publish","4":"has-post-thumbnail","6":"product_cat-video-dvd-multimedia","7":"pa_autor-lowell","8":"pa_erscheinungsjahr-21920","9":"pa_region-amerika-nord","10":"pa_sprache-en","12":"first","13":"instock","14":"taxable","15":"shipping-taxable","16":"purchasable","17":"product-type-simple"},"_links":{"self":[{"href":"https:\/\/pizbube.ch\/en\/wp-json\/wp\/v2\/product\/153417","targetHints":{"allow":["GET"]}}],"collection":[{"href":"https:\/\/pizbube.ch\/en\/wp-json\/wp\/v2\/product"}],"about":[{"href":"https:\/\/pizbube.ch\/en\/wp-json\/wp\/v2\/types\/product"}],"wp:featuredmedia":[{"embeddable":true,"href":"https:\/\/pizbube.ch\/en\/wp-json\/wp\/v2\/media\/31073"}],"wp:attachment":[{"href":"https:\/\/pizbube.ch\/en\/wp-json\/wp\/v2\/media?parent=153417"}],"wp:term":[{"taxonomy":"product_brand","embeddable":true,"href":"https:\/\/pizbube.ch\/en\/wp-json\/wp\/v2\/product_brand?post=153417"},{"taxonomy":"product_cat","embeddable":true,"href":"https:\/\/pizbube.ch\/en\/wp-json\/wp\/v2\/product_cat?post=153417"},{"taxonomy":"product_tag","embeddable":true,"href":"https:\/\/pizbube.ch\/en\/wp-json\/wp\/v2\/product_tag?post=153417"}],"curies":[{"name":"wp","href":"https:\/\/api.w.org\/{rel}","templated":true}]}}