{"id":153418,"date":"2021-01-15T12:37:02","date_gmt":"2021-01-15T12:37:02","guid":{"rendered":"https:\/\/codengine3.ch\/?product=import-placeholder-for-205040"},"modified":"2021-01-15T14:38:13","modified_gmt":"2021-01-15T14:38:13","slug":"amundsen-bezwinger-beider-pole","status":"publish","type":"product","link":"https:\/\/pizbube.ch\/en\/shop\/amundsen-bezwinger-beider-pole\/","title":{"rendered":"Amundsen Bezwinger beider Pole"},"content":{"rendered":"<p>Dass Roald Amundsen in einem Rennen auf Leben und Tod als erster Mensch den<br \/>\nS\u00fcdpol erreichte, wei\u00df jedes Kind. Kaum bekannt ist hingegen, dass sein wahres<br \/>\nLebensziel der Nordpol war, den er wie ein Besessener wieder und wieder zu<br \/>\nerst\u00fcrmen versuchte und 1926 schlie\u00dflich in einem Zeppelin \u00fcberflog. Tor<br \/>\nBomann-Larsen erz\u00e4hlt die Geschichte des Mannes, der stets danach trachtete,<br \/>\nals erster Mensch den Fu\u00df in bis dahin unbekannte Weltgegenden zu setzen,<br \/>\nw\u00e4hrend er sein eigenes Leben in Nebel h\u00fcllte und &#8217;sein Hirn wie einen<br \/>\nBanktresor verschloss&#8216; (Lion Feuchtwanger). So blieb eine Frage bislang offen:<br \/>\nWer war Roald Amundsen wirklich? Der norwegische Journalist und Histo-riker<br \/>\nTor Bomann-Larsen erz\u00e4hlt das atemberaubende Leben einer Figur von antiker<br \/>\nWucht: Ohne falsche Ehrfurcht zeigt er die vielen Gesichter des gefei-erten<br \/>\nEntdeckers, der nicht nur Held und Idol, sondern auch ein kaltschn\u00e4uziger<br \/>\nL\u00fcgner, ein skrupelloser Gesch\u00e4fts- mann und nicht zuletzt ein brillanter<br \/>\nVermarkter seiner selbst war. Amundsen war ein rastloser, zuweilen erratischer<br \/>\nGetriebener, der sein Leben lang das Abenteuer suchte und dar\u00fcber schlie\u00dflich<br \/>\nzum Mythos wurde &#8211; als er 1928 bei dem Versuch, mit dem Flugzeug einen<br \/>\nKonkurrenten aus Seenot zu retten, spurlos verschwand.  <\/p>","protected":false},"excerpt":{"rendered":"<p>Dass Roald Amundsen in einem Rennen auf Leben und Tod als erster Mensch den S\u00fcdpol erreichte, wei\u00df jedes Kind. Kaum bekannt ist hingegen, dass sein wahres Lebensziel der Nordpol war, den er wie ein Besessener wieder und wieder zu erst\u00fcrmen versuchte und 1926 schlie\u00dflich in einem Zeppelin \u00fcberflog. Tor Bomann-Larsen erz\u00e4hlt die Geschichte des Mannes, [&#8230;]\n","protected":false},"featured_media":33629,"template":"","meta":[],"product_brand":[],"product_cat":[21542],"product_tag":[],"class_list":{"0":"post-153418","1":"product","2":"type-product","3":"status-publish","4":"has-post-thumbnail","6":"product_cat-sachbuecher-dokumentationen","7":"pa_autor-bomann-larsen","8":"pa_erscheinungsjahr-21842","9":"pa_region-arktis-antarktis-groenland-island","10":"pa_sprache-de","12":"first","13":"instock","14":"taxable","15":"shipping-taxable","16":"purchasable","17":"product-type-simple"},"_links":{"self":[{"href":"https:\/\/pizbube.ch\/en\/wp-json\/wp\/v2\/product\/153418","targetHints":{"allow":["GET"]}}],"collection":[{"href":"https:\/\/pizbube.ch\/en\/wp-json\/wp\/v2\/product"}],"about":[{"href":"https:\/\/pizbube.ch\/en\/wp-json\/wp\/v2\/types\/product"}],"wp:featuredmedia":[{"embeddable":true,"href":"https:\/\/pizbube.ch\/en\/wp-json\/wp\/v2\/media\/33629"}],"wp:attachment":[{"href":"https:\/\/pizbube.ch\/en\/wp-json\/wp\/v2\/media?parent=153418"}],"wp:term":[{"taxonomy":"product_brand","embeddable":true,"href":"https:\/\/pizbube.ch\/en\/wp-json\/wp\/v2\/product_brand?post=153418"},{"taxonomy":"product_cat","embeddable":true,"href":"https:\/\/pizbube.ch\/en\/wp-json\/wp\/v2\/product_cat?post=153418"},{"taxonomy":"product_tag","embeddable":true,"href":"https:\/\/pizbube.ch\/en\/wp-json\/wp\/v2\/product_tag?post=153418"}],"curies":[{"name":"wp","href":"https:\/\/api.w.org\/{rel}","templated":true}]}}