{"id":153419,"date":"2021-01-15T12:37:02","date_gmt":"2021-01-15T12:37:02","guid":{"rendered":"https:\/\/codengine3.ch\/?product=import-placeholder-for-202562"},"modified":"2026-04-02T14:17:07","modified_gmt":"2026-04-02T12:17:07","slug":"letzte-fahrt","status":"publish","type":"product","link":"https:\/\/pizbube.ch\/en\/shop\/letzte-fahrt\/","title":{"rendered":"Letzte Fahrt"},"content":{"rendered":"<p>Kapit\u00e4n Scotts Tagebuch. Trag\u00f6die am S\u00fcdpol. 1910-1912<\/p>\n<p>W\u00e4ren wir am Leben geblieben, ich h\u00e4tte eine Geschichte erz\u00e4hlen m\u00fcssen von<br \/>\nK\u00fchnheit, Ausdauer und vom Mut meiner Gef\u00e4hrten, die das Herz jedes Briten<br \/>\nger\u00fchrth\u00e4tte.c R.F. Scott Robert Falcon Scott ging als tragische Gestalt in<br \/>\ndie Geschichte der gro\u00dfen Entdecker ein: 35 Tage nach seinem norwegischen<br \/>\nKonkurrenten Roald Amundsen erreichte er am 16. Januar 1912 den S\u00fcdpol und<br \/>\nfand auf dem strapazi\u00f6sen R\u00fcckweg in die englische Heimat zusammen mit seinen<br \/>\nvier Kameraden in den eisigen Temperaturen der Antarktis den Tod.<\/p>\n<p>Der Nachwelt hinterlie\u00df er nur das Tagebuch, das er w\u00e4hrend der Expedition<br \/>\nf\u00fchrte. Im Gegensatz zu den Aufzeichnungen anderer Forschungsreisender ist<br \/>\ndieses Tagebuch weit mehr als das wissenschaftliche Dokument der einzelnen<br \/>\nEntdeckungen und Beobachtungen eines leidenschaftlichen Forschers. Es ist die<br \/>\ntragische und ber\u00fchrende Autobiographie eines Menschen, der angesichts von<br \/>\nEntt\u00e4uschung, Hunger und K\u00e4lte mit gro\u00dfem Mut und Willenskraft f\u00fcr sich und<br \/>\nseine Kameraden einsteht und sein Schicksal am Ende ohne Reue annehmen kann.<\/p>","protected":false},"excerpt":{"rendered":"<p>Kapit\u00e4n Scotts Tagebuch. Trag\u00f6die am S\u00fcdpol. 1910-1912 W\u00e4ren wir am Leben geblieben, ich h\u00e4tte eine Geschichte erz\u00e4hlen m\u00fcssen von K\u00fchnheit, Ausdauer und vom Mut meiner Gef\u00e4hrten, die das Herz jedes Briten ger\u00fchrth\u00e4tte.c R.F. Scott Robert Falcon Scott ging als tragische Gestalt in die Geschichte der gro\u00dfen Entdecker ein: 35 Tage nach seinem norwegischen Konkurrenten Roald [&#8230;]\n","protected":false},"featured_media":29965,"template":"","meta":[],"product_brand":[],"product_cat":[21542],"product_tag":[],"class_list":{"0":"post-153419","1":"product","2":"type-product","3":"status-publish","4":"has-post-thumbnail","6":"product_cat-sachbuecher-dokumentationen","7":"pa_autor-scott","8":"pa_erscheinungsjahr-21621","9":"pa_region-arktis-antarktis-groenland-island","10":"pa_sprache-de","12":"first","13":"instock","14":"taxable","15":"shipping-taxable","16":"purchasable","17":"product-type-simple"},"_links":{"self":[{"href":"https:\/\/pizbube.ch\/en\/wp-json\/wp\/v2\/product\/153419","targetHints":{"allow":["GET"]}}],"collection":[{"href":"https:\/\/pizbube.ch\/en\/wp-json\/wp\/v2\/product"}],"about":[{"href":"https:\/\/pizbube.ch\/en\/wp-json\/wp\/v2\/types\/product"}],"wp:featuredmedia":[{"embeddable":true,"href":"https:\/\/pizbube.ch\/en\/wp-json\/wp\/v2\/media\/29965"}],"wp:attachment":[{"href":"https:\/\/pizbube.ch\/en\/wp-json\/wp\/v2\/media?parent=153419"}],"wp:term":[{"taxonomy":"product_brand","embeddable":true,"href":"https:\/\/pizbube.ch\/en\/wp-json\/wp\/v2\/product_brand?post=153419"},{"taxonomy":"product_cat","embeddable":true,"href":"https:\/\/pizbube.ch\/en\/wp-json\/wp\/v2\/product_cat?post=153419"},{"taxonomy":"product_tag","embeddable":true,"href":"https:\/\/pizbube.ch\/en\/wp-json\/wp\/v2\/product_tag?post=153419"}],"curies":[{"name":"wp","href":"https:\/\/api.w.org\/{rel}","templated":true}]}}