{"id":153423,"date":"2021-01-15T12:37:03","date_gmt":"2021-01-15T12:37:03","guid":{"rendered":"https:\/\/codengine3.ch\/?product=import-placeholder-for-202896"},"modified":"2021-01-15T12:40:16","modified_gmt":"2021-01-15T12:40:16","slug":"gps-navigation","status":"publish","type":"product","link":"https:\/\/pizbube.ch\/en\/shop\/gps-navigation\/","title":{"rendered":"GPS Navigation"},"content":{"rendered":"<p>Grundlagen der Navigation. Wichtige Funktionen und Einsatzm\u00f6glichkeiten.<br \/>\nAnwendungsbeispiele und Risiken. GPS Routenplanung f\u00fcr Wanderer, Radfahrer und<br \/>\nBergsteiger. Wie funktioniert GPS? Was kann ein GPS-Empf\u00e4nger? Wer kann GPS<br \/>\nnutzen? F\u00fcr Wanderer, Bergsteiger und Radsportler geh\u00f6rt ein GPS-Ger\u00e4t schon<br \/>\nfast zur Grundausstattung. Dieses Buch erkl\u00e4rt in \u00fcbersichtlicher und gut<br \/>\nverst\u00e4ndlicher Weise die wichtigsten Funktionen und Anwendungsm\u00f6glichkeiten<br \/>\ndes GPS-Empf\u00e4ngers. Praktische Tipps f\u00fcr die erste Routenplanung sowie ein<br \/>\nGer\u00e4tevergleich und Internetadressen animieren zum Ausprobieren. Farb. Abb.,<br \/>\nFotos, Karten, Tab.. 95 S..<\/p>","protected":false},"excerpt":{"rendered":"<p>Grundlagen der Navigation. Wichtige Funktionen und Einsatzm\u00f6glichkeiten. Anwendungsbeispiele und Risiken. GPS Routenplanung f\u00fcr Wanderer, Radfahrer und Bergsteiger. Wie funktioniert GPS? Was kann ein GPS-Empf\u00e4nger? Wer kann GPS nutzen? F\u00fcr Wanderer, Bergsteiger und Radsportler geh\u00f6rt ein GPS-Ger\u00e4t schon fast zur Grundausstattung. Dieses Buch erkl\u00e4rt in \u00fcbersichtlicher und gut verst\u00e4ndlicher Weise die wichtigsten Funktionen und Anwendungsm\u00f6glichkeiten des [&#8230;]\n","protected":false},"featured_media":30370,"template":"","meta":[],"product_brand":[],"product_cat":[21538],"product_tag":[],"class_list":{"0":"post-153423","1":"product","2":"type-product","3":"status-publish","4":"has-post-thumbnail","6":"product_cat-lehrbuecher","7":"pa_autor-madian","8":"pa_erscheinungsjahr-22292","9":"pa_region-orientierung-wetter-ausbildung","10":"pa_sprache-de","12":"first","13":"instock","14":"taxable","15":"shipping-taxable","16":"purchasable","17":"product-type-simple"},"_links":{"self":[{"href":"https:\/\/pizbube.ch\/en\/wp-json\/wp\/v2\/product\/153423","targetHints":{"allow":["GET"]}}],"collection":[{"href":"https:\/\/pizbube.ch\/en\/wp-json\/wp\/v2\/product"}],"about":[{"href":"https:\/\/pizbube.ch\/en\/wp-json\/wp\/v2\/types\/product"}],"wp:featuredmedia":[{"embeddable":true,"href":"https:\/\/pizbube.ch\/en\/wp-json\/wp\/v2\/media\/30370"}],"wp:attachment":[{"href":"https:\/\/pizbube.ch\/en\/wp-json\/wp\/v2\/media?parent=153423"}],"wp:term":[{"taxonomy":"product_brand","embeddable":true,"href":"https:\/\/pizbube.ch\/en\/wp-json\/wp\/v2\/product_brand?post=153423"},{"taxonomy":"product_cat","embeddable":true,"href":"https:\/\/pizbube.ch\/en\/wp-json\/wp\/v2\/product_cat?post=153423"},{"taxonomy":"product_tag","embeddable":true,"href":"https:\/\/pizbube.ch\/en\/wp-json\/wp\/v2\/product_tag?post=153423"}],"curies":[{"name":"wp","href":"https:\/\/api.w.org\/{rel}","templated":true}]}}