{"id":153424,"date":"2021-01-15T12:37:03","date_gmt":"2021-01-15T12:37:03","guid":{"rendered":"https:\/\/codengine3.ch\/?product=import-placeholder-for-207591"},"modified":"2022-06-03T14:19:37","modified_gmt":"2022-06-03T12:19:37","slug":"walter-bonatti-mon-frere-de-coeur","status":"publish","type":"product","link":"https:\/\/pizbube.ch\/en\/shop\/walter-bonatti-mon-frere-de-coeur\/","title":{"rendered":"Walter Bonatti, mon fr\u00e8re de coeur"},"content":{"rendered":"<p>Reinhold Messner parle de Walter Bonatti et cr\u00e9e un parall\u00e8le entre leurs deux<br \/>\nparcours d&#8217;alpinistes.<br \/>\nLes deux plus grands alpinistes de l&#8217;histoire se retrouvent dans un livre<br \/>\n\u00e9mouvant.<\/p>\n<p>Walter Bonatti et Reinhold Messner sont consid\u00e9r\u00e9s comme deux des plus grands<br \/>\nalpinistes de l\u2019histoire. Bonatti, l\u2019a\u00een\u00e9, est mort en 2011 un an apr\u00e8s avoir<br \/>\nre\u00e7u le Piolet d\u2019Or pour l\u2019ensemble de sa carri\u00e8re. \u00c0 cette occasion, Messner<br \/>\net Bonatti s\u2019\u00e9taient retrouv\u00e9s<br \/>\n\u00e0 Courmayeur et \u00e0 Chamonix.<\/p>\n<p>Messner a alors compris \u00e0 quel point leurs deux parcours \u00e9taient en<br \/>\nr\u00e9sonnance.<br \/>\nDe leur enfance tr\u00e8s difficile, aux trahisons et \u00e0 la solitude qu\u2019elles<br \/>\nincitent, leurs vies d\u2019alpinistes semblent suivre une ligne parall\u00e8le, comme<br \/>\ncelle de deux fr\u00e8res de c\u0153ur, longtemps ignor\u00e9s et r\u00e9v\u00e9l\u00e9s au cr\u00e9puscule de<br \/>\nleur vie.<br \/>\nPour partager ce sentiment tr\u00e8s intime, Messner a choisi de revenir sur un<br \/>\ntemps fort de la vie de Bonatti, le drame du K2 et la trahison initiale qui a<br \/>\nd\u00e9termin\u00e9 pour bonne part la suite de son parcours. Messner raconte et les<br \/>\nfaits sont autant de passerelles avec son parcours personnel, passerelles<br \/>\nqu\u2019il franchit pour partir \u00e0 la rencontre de celui qui se r\u00e9v\u00e8le un fr\u00e8re de<br \/>\nc\u0153ur, Walter Bonatti.<\/p>\n<p>Ce livre, richement illustr\u00e9 de photos des deux alpinistes, est un t\u00e9moignage<br \/>\n\u00e9mouvant qui \u00e9claire le parcours de deux personnalit\u00e9s d\u2019exception.<\/p>","protected":false},"excerpt":{"rendered":"<p>Reinhold Messner parle de Walter Bonatti et cr\u00e9e un parall\u00e8le entre leurs deux parcours d&#8217;alpinistes. Les deux plus grands alpinistes de l&#8217;histoire se retrouvent dans un livre \u00e9mouvant. Walter Bonatti et Reinhold Messner sont consid\u00e9r\u00e9s comme deux des plus grands alpinistes de l\u2019histoire. Bonatti, l\u2019a\u00een\u00e9, est mort en 2011 un an apr\u00e8s avoir re\u00e7u le [&#8230;]\n","protected":false},"featured_media":37906,"template":"","meta":[],"product_brand":[],"product_cat":[21542],"product_tag":[],"class_list":{"0":"post-153424","1":"product","2":"type-product","3":"status-publish","4":"has-post-thumbnail","6":"product_cat-sachbuecher-dokumentationen","7":"pa_autor-messner-filippini","8":"pa_erscheinungsjahr-21550","9":"pa_region-frankreich","10":"pa_sprache-fr","12":"first","13":"outofstock","14":"taxable","15":"shipping-taxable","16":"purchasable","17":"product-type-simple"},"_links":{"self":[{"href":"https:\/\/pizbube.ch\/en\/wp-json\/wp\/v2\/product\/153424","targetHints":{"allow":["GET"]}}],"collection":[{"href":"https:\/\/pizbube.ch\/en\/wp-json\/wp\/v2\/product"}],"about":[{"href":"https:\/\/pizbube.ch\/en\/wp-json\/wp\/v2\/types\/product"}],"wp:featuredmedia":[{"embeddable":true,"href":"https:\/\/pizbube.ch\/en\/wp-json\/wp\/v2\/media\/37906"}],"wp:attachment":[{"href":"https:\/\/pizbube.ch\/en\/wp-json\/wp\/v2\/media?parent=153424"}],"wp:term":[{"taxonomy":"product_brand","embeddable":true,"href":"https:\/\/pizbube.ch\/en\/wp-json\/wp\/v2\/product_brand?post=153424"},{"taxonomy":"product_cat","embeddable":true,"href":"https:\/\/pizbube.ch\/en\/wp-json\/wp\/v2\/product_cat?post=153424"},{"taxonomy":"product_tag","embeddable":true,"href":"https:\/\/pizbube.ch\/en\/wp-json\/wp\/v2\/product_tag?post=153424"}],"curies":[{"name":"wp","href":"https:\/\/api.w.org\/{rel}","templated":true}]}}