{"id":153431,"date":"2021-01-15T12:37:04","date_gmt":"2021-01-15T12:37:04","guid":{"rendered":"https:\/\/codengine3.ch\/?product=import-placeholder-for-203064"},"modified":"2021-01-15T12:53:48","modified_gmt":"2021-01-15T12:53:48","slug":"piz-nr-27","status":"publish","type":"product","link":"https:\/\/pizbube.ch\/en\/shop\/piz-nr-27\/","title":{"rendered":"piz Nr. 27"},"content":{"rendered":"<p>Das Magazin f\u00fcr das Engadin und die B\u00fcndner S\u00fcdt\u00e4ler:<br \/>\nInhalt No. 27:<br \/>\nGrenzenlose Grenzen; Drinnen und Dr\u00fcben arbeiten; zu verkaufen: Zollhaus<\/p>","protected":false},"excerpt":{"rendered":"<p>Das Magazin f\u00fcr das Engadin und die B\u00fcndner S\u00fcdt\u00e4ler: Inhalt No. 27: Grenzenlose Grenzen; Drinnen und Dr\u00fcben arbeiten; zu verkaufen: Zollhaus<\/p>","protected":false},"featured_media":30579,"template":"","meta":[],"product_brand":[],"product_cat":[21541],"product_tag":[],"class_list":{"0":"post-153431","1":"product","2":"type-product","3":"status-publish","4":"has-post-thumbnail","6":"product_cat-zeitschriften","7":"pa_erscheinungsjahr-22292","8":"pa_region-schweiz","9":"pa_sprache-de","11":"first","12":"outofstock","13":"taxable","14":"shipping-taxable","15":"purchasable","16":"product-type-simple"},"_links":{"self":[{"href":"https:\/\/pizbube.ch\/en\/wp-json\/wp\/v2\/product\/153431","targetHints":{"allow":["GET"]}}],"collection":[{"href":"https:\/\/pizbube.ch\/en\/wp-json\/wp\/v2\/product"}],"about":[{"href":"https:\/\/pizbube.ch\/en\/wp-json\/wp\/v2\/types\/product"}],"wp:featuredmedia":[{"embeddable":true,"href":"https:\/\/pizbube.ch\/en\/wp-json\/wp\/v2\/media\/30579"}],"wp:attachment":[{"href":"https:\/\/pizbube.ch\/en\/wp-json\/wp\/v2\/media?parent=153431"}],"wp:term":[{"taxonomy":"product_brand","embeddable":true,"href":"https:\/\/pizbube.ch\/en\/wp-json\/wp\/v2\/product_brand?post=153431"},{"taxonomy":"product_cat","embeddable":true,"href":"https:\/\/pizbube.ch\/en\/wp-json\/wp\/v2\/product_cat?post=153431"},{"taxonomy":"product_tag","embeddable":true,"href":"https:\/\/pizbube.ch\/en\/wp-json\/wp\/v2\/product_tag?post=153431"}],"curies":[{"name":"wp","href":"https:\/\/api.w.org\/{rel}","templated":true}]}}