{"id":153433,"date":"2021-01-15T12:37:09","date_gmt":"2021-01-15T12:37:09","guid":{"rendered":"https:\/\/codengine3.ch\/?product=import-placeholder-for-202540"},"modified":"2021-01-15T12:37:12","modified_gmt":"2021-01-15T12:37:12","slug":"la-mort-suspendue","status":"publish","type":"product","link":"https:\/\/pizbube.ch\/en\/shop\/la-mort-suspendue\/","title":{"rendered":"La mort suspendue"},"content":{"rendered":"<p>Joe Simpson et Simon Yates, deux jeunes alpinistes britanniques, tentent la<br \/>\npremi\u00e8re et ambitieuse ascension de la face ouest du Siula Grande dans les<br \/>\nAndes du P\u00e9rou.<br \/>\nIls atteignent le sommet, mais c&#8217;est \u00e0 la descente que se produit le drame.<br \/>\nDans la temp\u00eate, Joe tombe \u00e0 travers une corniche de neige et se blesse<br \/>\ngravement \u00e0 la jambe. A 6000 m\u00e8tres, sur cette montagne isol\u00e9e du monde, il<br \/>\nn&#8217;a aucune chance de s&#8217;en sortir. Il le sent. Et Simon sait qu&#8217;en voulant<br \/>\nporter secours \u00e0 son compagnon, il n&#8217;en r\u00e9chappera pas non plus.  <\/p>","protected":false},"excerpt":{"rendered":"<p>Joe Simpson et Simon Yates, deux jeunes alpinistes britanniques, tentent la premi\u00e8re et ambitieuse ascension de la face ouest du Siula Grande dans les Andes du P\u00e9rou. Ils atteignent le sommet, mais c&#8217;est \u00e0 la descente que se produit le drame. Dans la temp\u00eate, Joe tombe \u00e0 travers une corniche de neige et se blesse [&#8230;]\n","protected":false},"featured_media":29940,"template":"","meta":[],"product_brand":[],"product_cat":[21629],"product_tag":[],"class_list":{"0":"post-153433","1":"product","2":"type-product","3":"status-publish","4":"has-post-thumbnail","6":"product_cat-belletristik","7":"pa_autor-simpson","8":"pa_erscheinungsjahr-21920","9":"pa_region-amerika-sued","10":"pa_sprache-fr","12":"first","13":"instock","14":"taxable","15":"shipping-taxable","16":"purchasable","17":"product-type-simple"},"_links":{"self":[{"href":"https:\/\/pizbube.ch\/en\/wp-json\/wp\/v2\/product\/153433","targetHints":{"allow":["GET"]}}],"collection":[{"href":"https:\/\/pizbube.ch\/en\/wp-json\/wp\/v2\/product"}],"about":[{"href":"https:\/\/pizbube.ch\/en\/wp-json\/wp\/v2\/types\/product"}],"wp:featuredmedia":[{"embeddable":true,"href":"https:\/\/pizbube.ch\/en\/wp-json\/wp\/v2\/media\/29940"}],"wp:attachment":[{"href":"https:\/\/pizbube.ch\/en\/wp-json\/wp\/v2\/media?parent=153433"}],"wp:term":[{"taxonomy":"product_brand","embeddable":true,"href":"https:\/\/pizbube.ch\/en\/wp-json\/wp\/v2\/product_brand?post=153433"},{"taxonomy":"product_cat","embeddable":true,"href":"https:\/\/pizbube.ch\/en\/wp-json\/wp\/v2\/product_cat?post=153433"},{"taxonomy":"product_tag","embeddable":true,"href":"https:\/\/pizbube.ch\/en\/wp-json\/wp\/v2\/product_tag?post=153433"}],"curies":[{"name":"wp","href":"https:\/\/api.w.org\/{rel}","templated":true}]}}