{"id":153435,"date":"2021-01-15T12:37:09","date_gmt":"2021-01-15T12:37:09","guid":{"rendered":"https:\/\/codengine3.ch\/?product=import-placeholder-for-206068"},"modified":"2021-01-15T14:46:07","modified_gmt":"2021-01-15T14:46:07","slug":"berge-versetzen-2","status":"publish","type":"product","link":"https:\/\/pizbube.ch\/en\/shop\/berge-versetzen-2\/","title":{"rendered":"Berge versetzen"},"content":{"rendered":"<p>Parallel zur Ausstellung ihrer Fotografien (Photo Edition Berlin) zeigt die<br \/>\nK\u00fcnstlerin Malerei und Video unter dem Titel &#8218;Berge versetzen&#8216; ebenfalls in<br \/>\nBerlin, Haus am L\u00fctzowplatz. Mit der dieser Serie bewegt sich Eli\u0161ka Bartek<br \/>\nauf den Spuren des Schweizer Malers Ferdinand Hodler und hat sich mit den<br \/>\nAlpen des Berner Oberlandes auseinandergesetzt: unter freiem Himmel, mit<br \/>\nStaffelei und Pinsel, &#8218;um die Berge zu sp\u00fcren, zu riechen und ihre Gewalt zu<br \/>\nempfinden&#8216;, so sagt Eli\u0161ka Bartek selbst.<br \/>\nMit der neuen Werkserie bewegt sich Eli\u0161ka Bartek auf den Spuren von Ferdinand<br \/>\nHodler und hat sich malerisch mit den Alpen des Berner Oberlandes<br \/>\nauseinandergesetzt.<br \/>\n120 Seiten mit 80 Abbildungen<br \/>\nTexte in deutsch \/ englisch  <\/p>","protected":false},"excerpt":{"rendered":"<p>Parallel zur Ausstellung ihrer Fotografien (Photo Edition Berlin) zeigt die K\u00fcnstlerin Malerei und Video unter dem Titel &#8218;Berge versetzen&#8216; ebenfalls in Berlin, Haus am L\u00fctzowplatz. Mit der dieser Serie bewegt sich Eli\u0161ka Bartek auf den Spuren des Schweizer Malers Ferdinand Hodler und hat sich mit den Alpen des Berner Oberlandes auseinandergesetzt: unter freiem Himmel, mit [&#8230;]\n","protected":false},"featured_media":34966,"template":"","meta":[],"product_brand":[],"product_cat":[21580],"product_tag":[],"class_list":{"0":"post-153435","1":"product","2":"type-product","3":"status-publish","4":"has-post-thumbnail","6":"product_cat-kunst-kultur","7":"pa_autor-bartek","8":"pa_erscheinungsjahr-21830","9":"pa_region-deutschland","10":"pa_sprache-d","11":"pa_sprache-e","13":"first","14":"instock","15":"taxable","16":"shipping-taxable","17":"purchasable","18":"product-type-simple"},"_links":{"self":[{"href":"https:\/\/pizbube.ch\/en\/wp-json\/wp\/v2\/product\/153435","targetHints":{"allow":["GET"]}}],"collection":[{"href":"https:\/\/pizbube.ch\/en\/wp-json\/wp\/v2\/product"}],"about":[{"href":"https:\/\/pizbube.ch\/en\/wp-json\/wp\/v2\/types\/product"}],"wp:featuredmedia":[{"embeddable":true,"href":"https:\/\/pizbube.ch\/en\/wp-json\/wp\/v2\/media\/34966"}],"wp:attachment":[{"href":"https:\/\/pizbube.ch\/en\/wp-json\/wp\/v2\/media?parent=153435"}],"wp:term":[{"taxonomy":"product_brand","embeddable":true,"href":"https:\/\/pizbube.ch\/en\/wp-json\/wp\/v2\/product_brand?post=153435"},{"taxonomy":"product_cat","embeddable":true,"href":"https:\/\/pizbube.ch\/en\/wp-json\/wp\/v2\/product_cat?post=153435"},{"taxonomy":"product_tag","embeddable":true,"href":"https:\/\/pizbube.ch\/en\/wp-json\/wp\/v2\/product_tag?post=153435"}],"curies":[{"name":"wp","href":"https:\/\/api.w.org\/{rel}","templated":true}]}}