{"id":153437,"date":"2021-01-15T12:37:10","date_gmt":"2021-01-15T12:37:10","guid":{"rendered":"https:\/\/codengine3.ch\/?product=import-placeholder-for-205319"},"modified":"2024-09-07T14:33:23","modified_gmt":"2024-09-07T12:33:23","slug":"wandern-an-sagenhaften-suonen","status":"publish","type":"product","link":"https:\/\/pizbube.ch\/en\/shop\/wandern-an-sagenhaften-suonen\/","title":{"rendered":"Wandern an sagenhaften Suonen"},"content":{"rendered":"<p>Wandern an k\u00fchlen Wassern<\/p>\n<p>Suonen, so werden die Bew\u00e4sserungskan\u00e4le im Wallis genannt. Sie f\u00fchren das im<br \/>\ntrockenen Schweizer Kanton dringend ben\u00f6tigte Wasser durch Gr\u00e4ben und<br \/>\nLeitungen auf die Weiden, in die Weinberge und \u00fcberall dorthin, wo es ben\u00f6tigt<br \/>\nwird. Auf ihrem Weg m\u00fcssen die Suonen oft grosse Hindernisse wie Felsw\u00e4nde<br \/>\noder Ger\u00f6llhalden \u00fcberwinden. Das macht sie zu diesen einzigartigen Beweisen<br \/>\nf\u00fcr die K\u00fchnheit ihrer Erbauer und f\u00fcr die Gr\u00f6sse der herrschenden Wassernot.<\/p>\n<p>Suonen sind aber nicht nur Lebensquell f\u00fcr die Walliser Bergd\u00f6rfer, sondern<br \/>\nsind auch als Wanderwege sehr sch\u00f6n und einmalig. Diese H\u00fcterpfade f\u00fcr die<br \/>\nSuonenw\u00e4chter garantieren romantische und spannende Wandererlebnisse. Der<br \/>\nWanderf\u00fchrer bringt dem Leser und Wanderer die Einzigartigkeit dieser uralten<br \/>\nBauwerke und der Walliser Kultur etwas n\u00e4her.<\/p>\n<p>Geschichte, Wandertipps\u00a0, 47 Beschreibungen, Sagen<br \/>\n248 Seiten, 120 x 297 mm<\/p>\n<p>7. \u00fcberarbeitete Auflg. 2021<\/p>","protected":false},"excerpt":{"rendered":"<p>Wandern an k\u00fchlen Wassern Suonen, so werden die Bew\u00e4sserungskan\u00e4le im Wallis genannt. Sie f\u00fchren das im trockenen Schweizer Kanton dringend ben\u00f6tigte Wasser durch Gr\u00e4ben und Leitungen auf die Weiden, in die Weinberge und \u00fcberall dorthin, wo es ben\u00f6tigt wird. Auf ihrem Weg m\u00fcssen die Suonen oft grosse Hindernisse wie Felsw\u00e4nde oder Ger\u00f6llhalden \u00fcberwinden. Das macht [&#8230;]\n","protected":false},"featured_media":157067,"template":"","meta":[],"product_brand":[],"product_cat":[21605],"product_tag":[],"class_list":{"0":"post-153437","1":"product","2":"type-product","3":"status-publish","4":"has-post-thumbnail","6":"product_cat-wanderfuehrer-trekking","7":"pa_autor-gerber","8":"pa_erscheinungsjahr-25440","9":"pa_region-schweiz","10":"pa_sprache-de","12":"first","13":"instock","14":"taxable","15":"shipping-taxable","16":"purchasable","17":"product-type-simple"},"_links":{"self":[{"href":"https:\/\/pizbube.ch\/en\/wp-json\/wp\/v2\/product\/153437","targetHints":{"allow":["GET"]}}],"collection":[{"href":"https:\/\/pizbube.ch\/en\/wp-json\/wp\/v2\/product"}],"about":[{"href":"https:\/\/pizbube.ch\/en\/wp-json\/wp\/v2\/types\/product"}],"wp:featuredmedia":[{"embeddable":true,"href":"https:\/\/pizbube.ch\/en\/wp-json\/wp\/v2\/media\/157067"}],"wp:attachment":[{"href":"https:\/\/pizbube.ch\/en\/wp-json\/wp\/v2\/media?parent=153437"}],"wp:term":[{"taxonomy":"product_brand","embeddable":true,"href":"https:\/\/pizbube.ch\/en\/wp-json\/wp\/v2\/product_brand?post=153437"},{"taxonomy":"product_cat","embeddable":true,"href":"https:\/\/pizbube.ch\/en\/wp-json\/wp\/v2\/product_cat?post=153437"},{"taxonomy":"product_tag","embeddable":true,"href":"https:\/\/pizbube.ch\/en\/wp-json\/wp\/v2\/product_tag?post=153437"}],"curies":[{"name":"wp","href":"https:\/\/api.w.org\/{rel}","templated":true}]}}