{"id":153438,"date":"2021-01-15T12:37:10","date_gmt":"2021-01-15T12:37:10","guid":{"rendered":"https:\/\/codengine3.ch\/?product=import-placeholder-for-205588"},"modified":"2021-08-03T08:47:36","modified_gmt":"2021-08-03T06:47:36","slug":"by-19-chiemgauer-alpen-ost-sonntagshorn-1-25-000","status":"publish","type":"product","link":"https:\/\/pizbube.ch\/en\/shop\/by-19-chiemgauer-alpen-ost-sonntagshorn-1-25-000\/","title":{"rendered":"BY 19 Chiemgauer Alpen Ost Sonntagshorn 1: 25 000"},"content":{"rendered":"<p>BY19 Chiemgauer Alpen Ost, Sonntagshorn<\/p>\n<p>mit Wegmarkierungen und Skirouten<br \/>\nUTM-Gitter, 2020<\/p>\n<p><span class=\"value\"><span class=\"expandableText\"><span class=\"intro\">Topographische Karte 1:25.000, mehrfarbig, mit Wegmarkierungen, Skirouten, Schneeschuhrouten, Schummerung, UTM-Gitter. Gebiet: \u00d6stliche Chiemgauer Alpen von Ruhpolding im Westen bis Bad Reichenhall im Osten, von der A8 im Norden bis Unken im S\u00fcden. Mit Rauschberg, Predigtstuhl, Sonntagshorn, Teisenberg, Hochstaufen.Karte in Kunststoffh\u00fclle (Polypropylen) eingesteckt.<\/span><\/span><\/span><\/p>","protected":false},"excerpt":{"rendered":"<p>BY19 Chiemgauer Alpen Ost, Sonntagshorn mit Wegmarkierungen und Skirouten UTM-Gitter, 2020 Topographische Karte 1:25.000, mehrfarbig, mit Wegmarkierungen, Skirouten, Schneeschuhrouten, Schummerung, UTM-Gitter. Gebiet: \u00d6stliche Chiemgauer Alpen von Ruhpolding im Westen bis Bad Reichenhall im Osten, von der A8 im Norden bis Unken im S\u00fcden. Mit Rauschberg, Predigtstuhl, Sonntagshorn, Teisenberg, Hochstaufen.Karte in Kunststoffh\u00fclle (Polypropylen) eingesteckt.<\/p>","protected":false},"featured_media":34358,"template":"","meta":[],"product_brand":[],"product_cat":[21543],"product_tag":[],"class_list":{"0":"post-153438","1":"product","2":"type-product","3":"status-publish","4":"has-post-thumbnail","6":"product_cat-landkarten","7":"pa_autor-dav","8":"pa_region-deutschland","9":"pa_sprache-de","11":"first","12":"instock","13":"taxable","14":"shipping-taxable","15":"purchasable","16":"product-type-simple"},"_links":{"self":[{"href":"https:\/\/pizbube.ch\/en\/wp-json\/wp\/v2\/product\/153438","targetHints":{"allow":["GET"]}}],"collection":[{"href":"https:\/\/pizbube.ch\/en\/wp-json\/wp\/v2\/product"}],"about":[{"href":"https:\/\/pizbube.ch\/en\/wp-json\/wp\/v2\/types\/product"}],"wp:featuredmedia":[{"embeddable":true,"href":"https:\/\/pizbube.ch\/en\/wp-json\/wp\/v2\/media\/34358"}],"wp:attachment":[{"href":"https:\/\/pizbube.ch\/en\/wp-json\/wp\/v2\/media?parent=153438"}],"wp:term":[{"taxonomy":"product_brand","embeddable":true,"href":"https:\/\/pizbube.ch\/en\/wp-json\/wp\/v2\/product_brand?post=153438"},{"taxonomy":"product_cat","embeddable":true,"href":"https:\/\/pizbube.ch\/en\/wp-json\/wp\/v2\/product_cat?post=153438"},{"taxonomy":"product_tag","embeddable":true,"href":"https:\/\/pizbube.ch\/en\/wp-json\/wp\/v2\/product_tag?post=153438"}],"curies":[{"name":"wp","href":"https:\/\/api.w.org\/{rel}","templated":true}]}}