{"id":153439,"date":"2021-01-15T12:37:10","date_gmt":"2021-01-15T12:37:10","guid":{"rendered":"https:\/\/codengine3.ch\/?product=import-placeholder-for-206940"},"modified":"2021-08-03T08:48:34","modified_gmt":"2021-08-03T06:48:34","slug":"chiemgauer-alpen-west-hochries-geigelstein-blatt-by-17","status":"publish","type":"product","link":"https:\/\/pizbube.ch\/en\/shop\/chiemgauer-alpen-west-hochries-geigelstein-blatt-by-17\/","title":{"rendered":"Chiemgauer Alpen West, Hochries, Geigelstein (Blatt BY 17)"},"content":{"rendered":"<p>mit Wegmarkierungen und Skirouten<br \/>\nUTM-Gitter, 2020<\/p>\n<p>Diese Karten sind das Ergebnis einer Kooperation des Deutschen Alpenvereins<br \/>\nund des Landesamtes f\u00fcr Vermessung und Geoinformation Bayern. Auf Basis der<br \/>\ntopografischen Karten des Landesamtes wurden ausgew\u00e4hlte Blattschnitte von der<br \/>\nKartografie des Deutschen Alpenvereins v\u00f6llig \u00fcberarbeitet. Das Ergebnis ist<br \/>\ndas wohl qualitativ beste Kartenwerk f\u00fcr Outdoorunternehmungen in den<br \/>\nBayerischen Bergen.<\/p>\n<p><span class=\"value\">Topographische Karte 1:25.000, mehrfarbig, mit Wegmarkierungen, Skirouten, Schneeschuhrouten, Schummerung, UTM-Gitter. Gebiet: Westliche Chiemgauer Alpen, enth\u00e4lt die Ortschaften Nussdorf am Inn, Frasdorf, Aschau im Chiemgau, K\u00f6ssen und die Bergsteigerd\u00f6rfer Sachrang und Schleching. Mit Kampenwand, Geigelstein, Hochries.Mit allgemeinen Informationen f\u00fcr Sommer- und Winterbergsteiger auf der Kartenr\u00fcckseite.Karte in Kunststoffh\u00fclle (Polypropylen) eingesteckt.<\/span><\/p>","protected":false},"excerpt":{"rendered":"<p>mit Wegmarkierungen und Skirouten UTM-Gitter, 2020 Diese Karten sind das Ergebnis einer Kooperation des Deutschen Alpenvereins und des Landesamtes f\u00fcr Vermessung und Geoinformation Bayern. Auf Basis der topografischen Karten des Landesamtes wurden ausgew\u00e4hlte Blattschnitte von der Kartografie des Deutschen Alpenvereins v\u00f6llig \u00fcberarbeitet. Das Ergebnis ist das wohl qualitativ beste Kartenwerk f\u00fcr Outdoorunternehmungen in den Bayerischen [&#8230;]\n","protected":false},"featured_media":36484,"template":"","meta":[],"product_brand":[],"product_cat":[21543],"product_tag":[],"class_list":{"0":"post-153439","1":"product","2":"type-product","3":"status-publish","4":"has-post-thumbnail","6":"product_cat-landkarten","7":"pa_autor-dav","8":"pa_erscheinungsjahr-21558","9":"pa_region-deutschland","10":"pa_sprache-de","12":"first","13":"instock","14":"taxable","15":"shipping-taxable","16":"purchasable","17":"product-type-simple"},"_links":{"self":[{"href":"https:\/\/pizbube.ch\/en\/wp-json\/wp\/v2\/product\/153439","targetHints":{"allow":["GET"]}}],"collection":[{"href":"https:\/\/pizbube.ch\/en\/wp-json\/wp\/v2\/product"}],"about":[{"href":"https:\/\/pizbube.ch\/en\/wp-json\/wp\/v2\/types\/product"}],"wp:featuredmedia":[{"embeddable":true,"href":"https:\/\/pizbube.ch\/en\/wp-json\/wp\/v2\/media\/36484"}],"wp:attachment":[{"href":"https:\/\/pizbube.ch\/en\/wp-json\/wp\/v2\/media?parent=153439"}],"wp:term":[{"taxonomy":"product_brand","embeddable":true,"href":"https:\/\/pizbube.ch\/en\/wp-json\/wp\/v2\/product_brand?post=153439"},{"taxonomy":"product_cat","embeddable":true,"href":"https:\/\/pizbube.ch\/en\/wp-json\/wp\/v2\/product_cat?post=153439"},{"taxonomy":"product_tag","embeddable":true,"href":"https:\/\/pizbube.ch\/en\/wp-json\/wp\/v2\/product_tag?post=153439"}],"curies":[{"name":"wp","href":"https:\/\/api.w.org\/{rel}","templated":true}]}}