{"id":153440,"date":"2021-01-15T12:37:10","date_gmt":"2021-01-15T12:37:10","guid":{"rendered":"https:\/\/codengine3.ch\/?product=import-placeholder-for-202546"},"modified":"2023-03-15T15:43:17","modified_gmt":"2023-03-15T14:43:17","slug":"kitzbueheler-alpen-tuxer-und-zillertaler-alpen","status":"publish","type":"product","link":"https:\/\/pizbube.ch\/en\/shop\/kitzbueheler-alpen-tuxer-und-zillertaler-alpen\/","title":{"rendered":"Kitzb\u00fcheler Alpen, Tuxer und Zillertaler Alpen"},"content":{"rendered":"<p>Mit Tuxer und Zillertaler Alpen.<\/p>\n<p>Die Kitzb\u00fcheler und die Tuxer Alpen mit ihren besonders skifreundlich<br \/>\ngeformten Schieferbergen sind eine Landschaft mit gro\u00dfartigen M\u00f6glichkeiten<br \/>\nf\u00fcr genussvolle Skitouren. Das Tourengel\u00e4nde der Kitzb\u00fcheler Alpen bietet<br \/>\nvielfach bis in die Gipfelregion herrliche Almwiesen, f\u00fcr Einsteiger wie<br \/>\ngeschaffen. F\u00fcr Genie\u00dfer besonders interessant sind die Tuxer Alpen, die<br \/>\nvielfach schon eine Nummer h\u00f6her und anspruchsvoller sind. Die Zillertaler<br \/>\nAlpen geben in dieser Hinsicht noch eins drauf: Dort gibt es schon rassige,<br \/>\nhochalpine Skitourenziele f\u00fcrs Fr\u00fchjahr &#8211; gewisserma\u00dfen das Salz in der Suppe<br \/>\ndieses Tourenmen\u00fcs, das reizvolle Steigerungsm\u00f6glichkeiten f\u00fcr schon erfahrene<br \/>\nSkibergsteiger aufzeigt.<\/p>\n<p>Sepp Brandl und Gerhard Hirtlreiter sind profunde Kenner der Tiroler Berge und<br \/>\nin allen Jahreszeiten dort unterwegs. In diesem F\u00fchrer pr\u00e4sentieren sie 50<br \/>\nlohnende Skitouren, die alle auf ihre Art begeistern, gern besuchte Klassiker<br \/>\nebenso wie einsame \u00bbGeheimtipps\u00ab. Bei der Auswahl der Touren haben die Autoren<br \/>\ndarauf geachtet, f\u00fcr unterschiedliche Vorlieben sowie Wetter- und Lawinenlagen<br \/>\npassende Ziele anzubieten. So finden sich f\u00fcr fast jeden Geschmack und fast<br \/>\njede Situation geeignete Touren: von flachen Alm-\u00bbMugeln\u00ab in der Wildsch\u00f6nau<br \/>\nbis zu vergletscherten Dreitausendern in den Zillertaler Alpen.<\/p>\n<p>Genaue Anstiegsbeschreibungen, Tourenk\u00e4rtchen mit eingetragenem Routenverlauf<br \/>\nsowie Tourensteckbriefe mit Hinweisen zu Talorten und Ausgangspunkten,<br \/>\nH\u00f6henunterschieden und Gehzeiten, Anforderungen, Lawinengef\u00e4hrdung und<br \/>\nHangausrichtung, g\u00fcnstiger Jahreszeit, Varianten und Einkehrm\u00f6glichkeiten<br \/>\nerleichtern die Auswahl und Planung der Touren sowie die Orientierung am Berg.<br \/>\nDieser Skitourenf\u00fchrer enth\u00e4lt zudem Tipps f\u00fcr sicheres und naturvertr\u00e4gliches<br \/>\nVerhalten beim Tourengehen. Auch die Anreisem\u00f6glichkeiten mit Bahn und Bus<br \/>\nsind, sofern vorhanden, aufgef\u00fchrt.<\/p>\n<p>50 Skitouren, 60 farb. Abb., 50 Tourenk\u00e4rtchen 1 : 50 000<br \/>\n4. \u00fcberarbeitete Auflage 2019<\/p>","protected":false},"excerpt":{"rendered":"<ul>\n<li><a href=\"https:\/\/pizbube.ch\/wp-content\/uploads\/attachments\/a_015\/5A79BCA8E862C14BB60CD1D61B5F7B60.pdf\" target=\"_blank\" rel=\"noopener\">PDF: kitzb\u00fcheler_inhaltsverzeichnis.pdf<\/a><\/li>\n<\/ul>","protected":false},"featured_media":166654,"template":"","meta":[],"product_brand":[],"product_cat":[21540],"product_tag":[],"class_list":{"0":"post-153440","1":"product","2":"type-product","3":"status-publish","4":"has-post-thumbnail","6":"product_cat-fuehrerliteratur-alpin-winter","7":"pa_autor-brandl-hirtlreiter","8":"pa_erscheinungsjahr-21586","9":"pa_region-oesterreich","10":"pa_sprache-de","12":"first","13":"instock","14":"taxable","15":"shipping-taxable","16":"purchasable","17":"product-type-simple"},"_links":{"self":[{"href":"https:\/\/pizbube.ch\/en\/wp-json\/wp\/v2\/product\/153440","targetHints":{"allow":["GET"]}}],"collection":[{"href":"https:\/\/pizbube.ch\/en\/wp-json\/wp\/v2\/product"}],"about":[{"href":"https:\/\/pizbube.ch\/en\/wp-json\/wp\/v2\/types\/product"}],"wp:featuredmedia":[{"embeddable":true,"href":"https:\/\/pizbube.ch\/en\/wp-json\/wp\/v2\/media\/166654"}],"wp:attachment":[{"href":"https:\/\/pizbube.ch\/en\/wp-json\/wp\/v2\/media?parent=153440"}],"wp:term":[{"taxonomy":"product_brand","embeddable":true,"href":"https:\/\/pizbube.ch\/en\/wp-json\/wp\/v2\/product_brand?post=153440"},{"taxonomy":"product_cat","embeddable":true,"href":"https:\/\/pizbube.ch\/en\/wp-json\/wp\/v2\/product_cat?post=153440"},{"taxonomy":"product_tag","embeddable":true,"href":"https:\/\/pizbube.ch\/en\/wp-json\/wp\/v2\/product_tag?post=153440"}],"curies":[{"name":"wp","href":"https:\/\/api.w.org\/{rel}","templated":true}]}}