{"id":153441,"date":"2021-01-15T12:37:10","date_gmt":"2021-01-15T12:37:10","guid":{"rendered":"https:\/\/codengine3.ch\/?product=import-placeholder-for-203599"},"modified":"2024-11-20T09:19:13","modified_gmt":"2024-11-20T08:19:13","slug":"kitzbueheler-alpen-150-000","status":"publish","type":"product","link":"https:\/\/pizbube.ch\/en\/shop\/kitzbueheler-alpen-150-000\/","title":{"rendered":"Kitzb\u00fcheler Alpen 1:50 000"},"content":{"rendered":"<p>WK 29;<br \/>\nAlpine Skirouten, Radwanderwege. Beiheft 47 S. In Plastikh\u00fclle.<br \/>\n5in1 Wanderkarte &#8211; mit Aktiv Guide, Karten; mit Download-M\u00f6glichkeit Kompass- App<\/p>\n<p>KOMPASS-Wanderkarten enthalten alles Wissenswerte f\u00fcr Wanderer wie aktuelle Wanderwege mit Markierungen, empfehlenswerte Radrouten und wichtige touristische Informationen. Der topographische Inhalt wird bei aller Detailgenauigkeit leicht lesbar und anschaulich dargestellt.<\/p>\n<p>Ein \u00fcbersichtlich gestaltetes Beiheft mit zahlreichen Farbfotos informiert \u00fcber Orte und Schutzh\u00fctten sowie empfehlenswerte Touren, Sehensw\u00fcrdigkeiten und Freizeiteinrichtungen. Die KOMPASS Wanderkarten \u00fcberzeugen durch . eine GPS- genaue und aktuelle Karte zur einfachen Orientierung . den beigelegten Kurzf\u00fchrer zu Wissenswerten in der Region . lesefreundliche Optik im idealen Ma\u00dfstab von 1:25.000\/1:35.000 oder 1:50.000<\/p>\n<p>2. Auflage 2021<\/p>","protected":false},"excerpt":{"rendered":"<p>WK 29; Alpine Skirouten, Radwanderwege. Beiheft 47 S. In Plastikh\u00fclle. 5in1 Wanderkarte &#8211; mit Aktiv Guide, Karten; mit Download-M\u00f6glichkeit Kompass- App KOMPASS-Wanderkarten enthalten alles Wissenswerte f\u00fcr Wanderer wie aktuelle Wanderwege mit Markierungen, empfehlenswerte Radrouten und wichtige touristische Informationen. Der topographische Inhalt wird bei aller Detailgenauigkeit leicht lesbar und anschaulich dargestellt. Ein \u00fcbersichtlich gestaltetes Beiheft mit [&#8230;]\n","protected":false},"featured_media":177279,"template":"","meta":[],"product_brand":[],"product_cat":[21543],"product_tag":[],"class_list":{"0":"post-153441","1":"product","2":"type-product","3":"status-publish","4":"has-post-thumbnail","6":"product_cat-landkarten","7":"pa_autor-kompass","8":"pa_erscheinungsjahr-25440","9":"pa_region-oesterreich","10":"pa_sprache-de","12":"first","13":"instock","14":"taxable","15":"shipping-taxable","16":"purchasable","17":"product-type-simple"},"_links":{"self":[{"href":"https:\/\/pizbube.ch\/en\/wp-json\/wp\/v2\/product\/153441","targetHints":{"allow":["GET"]}}],"collection":[{"href":"https:\/\/pizbube.ch\/en\/wp-json\/wp\/v2\/product"}],"about":[{"href":"https:\/\/pizbube.ch\/en\/wp-json\/wp\/v2\/types\/product"}],"wp:featuredmedia":[{"embeddable":true,"href":"https:\/\/pizbube.ch\/en\/wp-json\/wp\/v2\/media\/177279"}],"wp:attachment":[{"href":"https:\/\/pizbube.ch\/en\/wp-json\/wp\/v2\/media?parent=153441"}],"wp:term":[{"taxonomy":"product_brand","embeddable":true,"href":"https:\/\/pizbube.ch\/en\/wp-json\/wp\/v2\/product_brand?post=153441"},{"taxonomy":"product_cat","embeddable":true,"href":"https:\/\/pizbube.ch\/en\/wp-json\/wp\/v2\/product_cat?post=153441"},{"taxonomy":"product_tag","embeddable":true,"href":"https:\/\/pizbube.ch\/en\/wp-json\/wp\/v2\/product_tag?post=153441"}],"curies":[{"name":"wp","href":"https:\/\/api.w.org\/{rel}","templated":true}]}}