{"id":153444,"date":"2021-01-15T12:37:10","date_gmt":"2021-01-15T12:37:10","guid":{"rendered":"https:\/\/codengine3.ch\/?product=import-placeholder-for-205939"},"modified":"2025-01-16T09:07:56","modified_gmt":"2025-01-16T08:07:56","slug":"kitzbueheler-alpen-skitourenfuehrer","status":"publish","type":"product","link":"https:\/\/pizbube.ch\/en\/shop\/kitzbueheler-alpen-skitourenfuehrer\/","title":{"rendered":"Kitzb\u00fcheler Alpen Skitourenf\u00fchrer"},"content":{"rendered":"<p>Ganz klar: Kitzb\u00fchel geh\u00f6rt zu den absoluten europ\u00e4ischen Topadressen in Sachen Skilauf. Die wilde Abfahrt \u00fcber die &#171;Streif&#187; ist gleicherma\u00dfen ber\u00fchmt wie ber\u00fcchtigt und auch der normale Pistenfahrer ist an den perfekt erschlossenen Gipfeln bestens aufgehoben. Die Stille der Berge sollte er dort allerdings nicht erwarten.\u00a0Doch die Gegend um Kitzb\u00fchel ist nicht nur hip und mond\u00e4n. Auch Skisportler, denen butterweicher Pulver mehr zusagt als brettharter Kunstschnee, finden hier perfekte M\u00f6glichkeiten. Besonders die, die es abseits der plattgewalzten Wege bewusst ruhig angehen lassen wollen, kommen immer wieder gerne in die Kitzb\u00fchler Alpen.<\/p>\n<p>Die im Sommer unspektakul\u00e4r grasigen Gipfel sind meist sanft und rund und bieten auch weniger versierten Tourengehern ein breites Angebot. Gar so steil und wild wie an der Streif geht&#8217;s auf den Kitzb\u00fcheler Skitouren weder rauf, noch runter. Und nach der Tour schmeckt Wei\u00dfbier eh besser als Champagner.<\/p>\n<p>F\u00fcr alle beschriebenen Routen gibt es zudem GPS-Daten zum Download &#8211; ein individueller Download-Code ist im Buch abgedruckt.<\/p>\n<p>3. Auflage 2024, 336 Seiten,<br \/>\n120 x 185 mm, Softcover, komplett 4 Farbig<\/p>","protected":false},"excerpt":{"rendered":"<p><strong><a href=\"https:\/\/pizbube.ch\/wp-content\/uploads\/2021\/01\/KitzbuehelerAlpen_Inhalt_Leseprobe.pdf\" target=\"_blank\" rel=\"noopener\">KitzbuehelerAlpen_Inhalt_Leseprobe<\/a><\/strong><\/p>","protected":false},"featured_media":177818,"template":"","meta":[],"product_brand":[],"product_cat":[21540],"product_tag":[],"class_list":{"0":"post-153444","1":"product","2":"type-product","3":"status-publish","4":"has-post-thumbnail","6":"product_cat-fuehrerliteratur-alpin-winter","7":"pa_autor-stadler","8":"pa_erscheinungsjahr-27339","9":"pa_region-oesterreich","10":"pa_sprache-de","12":"first","13":"instock","14":"taxable","15":"shipping-taxable","16":"purchasable","17":"product-type-simple"},"_links":{"self":[{"href":"https:\/\/pizbube.ch\/en\/wp-json\/wp\/v2\/product\/153444","targetHints":{"allow":["GET"]}}],"collection":[{"href":"https:\/\/pizbube.ch\/en\/wp-json\/wp\/v2\/product"}],"about":[{"href":"https:\/\/pizbube.ch\/en\/wp-json\/wp\/v2\/types\/product"}],"wp:featuredmedia":[{"embeddable":true,"href":"https:\/\/pizbube.ch\/en\/wp-json\/wp\/v2\/media\/177818"}],"wp:attachment":[{"href":"https:\/\/pizbube.ch\/en\/wp-json\/wp\/v2\/media?parent=153444"}],"wp:term":[{"taxonomy":"product_brand","embeddable":true,"href":"https:\/\/pizbube.ch\/en\/wp-json\/wp\/v2\/product_brand?post=153444"},{"taxonomy":"product_cat","embeddable":true,"href":"https:\/\/pizbube.ch\/en\/wp-json\/wp\/v2\/product_cat?post=153444"},{"taxonomy":"product_tag","embeddable":true,"href":"https:\/\/pizbube.ch\/en\/wp-json\/wp\/v2\/product_tag?post=153444"}],"curies":[{"name":"wp","href":"https:\/\/api.w.org\/{rel}","templated":true}]}}