{"id":153446,"date":"2021-01-15T12:37:11","date_gmt":"2021-01-15T12:37:11","guid":{"rendered":"https:\/\/codengine3.ch\/?product=import-placeholder-for-205016"},"modified":"2021-01-15T14:38:03","modified_gmt":"2021-01-15T14:38:03","slug":"cascades-gorges-canyons-pre-alpes-disere-et-de-savoie","status":"publish","type":"product","link":"https:\/\/pizbube.ch\/en\/shop\/cascades-gorges-canyons-pre-alpes-disere-et-de-savoie\/","title":{"rendered":"Cascades, Gorges &#038; Canyons: Pr\u00e9-alpes d`Is\u00e8re et de Savoie"},"content":{"rendered":"<p>Nouveau topoguide sur les canyons des Pr\u00e9-alpes d`Is\u00e8re et de Savoie. R\u00e9alis\u00e9<br \/>\npar des passionn\u00e9s, cet ouvrage va plus loin qu`un simple recensement des<br \/>\ncourses les plus connues de la r\u00e9gion, en proposant de d\u00e9couvrir de nouveaux<br \/>\nparcours jusqu`alors non publi\u00e9s. 45 sites principaux font chacun l`objet<br \/>\nd`une fiche tr\u00e8s d\u00e9taill\u00e9e, pr\u00e9cisant un r\u00e9capitulatif des caract\u00e9ristiques<br \/>\ntechniques, une pr\u00e9sentation du parcours, une description du caract\u00e8re<br \/>\naquatique, de l`engagement et des acc\u00e8s, un profil topographique ainsi qu`un<br \/>\nplan pr\u00e9cis. Pr\u00e8s de 80 autres sites secondaires sont rapidement d\u00e9crits,<br \/>\nfaisant souvent l`objet d`un profil topographique. Une carte g\u00e9n\u00e9rale et une<br \/>\ncarte par massif, recensant l`ensemble des itin\u00e9raires, permet de rapidement<br \/>\nsituer les descentes. C`est donc au total 120 sites d`Is\u00e8re et de Savoie qui<br \/>\nsont d\u00e9crit dans cet ouvrage tout en couleur, et largement illustr\u00e9 par des<br \/>\ndizaines de photos, \u00e0 la pr\u00e9sentation soign\u00e9e.<\/p>","protected":false},"excerpt":{"rendered":"<p>Nouveau topoguide sur les canyons des Pr\u00e9-alpes d`Is\u00e8re et de Savoie. R\u00e9alis\u00e9 par des passionn\u00e9s, cet ouvrage va plus loin qu`un simple recensement des courses les plus connues de la r\u00e9gion, en proposant de d\u00e9couvrir de nouveaux parcours jusqu`alors non publi\u00e9s. 45 sites principaux font chacun l`objet d`une fiche tr\u00e8s d\u00e9taill\u00e9e, pr\u00e9cisant un r\u00e9capitulatif des [&#8230;]\n","protected":false},"featured_media":33592,"template":"","meta":[],"product_brand":[],"product_cat":[21650],"product_tag":[],"class_list":{"0":"post-153446","1":"product","2":"type-product","3":"status-publish","4":"has-post-thumbnail","6":"product_cat-canyoningfuehrer","7":"pa_autor-hauser-baratin","8":"pa_erscheinungsjahr-21842","9":"pa_region-frankreich","10":"pa_sprache-fr","12":"first","13":"outofstock","14":"taxable","15":"shipping-taxable","16":"purchasable","17":"product-type-simple"},"_links":{"self":[{"href":"https:\/\/pizbube.ch\/en\/wp-json\/wp\/v2\/product\/153446","targetHints":{"allow":["GET"]}}],"collection":[{"href":"https:\/\/pizbube.ch\/en\/wp-json\/wp\/v2\/product"}],"about":[{"href":"https:\/\/pizbube.ch\/en\/wp-json\/wp\/v2\/types\/product"}],"wp:featuredmedia":[{"embeddable":true,"href":"https:\/\/pizbube.ch\/en\/wp-json\/wp\/v2\/media\/33592"}],"wp:attachment":[{"href":"https:\/\/pizbube.ch\/en\/wp-json\/wp\/v2\/media?parent=153446"}],"wp:term":[{"taxonomy":"product_brand","embeddable":true,"href":"https:\/\/pizbube.ch\/en\/wp-json\/wp\/v2\/product_brand?post=153446"},{"taxonomy":"product_cat","embeddable":true,"href":"https:\/\/pizbube.ch\/en\/wp-json\/wp\/v2\/product_cat?post=153446"},{"taxonomy":"product_tag","embeddable":true,"href":"https:\/\/pizbube.ch\/en\/wp-json\/wp\/v2\/product_tag?post=153446"}],"curies":[{"name":"wp","href":"https:\/\/api.w.org\/{rel}","templated":true}]}}