{"id":153447,"date":"2021-01-15T12:37:11","date_gmt":"2021-01-15T12:37:11","guid":{"rendered":"https:\/\/codengine3.ch\/?product=import-placeholder-for-205225"},"modified":"2021-01-15T14:39:40","modified_gmt":"2021-01-15T14:39:40","slug":"sarntaler-alpen-val-sarentino-monti-sarentini-1-25000","status":"publish","type":"product","link":"https:\/\/pizbube.ch\/en\/shop\/sarntaler-alpen-val-sarentino-monti-sarentini-1-25000\/","title":{"rendered":"Sarntaler Alpen \/ Val Sarentino Monti Sarentini 1: 25&#8217;000"},"content":{"rendered":"<p>WK 056<br \/>\nMit Kurzf\u00fchrer und alpinen Skitouren. In Plastikh\u00fclle.  <\/p>\n<p>KOMPASS-Wanderkarten enthalten alles Wissenswerte f\u00fcr Wanderer wie aktuelle<br \/>\nWanderwege mit Markierungen, empfehlenswerte Radrouten und wichtige<br \/>\ntouristische Informationen.  <\/p>\n<p>Der topographische Inhalt wird bei aller Detailgenauigkeit leicht lesbar und<br \/>\nanschaulich dargestellt.  <\/p>\n<p>Ein \u00fcbersichtlich gestaltetes Beiheft mit zahlreichen Farbfotos informiert<br \/>\n\u00fcber Orte und Schutzh\u00fctten sowie empfehlenswerte Touren, Sehensw\u00fcrdigkeiten<br \/>\nund Freizeiteinrichtungen.<\/p>","protected":false},"excerpt":{"rendered":"<p>WK 056 Mit Kurzf\u00fchrer und alpinen Skitouren. In Plastikh\u00fclle. KOMPASS-Wanderkarten enthalten alles Wissenswerte f\u00fcr Wanderer wie aktuelle Wanderwege mit Markierungen, empfehlenswerte Radrouten und wichtige touristische Informationen. Der topographische Inhalt wird bei aller Detailgenauigkeit leicht lesbar und anschaulich dargestellt. Ein \u00fcbersichtlich gestaltetes Beiheft mit zahlreichen Farbfotos informiert \u00fcber Orte und Schutzh\u00fctten sowie empfehlenswerte Touren, Sehensw\u00fcrdigkeiten und [&#8230;]\n","protected":false},"featured_media":26100,"template":"","meta":[],"product_brand":[],"product_cat":[21543],"product_tag":[],"class_list":{"0":"post-153447","1":"product","2":"type-product","3":"status-publish","4":"has-post-thumbnail","6":"product_cat-landkarten","7":"pa_autor-kompass","8":"pa_erscheinungsjahr-21574","9":"pa_region-italien","10":"pa_sprache-de","12":"first","13":"instock","14":"taxable","15":"shipping-taxable","16":"purchasable","17":"product-type-simple"},"_links":{"self":[{"href":"https:\/\/pizbube.ch\/en\/wp-json\/wp\/v2\/product\/153447","targetHints":{"allow":["GET"]}}],"collection":[{"href":"https:\/\/pizbube.ch\/en\/wp-json\/wp\/v2\/product"}],"about":[{"href":"https:\/\/pizbube.ch\/en\/wp-json\/wp\/v2\/types\/product"}],"wp:featuredmedia":[{"embeddable":true,"href":"https:\/\/pizbube.ch\/en\/wp-json\/wp\/v2\/media\/26100"}],"wp:attachment":[{"href":"https:\/\/pizbube.ch\/en\/wp-json\/wp\/v2\/media?parent=153447"}],"wp:term":[{"taxonomy":"product_brand","embeddable":true,"href":"https:\/\/pizbube.ch\/en\/wp-json\/wp\/v2\/product_brand?post=153447"},{"taxonomy":"product_cat","embeddable":true,"href":"https:\/\/pizbube.ch\/en\/wp-json\/wp\/v2\/product_cat?post=153447"},{"taxonomy":"product_tag","embeddable":true,"href":"https:\/\/pizbube.ch\/en\/wp-json\/wp\/v2\/product_tag?post=153447"}],"curies":[{"name":"wp","href":"https:\/\/api.w.org\/{rel}","templated":true}]}}