{"id":153448,"date":"2021-01-15T12:37:11","date_gmt":"2021-01-15T12:37:11","guid":{"rendered":"https:\/\/codengine3.ch\/?product=import-placeholder-for-205363"},"modified":"2022-04-28T11:36:29","modified_gmt":"2022-04-28T09:36:29","slug":"wanderungen-ins-innere-der-schweiz","status":"publish","type":"product","link":"https:\/\/pizbube.ch\/en\/shop\/wanderungen-ins-innere-der-schweiz\/","title":{"rendered":"Wanderungen ins Innere der Schweiz"},"content":{"rendered":"<p>Geheimnisvolle Stollen und H\u00f6hlen entdecken.<\/p>\n<p>Dieses Buch f\u00fchrt unter die Oberfl\u00e4che der Schweiz, hinab ins geheimnisvolle<br \/>\nDunkel des unbekannten Kontinents unter der Erde: Ins sagenumwobene Reich der<br \/>\nFeen, ins verwirrende Stollenlabyrinth alter Bergwerke, in die tiefen Kavernen<br \/>\neinst streng geheimer Festungen, hinter die d\u00fcsteren Gem\u00e4uer unheimlicher<br \/>\nGrottenburgen.<\/p>\n<p>24 Wanderungen werden vorgestellt und neben bekannten Ausflugszielen auch<br \/>\nzahlreiche Geheimtipps verraten. Wer ahnt schon, dass sich unter den<br \/>\nJuraweiden Gletscher mit ewigem Eis verbergen und ein im moosigen Wald<br \/>\nversteckter Kanal einst die Nordsee mit dem Mittelmeer verbinden sollte? Oder<br \/>\ndass es unter einer Schweizer Stadt ein kilometerlanges Stollenlabyrinth gibt,<br \/>\ndas im Geheimen gegraben wurde?<\/p>\n<p>&#8218;Wanderungen ins Innere der Schweiz&#8216; richtet sich an alle, die ihren n\u00e4chsten<br \/>\nAusflug allein, mit der Familie oder mit Freunden um eine neue, geheimnisvolle<br \/>\nDimension anreichern wollen. Wer Freude am Aufst\u00f6bern von Trouvaillen, am<br \/>\nEntdecken unbekannter Welten hat, findet hier eine F\u00fclle von Anregungen aus<br \/>\nallen Regionen der Schweiz. Alle Tourenbeschreibungen werden erg\u00e4nzt durch<br \/>\nzahlreiche Farbfotos und einen sorgf\u00e4ltig recherchierten Serviceteil.<\/p>\n<p>Zahlr. farb. Fotos, Abb., Karten. 160 S.<\/p>","protected":false},"excerpt":{"rendered":"<p>Geheimnisvolle Stollen und H\u00f6hlen entdecken. Dieses Buch f\u00fchrt unter die Oberfl\u00e4che der Schweiz, hinab ins geheimnisvolle Dunkel des unbekannten Kontinents unter der Erde: Ins sagenumwobene Reich der Feen, ins verwirrende Stollenlabyrinth alter Bergwerke, in die tiefen Kavernen einst streng geheimer Festungen, hinter die d\u00fcsteren Gem\u00e4uer unheimlicher Grottenburgen. 24 Wanderungen werden vorgestellt und neben bekannten Ausflugszielen [&#8230;]\n","protected":false},"featured_media":34041,"template":"","meta":[],"product_brand":[],"product_cat":[21605],"product_tag":[],"class_list":{"0":"post-153448","1":"product","2":"type-product","3":"status-publish","4":"has-post-thumbnail","6":"product_cat-wanderfuehrer-trekking","7":"pa_autor-bruehwiler","8":"pa_erscheinungsjahr-21591","9":"pa_region-schweiz","10":"pa_sprache-de","12":"first","13":"outofstock","14":"taxable","15":"shipping-taxable","16":"purchasable","17":"product-type-simple"},"_links":{"self":[{"href":"https:\/\/pizbube.ch\/en\/wp-json\/wp\/v2\/product\/153448","targetHints":{"allow":["GET"]}}],"collection":[{"href":"https:\/\/pizbube.ch\/en\/wp-json\/wp\/v2\/product"}],"about":[{"href":"https:\/\/pizbube.ch\/en\/wp-json\/wp\/v2\/types\/product"}],"wp:featuredmedia":[{"embeddable":true,"href":"https:\/\/pizbube.ch\/en\/wp-json\/wp\/v2\/media\/34041"}],"wp:attachment":[{"href":"https:\/\/pizbube.ch\/en\/wp-json\/wp\/v2\/media?parent=153448"}],"wp:term":[{"taxonomy":"product_brand","embeddable":true,"href":"https:\/\/pizbube.ch\/en\/wp-json\/wp\/v2\/product_brand?post=153448"},{"taxonomy":"product_cat","embeddable":true,"href":"https:\/\/pizbube.ch\/en\/wp-json\/wp\/v2\/product_cat?post=153448"},{"taxonomy":"product_tag","embeddable":true,"href":"https:\/\/pizbube.ch\/en\/wp-json\/wp\/v2\/product_tag?post=153448"}],"curies":[{"name":"wp","href":"https:\/\/api.w.org\/{rel}","templated":true}]}}