{"id":153449,"date":"2021-01-15T12:37:11","date_gmt":"2021-01-15T12:37:11","guid":{"rendered":"https:\/\/codengine3.ch\/?product=import-placeholder-for-202551"},"modified":"2023-07-19T17:26:57","modified_gmt":"2023-07-19T15:26:57","slug":"pyrenaeen-handbuch","status":"publish","type":"product","link":"https:\/\/pizbube.ch\/en\/shop\/pyrenaeen-handbuch\/","title":{"rendered":"Pyren\u00e4en Handbuch"},"content":{"rendered":"<p>Individuelles Reisen und Entdecken in den franz\u00f6sischen und spanischen<br \/>\nPyren\u00e4en und in Andorra<\/p>\n<p>Mit diesem aktuellen Reisef\u00fchrer voller Reise Know-How die franz\u00f6sischen und<br \/>\nspanischen Pyren\u00e4en zwischen Atlantikk\u00fcste und Mittelmeer individuell<br \/>\nentdecken! Mit Extra-Kapitel zu Andorra. Die zahlreichen reisepraktischen<br \/>\nTipps zu Unterk\u00fcnften, Restaurants, Verkehrsmitteln, Preisen und<br \/>\n\u00d6ffnungszeiten machen dieses Reisehandbuch zum n\u00fctzlichen Begleiter f\u00fcr<br \/>\nEntdeckungen mit dem Auto, Fahrrad und zu Fu\u00df. Sorgf\u00e4ltige Beschreibungen der<br \/>\nsehenswerten Orte und Landschaften sowie kultureller und architektonischer<br \/>\nH\u00f6hepunkte werden erg\u00e4nzt durch fundierte Empfehlungen zum sportlichen Teil<br \/>\ndes Urlaubs: Wandern, Radfahren, Rafting, Canyoning, H\u00f6hlenerkundung und<br \/>\nWintersport. Die kulturellen, sozialen und historischen Hintergr\u00fcnde der zu<br \/>\nFrankreich, Spanien und Andorra geh\u00f6renden Region werden im Hinblick auf<br \/>\nGemeinsamkeiten und Unterschiede kenntnisreich beschrieben. Ein 24seitiger<br \/>\nKartenatlas sowie 45 Stadtpl\u00e4ne und \u00dcbersichtskarten erleichtern die<br \/>\nOrientierung. Wichtige geografische Begriffe auf Franz\u00f6sich, Spanisch,<br \/>\nKatalanisch und Deutsch.<\/p>","protected":false},"excerpt":{"rendered":"<p>Individuelles Reisen und Entdecken in den franz\u00f6sischen und spanischen Pyren\u00e4en und in Andorra Mit diesem aktuellen Reisef\u00fchrer voller Reise Know-How die franz\u00f6sischen und spanischen Pyren\u00e4en zwischen Atlantikk\u00fcste und Mittelmeer individuell entdecken! Mit Extra-Kapitel zu Andorra. Die zahlreichen reisepraktischen Tipps zu Unterk\u00fcnften, Restaurants, Verkehrsmitteln, Preisen und \u00d6ffnungszeiten machen dieses Reisehandbuch zum n\u00fctzlichen Begleiter f\u00fcr Entdeckungen mit [&#8230;]\n","protected":false},"featured_media":29954,"template":"","meta":[],"product_brand":[],"product_cat":[21605],"product_tag":[],"class_list":{"0":"post-153449","1":"product","2":"type-product","3":"status-publish","4":"has-post-thumbnail","6":"product_cat-wanderfuehrer-trekking","7":"pa_autor-schuh","8":"pa_erscheinungsjahr-21830","9":"pa_region-spanien","10":"pa_sprache-de","12":"first","13":"outofstock","14":"taxable","15":"shipping-taxable","16":"purchasable","17":"product-type-simple"},"_links":{"self":[{"href":"https:\/\/pizbube.ch\/en\/wp-json\/wp\/v2\/product\/153449","targetHints":{"allow":["GET"]}}],"collection":[{"href":"https:\/\/pizbube.ch\/en\/wp-json\/wp\/v2\/product"}],"about":[{"href":"https:\/\/pizbube.ch\/en\/wp-json\/wp\/v2\/types\/product"}],"wp:featuredmedia":[{"embeddable":true,"href":"https:\/\/pizbube.ch\/en\/wp-json\/wp\/v2\/media\/29954"}],"wp:attachment":[{"href":"https:\/\/pizbube.ch\/en\/wp-json\/wp\/v2\/media?parent=153449"}],"wp:term":[{"taxonomy":"product_brand","embeddable":true,"href":"https:\/\/pizbube.ch\/en\/wp-json\/wp\/v2\/product_brand?post=153449"},{"taxonomy":"product_cat","embeddable":true,"href":"https:\/\/pizbube.ch\/en\/wp-json\/wp\/v2\/product_cat?post=153449"},{"taxonomy":"product_tag","embeddable":true,"href":"https:\/\/pizbube.ch\/en\/wp-json\/wp\/v2\/product_tag?post=153449"}],"curies":[{"name":"wp","href":"https:\/\/api.w.org\/{rel}","templated":true}]}}