{"id":153450,"date":"2021-01-15T12:37:11","date_gmt":"2021-01-15T12:37:11","guid":{"rendered":"https:\/\/codengine3.ch\/?product=import-placeholder-for-205290"},"modified":"2021-01-15T14:40:08","modified_gmt":"2021-01-15T14:40:08","slug":"randonnees-insolites-dans-les-pyrenees","status":"publish","type":"product","link":"https:\/\/pizbube.ch\/en\/shop\/randonnees-insolites-dans-les-pyrenees\/","title":{"rendered":"Randonn\u00e9es insolites dans les pyr\u00e9n\u00e9es"},"content":{"rendered":"<p>Cet ouvrage nous rappelle que les montagnes des Pyr\u00e9n\u00e9es poss\u00e8dent une<br \/>\npersonnalit\u00e9 unique fa\u00e7onn\u00e9e par la g\u00e9ologie et le climat, mais aussi par<br \/>\nl&#8217;histoire des hommes et les al\u00e9as de la fronti\u00e8re francoespagnole. Les<br \/>\nsuperbes images d&#8217;\u00c9tienne Follet et les textes document\u00e9s de Santiago Mendieta<br \/>\nnous font partager cette singularit\u00e9 \u00e0 travers 18 randonn\u00e9es qui racontent des<br \/>\nhistoires insolites, captivantes, \u00e9tonnantes.  <\/p>","protected":false},"excerpt":{"rendered":"<p>Cet ouvrage nous rappelle que les montagnes des Pyr\u00e9n\u00e9es poss\u00e8dent une personnalit\u00e9 unique fa\u00e7onn\u00e9e par la g\u00e9ologie et le climat, mais aussi par l&#8217;histoire des hommes et les al\u00e9as de la fronti\u00e8re francoespagnole. Les superbes images d&#8217;\u00c9tienne Follet et les textes document\u00e9s de Santiago Mendieta nous font partager cette singularit\u00e9 \u00e0 travers 18 randonn\u00e9es qui [&#8230;]\n","protected":false},"featured_media":33955,"template":"","meta":[],"product_brand":[],"product_cat":[21605],"product_tag":[],"class_list":{"0":"post-153450","1":"product","2":"type-product","3":"status-publish","4":"has-post-thumbnail","6":"product_cat-wanderfuehrer-trekking","7":"pa_autor-follet-mendieta","8":"pa_erscheinungsjahr-21591","9":"pa_region-frankreich","10":"pa_sprache-fr","12":"first","13":"instock","14":"taxable","15":"shipping-taxable","16":"purchasable","17":"product-type-simple"},"_links":{"self":[{"href":"https:\/\/pizbube.ch\/en\/wp-json\/wp\/v2\/product\/153450","targetHints":{"allow":["GET"]}}],"collection":[{"href":"https:\/\/pizbube.ch\/en\/wp-json\/wp\/v2\/product"}],"about":[{"href":"https:\/\/pizbube.ch\/en\/wp-json\/wp\/v2\/types\/product"}],"wp:featuredmedia":[{"embeddable":true,"href":"https:\/\/pizbube.ch\/en\/wp-json\/wp\/v2\/media\/33955"}],"wp:attachment":[{"href":"https:\/\/pizbube.ch\/en\/wp-json\/wp\/v2\/media?parent=153450"}],"wp:term":[{"taxonomy":"product_brand","embeddable":true,"href":"https:\/\/pizbube.ch\/en\/wp-json\/wp\/v2\/product_brand?post=153450"},{"taxonomy":"product_cat","embeddable":true,"href":"https:\/\/pizbube.ch\/en\/wp-json\/wp\/v2\/product_cat?post=153450"},{"taxonomy":"product_tag","embeddable":true,"href":"https:\/\/pizbube.ch\/en\/wp-json\/wp\/v2\/product_tag?post=153450"}],"curies":[{"name":"wp","href":"https:\/\/api.w.org\/{rel}","templated":true}]}}