{"id":153451,"date":"2021-01-15T12:37:11","date_gmt":"2021-01-15T12:37:11","guid":{"rendered":"https:\/\/codengine3.ch\/?product=import-placeholder-for-203651"},"modified":"2023-03-11T14:22:21","modified_gmt":"2023-03-11T13:22:21","slug":"zu-fuss-durch-die-pyrenaeen-der-osten","status":"publish","type":"product","link":"https:\/\/pizbube.ch\/en\/shop\/zu-fuss-durch-die-pyrenaeen-der-osten\/","title":{"rendered":"Zu Fuss durch die Pyren\u00e4en Der Osten"},"content":{"rendered":"<p>Ein Buch f\u00fcr alle, die die Pyren\u00e4en umfassend kennen lernen wollen \u2013 in Tages-<br \/>\noder Wochenetappen, einem Trekking \u00fcber mehrere Monate oder zu Hause auf dem<br \/>\nSofa.<\/p>\n<p>Vom Atlantik ans Mittelmeer<br \/>\nIn 71 Wandertagen erleben wir die ganze Vielfalt dieser Bergregion: die<br \/>\nschroffen Klippen am Atlantik, kleine baskische D\u00f6rfer inmitten gr\u00fcner<br \/>\nH\u00fcgelz\u00fcge, karstige Bergregionen, Bergseen in allen denkbaren Farbt\u00f6nen, alte<br \/>\nKurorte beidseits der Grenze, von Gletschern umrandete Dreitausender und die<br \/>\nsanften Str\u00e4nde des Mittelmeeres. Fran\u00e7ois Meienberg f\u00fchrt uns auch in alle<br \/>\ndrei Nationalparks der Pyren\u00e4en mit ihrer unendlich reichen Flora und Fauna.<\/p>\n<p>Erz\u00e4hlt wird aber auch die turbulente Geschichte der Region, die bereits in<br \/>\nder Steinzeit besiedelt war. Die Mauren stie\u00dfen im Mittelalter \u00fcber die P\u00e4sse<br \/>\nbis nach Frankreich vor, Jakobspilger str\u00f6men seit mehr als tausend Jahren<br \/>\n\u00fcber die Pyren\u00e4en nach Santiago de Compostela. Der B\u00fcrgerkrieg tobte hier, und<br \/>\nFl\u00fcchtlinge brachten sich im Zweiten Weltkrieg \u00fcber die gr\u00fcne Grenze nach<br \/>\nSpanien in Sicherheit. Die Basken im Westen und die Katalanen im Osten k\u00e4mpfen<br \/>\nseit Jahrhunderten f\u00fcr mehr Autonomie und Selbstbestimmung.<br \/>\nDie beiden reich bebilderten B\u00e4nde vermitteln alle notwendigen Informationen<br \/>\nrund um die Wanderungen: Tipps f\u00fcr die Anreise mit dem \u00f6ffentlichen Verkehr,<br \/>\nRoutenskizzen, \u00dcbernachtungsm\u00f6glichkeiten, Empfehlungen f\u00fcr Restaurants,<br \/>\nBesichtigungen am Wege.<\/p>","protected":false},"excerpt":{"rendered":"<p>Ein Buch f\u00fcr alle, die die Pyren\u00e4en umfassend kennen lernen wollen \u2013 in Tages- oder Wochenetappen, einem Trekking \u00fcber mehrere Monate oder zu Hause auf dem Sofa. Vom Atlantik ans Mittelmeer In 71 Wandertagen erleben wir die ganze Vielfalt dieser Bergregion: die schroffen Klippen am Atlantik, kleine baskische D\u00f6rfer inmitten gr\u00fcner H\u00fcgelz\u00fcge, karstige Bergregionen, Bergseen [&#8230;]\n","protected":false},"featured_media":31303,"template":"","meta":[],"product_brand":[],"product_cat":[21605],"product_tag":[],"class_list":{"0":"post-153451","1":"product","2":"type-product","3":"status-publish","4":"has-post-thumbnail","6":"product_cat-wanderfuehrer-trekking","7":"pa_autor-meienberg","8":"pa_erscheinungsjahr-21776","9":"pa_region-spanien","10":"pa_sprache-de","12":"first","13":"instock","14":"taxable","15":"shipping-taxable","16":"purchasable","17":"product-type-simple"},"_links":{"self":[{"href":"https:\/\/pizbube.ch\/en\/wp-json\/wp\/v2\/product\/153451","targetHints":{"allow":["GET"]}}],"collection":[{"href":"https:\/\/pizbube.ch\/en\/wp-json\/wp\/v2\/product"}],"about":[{"href":"https:\/\/pizbube.ch\/en\/wp-json\/wp\/v2\/types\/product"}],"wp:featuredmedia":[{"embeddable":true,"href":"https:\/\/pizbube.ch\/en\/wp-json\/wp\/v2\/media\/31303"}],"wp:attachment":[{"href":"https:\/\/pizbube.ch\/en\/wp-json\/wp\/v2\/media?parent=153451"}],"wp:term":[{"taxonomy":"product_brand","embeddable":true,"href":"https:\/\/pizbube.ch\/en\/wp-json\/wp\/v2\/product_brand?post=153451"},{"taxonomy":"product_cat","embeddable":true,"href":"https:\/\/pizbube.ch\/en\/wp-json\/wp\/v2\/product_cat?post=153451"},{"taxonomy":"product_tag","embeddable":true,"href":"https:\/\/pizbube.ch\/en\/wp-json\/wp\/v2\/product_tag?post=153451"}],"curies":[{"name":"wp","href":"https:\/\/api.w.org\/{rel}","templated":true}]}}