{"id":153452,"date":"2021-01-15T12:37:11","date_gmt":"2021-01-15T12:37:11","guid":{"rendered":"https:\/\/codengine3.ch\/?product=import-placeholder-for-204923"},"modified":"2025-05-27T10:26:08","modified_gmt":"2025-05-27T08:26:08","slug":"les-pyrenees-vues-du-ciel","status":"publish","type":"product","link":"https:\/\/pizbube.ch\/en\/shop\/les-pyrenees-vues-du-ciel\/","title":{"rendered":"Les Pyr\u00e9n\u00e9es vues du ciel"},"content":{"rendered":"<p>&#8218;J&#8217;avais l&#8217;impression que chaque vol \u00e9tait plus beau que le pr\u00e9c\u00e9dent. Mon<br \/>\nenthousiasme allait en grandissant. Par un matin maussade et bien couvert,<br \/>\napr\u00e8s le d\u00e9collage, nous per\u00e7\u00e2mes la couche nuageuse pour \u00e9merger dans un ciel<br \/>\nd&#8217;une limpidit\u00e9 et d&#8217;une puret\u00e9 \u00e9tonnantes. La mer de nuages s&#8217;\u00e9tendait<br \/>\njusqu&#8217;\u00e0 l&#8217;infini. Nous ne volions pas; nous naviguions&#8230; Je n&#8217;avais jamais<br \/>\nimagin\u00e9 qu&#8217;il pouvait exister de spectacles aussi sublimes&#8230;&#8216;<br \/>\nCet ouvrage est le fruit de la rencontre de deux passionn\u00e9s : Eric Soul\u00e9 de<br \/>\nLafont pilote avec comp\u00e9tence et hardiesse au milieu des ar\u00eates, des cols et<br \/>\ndes cimes, tandis que Jacques Jolfre scrute les massifs, l&#8217;oeil riv\u00e9 \u00e0 ses<br \/>\nappareils photographiques.<br \/>\nDe la Maladeta au Vignemale, de Gavarnie au pic du Midi d&#8217;Ossau, en passant<br \/>\npar le Canigou, le pic du Midi de Bigorre, le N\u00e9ouvielle ou encore le<br \/>\nMauberm\u00e9, les plus merveilleux sites des Pyr\u00e9n\u00e9es sont ici d\u00e9crits avec<br \/>\nchaleur et passion.<\/p>","protected":false},"excerpt":{"rendered":"<p>&#8218;J&#8217;avais l&#8217;impression que chaque vol \u00e9tait plus beau que le pr\u00e9c\u00e9dent. Mon enthousiasme allait en grandissant. Par un matin maussade et bien couvert, apr\u00e8s le d\u00e9collage, nous per\u00e7\u00e2mes la couche nuageuse pour \u00e9merger dans un ciel d&#8217;une limpidit\u00e9 et d&#8217;une puret\u00e9 \u00e9tonnantes. La mer de nuages s&#8217;\u00e9tendait jusqu&#8217;\u00e0 l&#8217;infini. Nous ne volions pas; nous naviguions&#8230; [&#8230;]\n","protected":false},"featured_media":33472,"template":"","meta":[],"product_brand":[],"product_cat":[21542],"product_tag":[],"class_list":{"0":"post-153452","1":"product","2":"type-product","3":"status-publish","4":"has-post-thumbnail","6":"product_cat-sachbuecher-dokumentationen","7":"pa_autor-jolfre-de-lafont","8":"pa_erscheinungsjahr-21750","9":"pa_region-frankreich","10":"pa_sprache-fr","12":"first","13":"outofstock","14":"taxable","15":"shipping-taxable","16":"purchasable","17":"product-type-simple"},"_links":{"self":[{"href":"https:\/\/pizbube.ch\/en\/wp-json\/wp\/v2\/product\/153452","targetHints":{"allow":["GET"]}}],"collection":[{"href":"https:\/\/pizbube.ch\/en\/wp-json\/wp\/v2\/product"}],"about":[{"href":"https:\/\/pizbube.ch\/en\/wp-json\/wp\/v2\/types\/product"}],"wp:featuredmedia":[{"embeddable":true,"href":"https:\/\/pizbube.ch\/en\/wp-json\/wp\/v2\/media\/33472"}],"wp:attachment":[{"href":"https:\/\/pizbube.ch\/en\/wp-json\/wp\/v2\/media?parent=153452"}],"wp:term":[{"taxonomy":"product_brand","embeddable":true,"href":"https:\/\/pizbube.ch\/en\/wp-json\/wp\/v2\/product_brand?post=153452"},{"taxonomy":"product_cat","embeddable":true,"href":"https:\/\/pizbube.ch\/en\/wp-json\/wp\/v2\/product_cat?post=153452"},{"taxonomy":"product_tag","embeddable":true,"href":"https:\/\/pizbube.ch\/en\/wp-json\/wp\/v2\/product_tag?post=153452"}],"curies":[{"name":"wp","href":"https:\/\/api.w.org\/{rel}","templated":true}]}}