{"id":153453,"date":"2021-01-15T12:37:11","date_gmt":"2021-01-15T12:37:11","guid":{"rendered":"https:\/\/codengine3.ch\/?product=import-placeholder-for-202991"},"modified":"2026-03-20T10:39:36","modified_gmt":"2026-03-20T09:39:36","slug":"pyrenaeen-2","status":"publish","type":"product","link":"https:\/\/pizbube.ch\/en\/shop\/pyrenaeen-2\/","title":{"rendered":"Pyren\u00e4en Nord &#8211; Franz\u00f6sische Zentralpyren\u00e4en"},"content":{"rendered":"<p class=\"mt-3\">59 Touren im Nationalpark Pyren\u00e4en und im angrenzenden Ari\u00e8ge<\/p>\n<p><span class=\"value\">Rau, wild und voller urspr\u00fcnglicher Sch\u00f6nheit \u2013 so pr\u00e4sentieren sich die franz\u00f6sischen Zentralpyren\u00e4en. Tief eingeschnittene T\u00e4ler, einsame Pfade und malerische H\u00fctten pr\u00e4gen diese urspr\u00fcngliche Bergwelt. Dazu kommt die herzliche Gastfreundschaft und das unverwechselbare s\u00fcdfranz\u00f6sische Lebensgef\u00fchl. Ein Paradies f\u00fcr Wandernde, die unber\u00fchrte Natur und spektakul\u00e4re Ausblicke lieben. Der Rother Wanderf\u00fchrer \u00bbPyren\u00e4en Nord \u2013 Franz\u00f6sische Zentralpyren\u00e4en\u00ab stellt 59 abwechslungsreiche Touren in dieser beeindruckenden Gebirgswelt vor.<\/span><\/p>\n<p>Die Tourenauswahl reicht von den majest\u00e4tischen Gipfeln rund um Cauterets, Gavarnie und Bagn\u00e8res-de-Luchons bis in die wilden T\u00e4ler des Couserans. Das absolute Highlight ist der Cirque de Gavarnie: Ein riesiger, nat\u00fcrlicher Felskessel im Nationalpark Pyren\u00e4en mit steilen Felsw\u00e4nden und spektakul\u00e4ren Wasserf\u00e4llen \u2013 ein Anblick, der jeden in seinen Bann zieht. Doch auch gr\u00fcne Hochalmen, tiefblaue Bergseen und markante Gipfel wie der Taillon, der Petit Vignemale und der Mont Valier bieten unvergessliche Wandererlebnisse.<\/p>\n<p>Ob gem\u00fctliche Talwanderung oder anspruchsvolle Bergtour \u2013 dieser Wanderf\u00fchrer pr\u00e4sentiert eine vielseitige Auswahl der sch\u00f6nsten Routen in den franz\u00f6sischen Pyren\u00e4en. Viele Wege folgen dem legend\u00e4ren Fernwanderweg GR10. Detaillierte Wegbeschreibungen, Wanderk\u00e4rtchen mit eingezeichnetem Routenverlauf, H\u00f6henprofile und GPS-Daten sorgen f\u00fcr beste Orientierung. Erg\u00e4nzt wird der Wanderf\u00fchrer durch zahlreiche Tipps zu Einkehrm\u00f6glichkeiten, Anreise mit \u00f6ffentlichen Verkehrsmitteln sowie hilfreiche Informationen f\u00fcr einen gelungenen Wanderurlaub in den franz\u00f6sischen Zentralpyren\u00e4en.<\/p>\n<p>6., aktualisierte und erweiterte Auflage 2025<br \/>\n200 Seiten, 59 H\u00f6henprofile, 59 Wanderk\u00e4rtchen im Ma\u00dfstab 1:25.000, 1:50.000 und 1:75.000, zwei \u00dcbersichtskarten im Ma\u00dfstab 1:750.000 und 1:1.000.000<\/p>","protected":false},"excerpt":{"rendered":"<p>59 Touren im Nationalpark Pyren\u00e4en und im angrenzenden Ari\u00e8ge Rau, wild und voller urspr\u00fcnglicher Sch\u00f6nheit \u2013 so pr\u00e4sentieren sich die franz\u00f6sischen Zentralpyren\u00e4en. Tief eingeschnittene T\u00e4ler, einsame Pfade und malerische H\u00fctten pr\u00e4gen diese urspr\u00fcngliche Bergwelt. Dazu kommt die herzliche Gastfreundschaft und das unverwechselbare s\u00fcdfranz\u00f6sische Lebensgef\u00fchl. Ein Paradies f\u00fcr Wandernde, die unber\u00fchrte Natur und spektakul\u00e4re Ausblicke lieben. [&#8230;]\n","protected":false},"featured_media":183518,"template":"","meta":[],"product_brand":[],"product_cat":[21605],"product_tag":[27703],"class_list":{"0":"post-153453","1":"product","2":"type-product","3":"status-publish","4":"has-post-thumbnail","6":"product_cat-wanderfuehrer-trekking","7":"product_tag-pyrenaeen-2","8":"pa_autor-roger-buedeler-fabian-briel-und-mira-kuhn","9":"pa_erscheinungsjahr-27415","10":"pa_region-frankreich","11":"pa_sprache-de","13":"first","14":"instock","15":"taxable","16":"shipping-taxable","17":"purchasable","18":"product-type-simple"},"_links":{"self":[{"href":"https:\/\/pizbube.ch\/en\/wp-json\/wp\/v2\/product\/153453","targetHints":{"allow":["GET"]}}],"collection":[{"href":"https:\/\/pizbube.ch\/en\/wp-json\/wp\/v2\/product"}],"about":[{"href":"https:\/\/pizbube.ch\/en\/wp-json\/wp\/v2\/types\/product"}],"wp:featuredmedia":[{"embeddable":true,"href":"https:\/\/pizbube.ch\/en\/wp-json\/wp\/v2\/media\/183518"}],"wp:attachment":[{"href":"https:\/\/pizbube.ch\/en\/wp-json\/wp\/v2\/media?parent=153453"}],"wp:term":[{"taxonomy":"product_brand","embeddable":true,"href":"https:\/\/pizbube.ch\/en\/wp-json\/wp\/v2\/product_brand?post=153453"},{"taxonomy":"product_cat","embeddable":true,"href":"https:\/\/pizbube.ch\/en\/wp-json\/wp\/v2\/product_cat?post=153453"},{"taxonomy":"product_tag","embeddable":true,"href":"https:\/\/pizbube.ch\/en\/wp-json\/wp\/v2\/product_tag?post=153453"}],"curies":[{"name":"wp","href":"https:\/\/api.w.org\/{rel}","templated":true}]}}