{"id":153456,"date":"2021-01-15T12:37:17","date_gmt":"2021-01-15T12:37:17","guid":{"rendered":"https:\/\/codengine3.ch\/?product=import-placeholder-for-202559"},"modified":"2021-01-15T12:37:21","modified_gmt":"2021-01-15T12:37:21","slug":"snowboard-dans-les-alpes","status":"publish","type":"product","link":"https:\/\/pizbube.ch\/en\/shop\/snowboard-dans-les-alpes\/","title":{"rendered":"snowboard dans les Alpes"},"content":{"rendered":"<p>les plus beaux hors- pistes de Chamonix \u00e0 La Grave, de Tignes \u00e0 l&#8216; Alpe d&#8216;<br \/>\nHuez. Un guide convival qui vous r\u00e9pond \u00e0 toutes vos qu\u00e9stions: quel<br \/>\nitin\u00e9raire choisir, quelle station, quelle descente, o\u00f9, quand?<\/p>","protected":false},"excerpt":{"rendered":"<p>les plus beaux hors- pistes de Chamonix \u00e0 La Grave, de Tignes \u00e0 l&#8216; Alpe d&#8216; Huez. Un guide convival qui vous r\u00e9pond \u00e0 toutes vos qu\u00e9stions: quel itin\u00e9raire choisir, quelle station, quelle descente, o\u00f9, quand?<\/p>","protected":false},"featured_media":29962,"template":"","meta":[],"product_brand":[],"product_cat":[21539],"product_tag":[],"class_list":{"0":"post-153456","1":"product","2":"type-product","3":"status-publish","4":"has-post-thumbnail","6":"product_cat-fuehrerliteratur-sportklettern-bouldern","7":"pa_autor-jean","8":"pa_autor-nerva","9":"pa_erscheinungsjahr-22150","10":"pa_region-frankreich","11":"pa_sprache-fr","13":"first","14":"outofstock","15":"taxable","16":"shipping-taxable","17":"purchasable","18":"product-type-simple"},"_links":{"self":[{"href":"https:\/\/pizbube.ch\/en\/wp-json\/wp\/v2\/product\/153456","targetHints":{"allow":["GET"]}}],"collection":[{"href":"https:\/\/pizbube.ch\/en\/wp-json\/wp\/v2\/product"}],"about":[{"href":"https:\/\/pizbube.ch\/en\/wp-json\/wp\/v2\/types\/product"}],"wp:featuredmedia":[{"embeddable":true,"href":"https:\/\/pizbube.ch\/en\/wp-json\/wp\/v2\/media\/29962"}],"wp:attachment":[{"href":"https:\/\/pizbube.ch\/en\/wp-json\/wp\/v2\/media?parent=153456"}],"wp:term":[{"taxonomy":"product_brand","embeddable":true,"href":"https:\/\/pizbube.ch\/en\/wp-json\/wp\/v2\/product_brand?post=153456"},{"taxonomy":"product_cat","embeddable":true,"href":"https:\/\/pizbube.ch\/en\/wp-json\/wp\/v2\/product_cat?post=153456"},{"taxonomy":"product_tag","embeddable":true,"href":"https:\/\/pizbube.ch\/en\/wp-json\/wp\/v2\/product_tag?post=153456"}],"curies":[{"name":"wp","href":"https:\/\/api.w.org\/{rel}","templated":true}]}}