{"id":153457,"date":"2021-01-15T12:37:17","date_gmt":"2021-01-15T12:37:17","guid":{"rendered":"https:\/\/codengine3.ch\/?product=import-placeholder-for-205683"},"modified":"2021-01-15T14:43:07","modified_gmt":"2021-01-15T14:43:07","slug":"sur-les-traces-de-charles-hudson-in-the-steps-of-charles-hudson-dvd","status":"publish","type":"product","link":"https:\/\/pizbube.ch\/en\/shop\/sur-les-traces-de-charles-hudson-in-the-steps-of-charles-hudson-dvd\/","title":{"rendered":"Sur les traces de Charles Hudson &#8211;  In the steps of Charles Hudson DVD"},"content":{"rendered":"<p>L&#8217;histoire de la voie royale du mont Blanc par l&#8217;itin\u00e9raire de Saint Gervais  <\/p>\n<p>Le 14 ao\u00fbt 1855, les alpinistes anglais, Charles Hudson, Edward Shirley<br \/>\nKennedy, Charles Ainslie, Greenville et Christopher Smyth r\u00e9alisent l&#8217;exploit<br \/>\nde gravir le Mont Blanc sans guides, en ouvrant un nouvel itin\u00e9raire au d\u00e9part<br \/>\nde Saint-Gervais par la voie royale.<br \/>\n153 ans plus tard, un couple d&#8217;Anglais d\u00e9cident de gravir le Mont Blanc sur<br \/>\nles traces de Charles Hudson.  <\/p>\n<p>On the 14th of August, the English alpinists, Charles Hudson, Edward Shirley<br \/>\nKennedy, Charles Ainslie, Greenville and Christopher Smyth, succeeded for the<br \/>\nfist time in climbing Mont Blanc without guides, by opening a new way from<br \/>\nSaint- Gervais.<br \/>\n153 years later, a young English couple decides to climb Mont Blanc in the<br \/>\nsteps of Charles Hudson.  <\/p>\n<p>Versions fran\u00e7aise et anglaise; Film 52 min, Bonus 24 min  <\/p>","protected":false},"excerpt":{"rendered":"<p>L&#8217;histoire de la voie royale du mont Blanc par l&#8217;itin\u00e9raire de Saint Gervais Le 14 ao\u00fbt 1855, les alpinistes anglais, Charles Hudson, Edward Shirley Kennedy, Charles Ainslie, Greenville et Christopher Smyth r\u00e9alisent l&#8217;exploit de gravir le Mont Blanc sans guides, en ouvrant un nouvel itin\u00e9raire au d\u00e9part de Saint-Gervais par la voie royale. 153 ans [&#8230;]\n","protected":false},"featured_media":34487,"template":"","meta":[],"product_brand":[],"product_cat":[21628],"product_tag":[],"class_list":{"0":"post-153457","1":"product","2":"type-product","3":"status-publish","4":"has-post-thumbnail","6":"product_cat-video-dvd-multimedia","7":"pa_autor-delachat","8":"pa_erscheinungsjahr-21591","9":"pa_region-frankreich","10":"pa_sprache-e","11":"pa_sprache-f","13":"first","14":"instock","15":"taxable","16":"shipping-taxable","17":"purchasable","18":"product-type-simple"},"_links":{"self":[{"href":"https:\/\/pizbube.ch\/en\/wp-json\/wp\/v2\/product\/153457","targetHints":{"allow":["GET"]}}],"collection":[{"href":"https:\/\/pizbube.ch\/en\/wp-json\/wp\/v2\/product"}],"about":[{"href":"https:\/\/pizbube.ch\/en\/wp-json\/wp\/v2\/types\/product"}],"wp:featuredmedia":[{"embeddable":true,"href":"https:\/\/pizbube.ch\/en\/wp-json\/wp\/v2\/media\/34487"}],"wp:attachment":[{"href":"https:\/\/pizbube.ch\/en\/wp-json\/wp\/v2\/media?parent=153457"}],"wp:term":[{"taxonomy":"product_brand","embeddable":true,"href":"https:\/\/pizbube.ch\/en\/wp-json\/wp\/v2\/product_brand?post=153457"},{"taxonomy":"product_cat","embeddable":true,"href":"https:\/\/pizbube.ch\/en\/wp-json\/wp\/v2\/product_cat?post=153457"},{"taxonomy":"product_tag","embeddable":true,"href":"https:\/\/pizbube.ch\/en\/wp-json\/wp\/v2\/product_tag?post=153457"}],"curies":[{"name":"wp","href":"https:\/\/api.w.org\/{rel}","templated":true}]}}