{"id":153458,"date":"2021-01-15T12:37:18","date_gmt":"2021-01-15T12:37:18","guid":{"rendered":"https:\/\/codengine3.ch\/?product=import-placeholder-for-202560"},"modified":"2021-01-15T12:37:21","modified_gmt":"2021-01-15T12:37:21","slug":"die-entdeckung-des-nordpols","status":"publish","type":"product","link":"https:\/\/pizbube.ch\/en\/shop\/die-entdeckung-des-nordpols\/","title":{"rendered":"Die Entdeckung des Nordpols"},"content":{"rendered":"<p>Zwei Jahre im ewigen Eis 1908-1909<\/p>\n<p>Als erster Mensch den Nordpol erreichen&#8230; Mit weniger wollte sich Peary nicht<br \/>\nzufrieden geben, als er im Juli 1908 von New York aufbrach. Hunderte Kilometer<br \/>\narktischer Eis- landschaft lagen vor ihm. Die wollte er zun\u00e4chst per Schiff,<br \/>\ndann zu Fuss \u00fcberwinden. Das Ziel: 90 Grad n\u00f6rdlicher Breite, ein Punkt<br \/>\nirgendwo im Nirgendwo&#8230;<\/p>\n<p>F\u00fcrchterliche, oft tagelang anhaltende Schneest\u00fcrme, rauhes, zu Bergen<br \/>\nget\u00fcrmtes Eis, arktische K\u00e4lte mit Temperaturen bis zu 50 Grad unter Null,<br \/>\npl\u00f6tzlich aufrei\u00dfende Wasserarme, die den Marsch aufhalten und nur auf<br \/>\nEisschollen zu \u00fcberqueren sind, hastig zusammengebaute Iglus als Unterk\u00fcnfte<br \/>\nund Schutz gegen die Naturgewalten &#8211; all dies bildet den \u00e4u\u00dferen Rahmen zur<br \/>\nsechsten Arktisreise des amerikanischen Marine-Ingenieurs Robert Edwin Peary<br \/>\n1908\/1909. W\u00e4hrend der vorausgegangenen zweieinhalb Jahrzehnte war er bereits<br \/>\nf\u00fcnfmal im hohen Norden gewesen, hatte Gr\u00f6nland erforscht und seine Inselnatur<br \/>\nbewiesen und war schon einmal bei dem Versuch gescheitert, auf unsicherem Eis<br \/>\nzum Nordpol zu gelangen. Dieses Mal sollte der inzwischen 53 Jahre alte, z\u00e4he<br \/>\nAmerikaner sein Lebensziel erreichen:<br \/>\nAuf einer waghalsigen Fahrt durch die Passage zwischen Gr\u00f6nland und der 850 km<br \/>\nlangen Ellesmere-Insel k\u00e4mpft sich Peary&#8217;s kleines Schiff &#171;Roosevelt&#187; nach<br \/>\nNorden, stets auf der Flucht vor treibenden Eisbergen, die es zu zerschlagen<br \/>\ndrohen. Bei Kap Sheridan, der \u00e4u\u00dfersten Ecke des amerikanischen Kontinents,<br \/>\nmuss Peary \u00fcberwintern.<br \/>\nEnde Februar 1909 bricht er zum Marsch durch die m\u00f6rderische Eisw\u00fcste auf, und<br \/>\nam 6. April stehen er und seine Begleiter als erste Menschen am n\u00f6rdlichsten<br \/>\nPunkt der Erde. Ein generalstabsm\u00e4\u00dfig geplantes Unternehmen, getragen von Mut,<br \/>\nTodesverachtung und Ausdauer, hat sein gl\u00fcckliches Ende gefunden.<br \/>\nDennoch mischt sich Bitterkeit in das strahlende Gef\u00fchl des Sieges:<br \/>\nEines der Expeditionsmitglieder bricht auf dem R\u00fcckmarsch durch das Eis und<br \/>\nertrinkt elend im Polarmeer.<\/p>","protected":false},"excerpt":{"rendered":"<p>Zwei Jahre im ewigen Eis 1908-1909 Als erster Mensch den Nordpol erreichen&#8230; Mit weniger wollte sich Peary nicht zufrieden geben, als er im Juli 1908 von New York aufbrach. Hunderte Kilometer arktischer Eis- landschaft lagen vor ihm. Die wollte er zun\u00e4chst per Schiff, dann zu Fuss \u00fcberwinden. Das Ziel: 90 Grad n\u00f6rdlicher Breite, ein Punkt [&#8230;]\n","protected":false},"featured_media":38031,"template":"","meta":[],"product_brand":[],"product_cat":[21542],"product_tag":[],"class_list":{"0":"post-153458","1":"product","2":"type-product","3":"status-publish","4":"has-post-thumbnail","6":"product_cat-sachbuecher-dokumentationen","7":"pa_autor-peary","8":"pa_erscheinungsjahr-21693","9":"pa_region-arktis-antarktis-groenland-island","10":"pa_sprache-de","12":"first","13":"instock","14":"taxable","15":"shipping-taxable","16":"purchasable","17":"product-type-simple"},"_links":{"self":[{"href":"https:\/\/pizbube.ch\/en\/wp-json\/wp\/v2\/product\/153458","targetHints":{"allow":["GET"]}}],"collection":[{"href":"https:\/\/pizbube.ch\/en\/wp-json\/wp\/v2\/product"}],"about":[{"href":"https:\/\/pizbube.ch\/en\/wp-json\/wp\/v2\/types\/product"}],"wp:featuredmedia":[{"embeddable":true,"href":"https:\/\/pizbube.ch\/en\/wp-json\/wp\/v2\/media\/38031"}],"wp:attachment":[{"href":"https:\/\/pizbube.ch\/en\/wp-json\/wp\/v2\/media?parent=153458"}],"wp:term":[{"taxonomy":"product_brand","embeddable":true,"href":"https:\/\/pizbube.ch\/en\/wp-json\/wp\/v2\/product_brand?post=153458"},{"taxonomy":"product_cat","embeddable":true,"href":"https:\/\/pizbube.ch\/en\/wp-json\/wp\/v2\/product_cat?post=153458"},{"taxonomy":"product_tag","embeddable":true,"href":"https:\/\/pizbube.ch\/en\/wp-json\/wp\/v2\/product_tag?post=153458"}],"curies":[{"name":"wp","href":"https:\/\/api.w.org\/{rel}","templated":true}]}}