{"id":153459,"date":"2021-01-15T12:37:18","date_gmt":"2021-01-15T12:37:18","guid":{"rendered":"https:\/\/codengine3.ch\/?product=import-placeholder-for-205532"},"modified":"2021-01-15T14:41:58","modified_gmt":"2021-01-15T14:41:58","slug":"thomas-ulrich-horizont-nord","status":"publish","type":"product","link":"https:\/\/pizbube.ch\/en\/shop\/thomas-ulrich-horizont-nord\/","title":{"rendered":"Thomas Ulrich &#8211; Horizont Nord"},"content":{"rendered":"<p>Hauptkapitel ist die Franz-Josef-Land-Expedition 2007, bei der Thomas Ulrich<br \/>\nmit dem Norweger B\u00f8rge Ousland auf den Spuren von Nansen und Johansen die<br \/>\nArktis in einem 100-t\u00e4gigen Abenteurer vom Nordpol bis zu den Inseln von<br \/>\nFranz-Josef-Land durchquerte. Aber auch die missgl\u00fcckte &#8218;Arctic Solo&#8216; von<br \/>\n2006, bei der Thomas Ulrich den Arktischen Ozean allein durchqueren wollte und<br \/>\ndabei fast ums Leben kam, ist Inhalt von &#8218;Thomas Ulrich &#8211; Horizont Nord&#8216;. Ein<br \/>\nBand, der die Faszination der Arktis in einzigartigen Bildern von Thomas<br \/>\nUlrich vermittelt, erg\u00e4nzt durch die ausf\u00fchrlichen, von Christine Kopp<br \/>\naufgezeichneten Texten.<br \/>\n176 S., \u00fcber 150 Illustrationen<\/p>","protected":false},"excerpt":{"rendered":"<p>Hauptkapitel ist die Franz-Josef-Land-Expedition 2007, bei der Thomas Ulrich mit dem Norweger B\u00f8rge Ousland auf den Spuren von Nansen und Johansen die Arktis in einem 100-t\u00e4gigen Abenteurer vom Nordpol bis zu den Inseln von Franz-Josef-Land durchquerte. Aber auch die missgl\u00fcckte &#8218;Arctic Solo&#8216; von 2006, bei der Thomas Ulrich den Arktischen Ozean allein durchqueren wollte und [&#8230;]\n","protected":false},"featured_media":34267,"template":"","meta":[],"product_brand":[],"product_cat":[21542],"product_tag":[],"class_list":{"0":"post-153459","1":"product","2":"type-product","3":"status-publish","4":"has-post-thumbnail","6":"product_cat-sachbuecher-dokumentationen","7":"pa_autor-ulrich-kopp","8":"pa_erscheinungsjahr-21591","9":"pa_region-schweiz","10":"pa_sprache-de","12":"first","13":"instock","14":"taxable","15":"shipping-taxable","16":"purchasable","17":"product-type-simple"},"_links":{"self":[{"href":"https:\/\/pizbube.ch\/en\/wp-json\/wp\/v2\/product\/153459","targetHints":{"allow":["GET"]}}],"collection":[{"href":"https:\/\/pizbube.ch\/en\/wp-json\/wp\/v2\/product"}],"about":[{"href":"https:\/\/pizbube.ch\/en\/wp-json\/wp\/v2\/types\/product"}],"wp:featuredmedia":[{"embeddable":true,"href":"https:\/\/pizbube.ch\/en\/wp-json\/wp\/v2\/media\/34267"}],"wp:attachment":[{"href":"https:\/\/pizbube.ch\/en\/wp-json\/wp\/v2\/media?parent=153459"}],"wp:term":[{"taxonomy":"product_brand","embeddable":true,"href":"https:\/\/pizbube.ch\/en\/wp-json\/wp\/v2\/product_brand?post=153459"},{"taxonomy":"product_cat","embeddable":true,"href":"https:\/\/pizbube.ch\/en\/wp-json\/wp\/v2\/product_cat?post=153459"},{"taxonomy":"product_tag","embeddable":true,"href":"https:\/\/pizbube.ch\/en\/wp-json\/wp\/v2\/product_tag?post=153459"}],"curies":[{"name":"wp","href":"https:\/\/api.w.org\/{rel}","templated":true}]}}