{"id":153463,"date":"2021-01-15T12:37:19","date_gmt":"2021-01-15T12:37:19","guid":{"rendered":"https:\/\/codengine3.ch\/?product=import-placeholder-for-207949"},"modified":"2021-01-15T17:48:29","modified_gmt":"2021-01-15T17:48:29","slug":"schneeschuhtouren-oberwallis","status":"publish","type":"product","link":"https:\/\/pizbube.ch\/en\/shop\/schneeschuhtouren-oberwallis\/","title":{"rendered":"Schneeschuhtouren Oberwallis"},"content":{"rendered":"<p>Grimsel bis Gemmi &#8211; Binntal bis Matterhorn<\/p>\n<p>Zwischen den gigantischen Viertausendern im S\u00fcden und Norden lernen wir das<br \/>\nOberwallis mit seinen Seitent\u00e4lern kennen. Dieser F\u00fchrer pr\u00e4sentiert eine<br \/>\nAuswahl der sch\u00f6nsten Schneeschuhtouren von der Rhonequelle bis zur Gemmi. Die<br \/>\nTouren sind nach Gel\u00e4dekammern\/T\u00e4lern eingeteilt. Pro Tour erleichtert eine<br \/>\nKartenskizze die Orientierung.<\/p>\n<p>Die wichtigsten Koordinaten jeder Tour, als Wegpunkte, helfen den Weg sicher<br \/>\nzu finden. Wundersch\u00f6ne Bilder geben einen Eindruck von der beeindruckenden<br \/>\nSch\u00f6nheit des Oberwallis und machen Lust auf mehr.<br \/>\n192 Seiten, ca. 200 Farbfotos, ca. 200 Kartenausschnitte, 12x18cm, Hardcover<\/p>","protected":false},"excerpt":{"rendered":"<p>Grimsel bis Gemmi &#8211; Binntal bis Matterhorn Zwischen den gigantischen Viertausendern im S\u00fcden und Norden lernen wir das Oberwallis mit seinen Seitent\u00e4lern kennen. Dieser F\u00fchrer pr\u00e4sentiert eine Auswahl der sch\u00f6nsten Schneeschuhtouren von der Rhonequelle bis zur Gemmi. Die Touren sind nach Gel\u00e4dekammern\/T\u00e4lern eingeteilt. Pro Tour erleichtert eine Kartenskizze die Orientierung. Die wichtigsten Koordinaten jeder Tour, [&#8230;]\n","protected":false},"featured_media":38910,"template":"","meta":[],"product_brand":[],"product_cat":[21540],"product_tag":[],"class_list":{"0":"post-153463","1":"product","2":"type-product","3":"status-publish","4":"has-post-thumbnail","6":"product_cat-fuehrerliteratur-alpin-winter","7":"pa_autor-nanzer","8":"pa_erscheinungsjahr-21550","9":"pa_region-schweiz","10":"pa_sprache-de","12":"first","13":"instock","14":"taxable","15":"shipping-taxable","16":"purchasable","17":"product-type-simple"},"_links":{"self":[{"href":"https:\/\/pizbube.ch\/en\/wp-json\/wp\/v2\/product\/153463","targetHints":{"allow":["GET"]}}],"collection":[{"href":"https:\/\/pizbube.ch\/en\/wp-json\/wp\/v2\/product"}],"about":[{"href":"https:\/\/pizbube.ch\/en\/wp-json\/wp\/v2\/types\/product"}],"wp:featuredmedia":[{"embeddable":true,"href":"https:\/\/pizbube.ch\/en\/wp-json\/wp\/v2\/media\/38910"}],"wp:attachment":[{"href":"https:\/\/pizbube.ch\/en\/wp-json\/wp\/v2\/media?parent=153463"}],"wp:term":[{"taxonomy":"product_brand","embeddable":true,"href":"https:\/\/pizbube.ch\/en\/wp-json\/wp\/v2\/product_brand?post=153463"},{"taxonomy":"product_cat","embeddable":true,"href":"https:\/\/pizbube.ch\/en\/wp-json\/wp\/v2\/product_cat?post=153463"},{"taxonomy":"product_tag","embeddable":true,"href":"https:\/\/pizbube.ch\/en\/wp-json\/wp\/v2\/product_tag?post=153463"}],"curies":[{"name":"wp","href":"https:\/\/api.w.org\/{rel}","templated":true}]}}