{"id":153465,"date":"2021-01-15T12:37:25","date_gmt":"2021-01-15T12:37:25","guid":{"rendered":"https:\/\/codengine3.ch\/?product=import-placeholder-for-202571"},"modified":"2021-01-15T12:37:28","modified_gmt":"2021-01-15T12:37:28","slug":"palatinum-dvd","status":"publish","type":"product","link":"https:\/\/pizbube.ch\/en\/shop\/palatinum-dvd\/","title":{"rendered":"Palatinum DVD"},"content":{"rendered":"<p>\nExtremsport in der Pfalz : Eine filmerische zeitreise beginnt mit den<br \/>\nmeilensteinen des Pfalz-Kletterns. Auf der Suche nach dem genialsten boulder<br \/>\ngehts zu den sch\u00f6nsten Bl\u00f6cken im Wald.15 verr\u00fcckte locals und special guests,<br \/>\nvom psycho-klassiker zum lowball-boulder. Eine geballte Ladung Historie und<br \/>\nNeuzeit, scharfe Bilder, starke Frauen und sch\u00f6ne M\u00e4nner.  <\/p>\n<p>Die Geschichte des Sportkletterns in der Pfalz von den Pionieren Wolfgang<br \/>\nG\u00fcllich und Thomas N\u00f6ltner \u00fcber Psychotourenspezialist Rainer Scharfenberger<br \/>\nbis zu den Stars der heutigen Szene.  <\/p>\n<p>Der zweite Teil von palatinum begleitet eine Gruppe von Blockfetischisten auf<br \/>\nder Suche nach dem perfekten Boulderproblem.<br \/>\nDVD, Vollgepackt mit 94 Minuten Filmmaterial aus dem Land der Leberkn\u00f6del und<br \/>\nder leuchtend roten Sandsteinfelsen.  <\/p>","protected":false},"excerpt":{"rendered":"<p>Extremsport in der Pfalz : Eine filmerische zeitreise beginnt mit den meilensteinen des Pfalz-Kletterns. Auf der Suche nach dem genialsten boulder gehts zu den sch\u00f6nsten Bl\u00f6cken im Wald.15 verr\u00fcckte locals und special guests, vom psycho-klassiker zum lowball-boulder. Eine geballte Ladung Historie und Neuzeit, scharfe Bilder, starke Frauen und sch\u00f6ne M\u00e4nner. Die Geschichte des Sportkletterns in [&#8230;]\n","protected":false},"featured_media":29976,"template":"","meta":[],"product_brand":[],"product_cat":[21628],"product_tag":[],"class_list":{"0":"post-153465","1":"product","2":"type-product","3":"status-publish","4":"has-post-thumbnail","6":"product_cat-video-dvd-multimedia","7":"pa_autor-richelsen-wenner","8":"pa_erscheinungsjahr-21920","9":"pa_region-deutschland","10":"pa_sprache-de","12":"first","13":"outofstock","14":"taxable","15":"shipping-taxable","16":"purchasable","17":"product-type-simple"},"_links":{"self":[{"href":"https:\/\/pizbube.ch\/en\/wp-json\/wp\/v2\/product\/153465","targetHints":{"allow":["GET"]}}],"collection":[{"href":"https:\/\/pizbube.ch\/en\/wp-json\/wp\/v2\/product"}],"about":[{"href":"https:\/\/pizbube.ch\/en\/wp-json\/wp\/v2\/types\/product"}],"wp:featuredmedia":[{"embeddable":true,"href":"https:\/\/pizbube.ch\/en\/wp-json\/wp\/v2\/media\/29976"}],"wp:attachment":[{"href":"https:\/\/pizbube.ch\/en\/wp-json\/wp\/v2\/media?parent=153465"}],"wp:term":[{"taxonomy":"product_brand","embeddable":true,"href":"https:\/\/pizbube.ch\/en\/wp-json\/wp\/v2\/product_brand?post=153465"},{"taxonomy":"product_cat","embeddable":true,"href":"https:\/\/pizbube.ch\/en\/wp-json\/wp\/v2\/product_cat?post=153465"},{"taxonomy":"product_tag","embeddable":true,"href":"https:\/\/pizbube.ch\/en\/wp-json\/wp\/v2\/product_tag?post=153465"}],"curies":[{"name":"wp","href":"https:\/\/api.w.org\/{rel}","templated":true}]}}