{"id":153466,"date":"2021-01-15T12:37:25","date_gmt":"2021-01-15T12:37:25","guid":{"rendered":"https:\/\/codengine3.ch\/?product=import-placeholder-for-203529"},"modified":"2021-01-15T14:24:11","modified_gmt":"2021-01-15T14:24:11","slug":"lowcut-dvd","status":"publish","type":"product","link":"https:\/\/pizbube.ch\/en\/shop\/lowcut-dvd\/","title":{"rendered":"lowcut DVD"},"content":{"rendered":"<p>Bouldern im Frankenjura: Bouldern hat in der Fr\u00e4nkischen seit Flipper Fietz<br \/>\neine lange und reiche Geschichte. Hannes Huch geht dieser Tradition nach und<br \/>\nbringt die wichtigsten aktuellen Akteure vor die Linse, wo sie nicht nur<br \/>\nkleine Griffe in den alten und neuen h\u00e4rtesten Problemen halten, sondern sich<br \/>\nauch zu ihrer Motivation \u00e4u\u00dfern.<\/p>\n<p>Mit Norbert B\u00e4tz, Andi Hofmann, And\u00e9 Behr, Fabian Christof, Lutz Limburg,<br \/>\nMarkus Bock, Sarah Seeger.<br \/>\nF\u00fcr Blockfreunde ein Muss! DVD; Spielzeit: 55 Minuten, Gesamtl\u00e4nge inklusive<br \/>\nBonusmaterial ca. 80 Minuten.<\/p>","protected":false},"excerpt":{"rendered":"<p>Bouldern im Frankenjura: Bouldern hat in der Fr\u00e4nkischen seit Flipper Fietz eine lange und reiche Geschichte. Hannes Huch geht dieser Tradition nach und bringt die wichtigsten aktuellen Akteure vor die Linse, wo sie nicht nur kleine Griffe in den alten und neuen h\u00e4rtesten Problemen halten, sondern sich auch zu ihrer Motivation \u00e4u\u00dfern. Mit Norbert B\u00e4tz, [&#8230;]\n","protected":false},"featured_media":31159,"template":"","meta":[],"product_brand":[],"product_cat":[21628],"product_tag":[],"class_list":{"0":"post-153466","1":"product","2":"type-product","3":"status-publish","4":"has-post-thumbnail","6":"product_cat-video-dvd-multimedia","7":"pa_autor-huch","8":"pa_erscheinungsjahr-21920","9":"pa_region-deutschland","10":"pa_sprache-de","12":"first","13":"outofstock","14":"taxable","15":"shipping-taxable","16":"purchasable","17":"product-type-simple"},"_links":{"self":[{"href":"https:\/\/pizbube.ch\/en\/wp-json\/wp\/v2\/product\/153466","targetHints":{"allow":["GET"]}}],"collection":[{"href":"https:\/\/pizbube.ch\/en\/wp-json\/wp\/v2\/product"}],"about":[{"href":"https:\/\/pizbube.ch\/en\/wp-json\/wp\/v2\/types\/product"}],"wp:featuredmedia":[{"embeddable":true,"href":"https:\/\/pizbube.ch\/en\/wp-json\/wp\/v2\/media\/31159"}],"wp:attachment":[{"href":"https:\/\/pizbube.ch\/en\/wp-json\/wp\/v2\/media?parent=153466"}],"wp:term":[{"taxonomy":"product_brand","embeddable":true,"href":"https:\/\/pizbube.ch\/en\/wp-json\/wp\/v2\/product_brand?post=153466"},{"taxonomy":"product_cat","embeddable":true,"href":"https:\/\/pizbube.ch\/en\/wp-json\/wp\/v2\/product_cat?post=153466"},{"taxonomy":"product_tag","embeddable":true,"href":"https:\/\/pizbube.ch\/en\/wp-json\/wp\/v2\/product_tag?post=153466"}],"curies":[{"name":"wp","href":"https:\/\/api.w.org\/{rel}","templated":true}]}}