{"id":153467,"date":"2021-01-15T12:37:25","date_gmt":"2021-01-15T12:37:25","guid":{"rendered":"https:\/\/codengine3.ch\/?product=import-placeholder-for-205283"},"modified":"2021-01-15T14:40:03","modified_gmt":"2021-01-15T14:40:03","slug":"par-dela-les-cimes","status":"publish","type":"product","link":"https:\/\/pizbube.ch\/en\/shop\/par-dela-les-cimes\/","title":{"rendered":"Par-del\u00e0 les cimes"},"content":{"rendered":"<p>\nCet ouvrage, le premier livre de photos des Editions du CAS, est \u00e0 la fois un<br \/>\nalbum illustr\u00e9, un livre de lecture et un guide d&#8217;alpinisme.<\/p>\n<p>Les 50 courses s\u00e9lectionn\u00e9es entre Bernina et Aiguille du Chardonnet ont pour<br \/>\ncaract\u00e9ristiques l&#8217;orginalit\u00e9 de leur cheminement, la diversit\u00e9 des terrains<br \/>\nemprunt\u00e9s et la pr\u00e9sence de variantes. Leur niveau oscille entre &#8218;F&#8216; comme<br \/>\nfacile et &#8218;D&#8216; comme difficile.<\/p>\n<p>Vous reconna\u00eetrez sans peine certains de ces sommets. Pour d&#8217;au-tres, ce sera<br \/>\nl&#8217;occasion de les d\u00e9couvrir. Vous trouverez \u00e9galement au fil des pages<br \/>\nplusieurs bons tuyaux in\u00e9dits.<\/p>","protected":false},"excerpt":{"rendered":"<p>Cet ouvrage, le premier livre de photos des Editions du CAS, est \u00e0 la fois un album illustr\u00e9, un livre de lecture et un guide d&#8217;alpinisme. Les 50 courses s\u00e9lectionn\u00e9es entre Bernina et Aiguille du Chardonnet ont pour caract\u00e9ristiques l&#8217;orginalit\u00e9 de leur cheminement, la diversit\u00e9 des terrains emprunt\u00e9s et la pr\u00e9sence de variantes. Leur niveau [&#8230;]\n","protected":false},"featured_media":33947,"template":"","meta":[],"product_brand":[],"product_cat":[21544],"product_tag":[],"class_list":{"0":"post-153467","1":"product","2":"type-product","3":"status-publish","4":"has-post-thumbnail","6":"product_cat-fuehrerliteratur-alpin-sommer","7":"pa_autor-coulin-leuthold-hasler-maire-2","8":"pa_erscheinungsjahr-21763","9":"pa_region-schweiz","10":"pa_sprache-fr","12":"first","13":"outofstock","14":"taxable","15":"shipping-taxable","16":"purchasable","17":"product-type-simple"},"_links":{"self":[{"href":"https:\/\/pizbube.ch\/en\/wp-json\/wp\/v2\/product\/153467","targetHints":{"allow":["GET"]}}],"collection":[{"href":"https:\/\/pizbube.ch\/en\/wp-json\/wp\/v2\/product"}],"about":[{"href":"https:\/\/pizbube.ch\/en\/wp-json\/wp\/v2\/types\/product"}],"wp:featuredmedia":[{"embeddable":true,"href":"https:\/\/pizbube.ch\/en\/wp-json\/wp\/v2\/media\/33947"}],"wp:attachment":[{"href":"https:\/\/pizbube.ch\/en\/wp-json\/wp\/v2\/media?parent=153467"}],"wp:term":[{"taxonomy":"product_brand","embeddable":true,"href":"https:\/\/pizbube.ch\/en\/wp-json\/wp\/v2\/product_brand?post=153467"},{"taxonomy":"product_cat","embeddable":true,"href":"https:\/\/pizbube.ch\/en\/wp-json\/wp\/v2\/product_cat?post=153467"},{"taxonomy":"product_tag","embeddable":true,"href":"https:\/\/pizbube.ch\/en\/wp-json\/wp\/v2\/product_tag?post=153467"}],"curies":[{"name":"wp","href":"https:\/\/api.w.org\/{rel}","templated":true}]}}