{"id":153468,"date":"2021-01-15T12:37:25","date_gmt":"2021-01-15T12:37:25","guid":{"rendered":"https:\/\/codengine3.ch\/?product=import-placeholder-for-205541"},"modified":"2021-01-15T14:42:04","modified_gmt":"2021-01-15T14:42:04","slug":"sommets-des-alpes","status":"publish","type":"product","link":"https:\/\/pizbube.ch\/en\/shop\/sommets-des-alpes\/","title":{"rendered":"Sommets des Alpes"},"content":{"rendered":"<p>Des \u00c9crins au Mont-Blanc en passant par le Valais et le Grand-Paradis, ce<br \/>\nlivre pr\u00e9sente 130 sommets r\u00e9partis dans tous les massifs les Alpes<br \/>\noccidentales. Si les faces glaciaires, les \u00e9perons rocheux et les ar\u00eates<br \/>\neffil\u00e9es entretiennent le mythe de la haute difficult\u00e9, l&#8217;ouvrage privil\u00e9gie<br \/>\nla description de voies normales via lesquelles la plupart de ces montagnes se<br \/>\ngravissent sans qu&#8217;il soit n\u00e9cessaire d&#8217;appartenir \u00e0 une \u00e9lite surentra\u00een\u00e9e.<br \/>\nDans les Pr\u00e9alpes (Belledonne, Chartreuse, Vercors, Chablais, Aravis, Bauges,<br \/>\netc.), on trouve \u00e9galement des belv\u00e9d\u00e8res de moyenne altitude accessibles au<br \/>\nrandonneur.  <\/p>\n<p>Enfin, apr\u00e8s un texte introductif, chaque montagne fait l&#8217;objet d&#8217;une<br \/>\ndescription pratique (point de d\u00e9part, d\u00e9nivel\u00e9, horaire, difficult\u00e9) assortie<br \/>\nd&#8217;une \u00e9vocation historique.  <\/p>","protected":false},"excerpt":{"rendered":"<p>Des \u00c9crins au Mont-Blanc en passant par le Valais et le Grand-Paradis, ce livre pr\u00e9sente 130 sommets r\u00e9partis dans tous les massifs les Alpes occidentales. Si les faces glaciaires, les \u00e9perons rocheux et les ar\u00eates effil\u00e9es entretiennent le mythe de la haute difficult\u00e9, l&#8217;ouvrage privil\u00e9gie la description de voies normales via lesquelles la plupart de [&#8230;]\n","protected":false},"featured_media":34285,"template":"","meta":[],"product_brand":[],"product_cat":[21542],"product_tag":[],"class_list":{"0":"post-153468","1":"product","2":"type-product","3":"status-publish","4":"has-post-thumbnail","6":"product_cat-sachbuecher-dokumentationen","7":"pa_autor-leon","8":"pa_erscheinungsjahr-21591","9":"pa_region-frankreich","10":"pa_sprache-fr","12":"first","13":"instock","14":"taxable","15":"shipping-taxable","16":"purchasable","17":"product-type-simple"},"_links":{"self":[{"href":"https:\/\/pizbube.ch\/en\/wp-json\/wp\/v2\/product\/153468","targetHints":{"allow":["GET"]}}],"collection":[{"href":"https:\/\/pizbube.ch\/en\/wp-json\/wp\/v2\/product"}],"about":[{"href":"https:\/\/pizbube.ch\/en\/wp-json\/wp\/v2\/types\/product"}],"wp:featuredmedia":[{"embeddable":true,"href":"https:\/\/pizbube.ch\/en\/wp-json\/wp\/v2\/media\/34285"}],"wp:attachment":[{"href":"https:\/\/pizbube.ch\/en\/wp-json\/wp\/v2\/media?parent=153468"}],"wp:term":[{"taxonomy":"product_brand","embeddable":true,"href":"https:\/\/pizbube.ch\/en\/wp-json\/wp\/v2\/product_brand?post=153468"},{"taxonomy":"product_cat","embeddable":true,"href":"https:\/\/pizbube.ch\/en\/wp-json\/wp\/v2\/product_cat?post=153468"},{"taxonomy":"product_tag","embeddable":true,"href":"https:\/\/pizbube.ch\/en\/wp-json\/wp\/v2\/product_tag?post=153468"}],"curies":[{"name":"wp","href":"https:\/\/api.w.org\/{rel}","templated":true}]}}