{"id":153469,"date":"2021-01-15T12:37:25","date_gmt":"2021-01-15T12:37:25","guid":{"rendered":"https:\/\/codengine3.ch\/?product=import-placeholder-for-202573"},"modified":"2021-01-15T12:37:28","modified_gmt":"2021-01-15T12:37:28","slug":"break-your-limits","status":"publish","type":"product","link":"https:\/\/pizbube.ch\/en\/shop\/break-your-limits\/","title":{"rendered":"Break your Limits"},"content":{"rendered":"<p>Es gibt viele M\u00f6glichkeiten an seine Grenzen zu gehen: Anthologie von<br \/>\nExtremabenteuern. An die Grenze zu gehen (und manchmal dar\u00fcber hinaus),<br \/>\ndorthin, wo das Neue, Unerforschte und Unsichere lockt diesen Wunsch haben<br \/>\nalle, die hier ihre Geschichten erz\u00e4hlen. Denn wirkliches Abenteuer beginnt<br \/>\nf\u00fcr sie erst dort, wo vor ihnen noch keiner war. Deshalb \u00fcberqueren Abenteurer<br \/>\nden Atlantik auf einem Flo\u00df, suchen die Quellen des Nils oder umrunden die<br \/>\nWelt im Ballon. Eine Hochzeitsreise unter Segeln, auf dem Kamel durch die<br \/>\nSahara oder ein Jahr in der Wildnis: Abenteuer hei\u00dft nicht unbedingt<br \/>\nEinsamkeit. Als Mann verkleidet durch afghanisches Kriegsgebiet oder mit dem<br \/>\nFahrrad durch den Himalaja: Abenteuer ist auch schon lange keine Dom\u00e4ne der<br \/>\nM\u00e4nner mehr. Von den ber\u00fchmten Abenteurern finden sich hier R\u00fcdiger Nehberg,<br \/>\nReinhold Messner, Jon Krakauer, Hans Kammerlander, Bertrand Piccard, Nicolas<br \/>\nVanier, Bruno Baumann, Bettina Selby, Pam Houston und Beryl Markham. Sie und<br \/>\nviele andere entf\u00fchren uns aus dem Alltag in die sch\u00f6ne und harte, vor allem<br \/>\naber faszinierende Welt des Abenteuers.  <\/p>","protected":false},"excerpt":{"rendered":"<p>Es gibt viele M\u00f6glichkeiten an seine Grenzen zu gehen: Anthologie von Extremabenteuern. An die Grenze zu gehen (und manchmal dar\u00fcber hinaus), dorthin, wo das Neue, Unerforschte und Unsichere lockt diesen Wunsch haben alle, die hier ihre Geschichten erz\u00e4hlen. Denn wirkliches Abenteuer beginnt f\u00fcr sie erst dort, wo vor ihnen noch keiner war. Deshalb \u00fcberqueren Abenteurer [&#8230;]\n","protected":false},"featured_media":29978,"template":"","meta":[],"product_brand":[],"product_cat":[21629],"product_tag":[],"class_list":{"0":"post-153469","1":"product","2":"type-product","3":"status-publish","4":"has-post-thumbnail","6":"product_cat-belletristik","7":"pa_autor-wank","8":"pa_erscheinungsjahr-22144","9":"pa_region-deutschland","10":"pa_sprache-de","12":"first","13":"instock","14":"taxable","15":"shipping-taxable","16":"purchasable","17":"product-type-simple"},"_links":{"self":[{"href":"https:\/\/pizbube.ch\/en\/wp-json\/wp\/v2\/product\/153469","targetHints":{"allow":["GET"]}}],"collection":[{"href":"https:\/\/pizbube.ch\/en\/wp-json\/wp\/v2\/product"}],"about":[{"href":"https:\/\/pizbube.ch\/en\/wp-json\/wp\/v2\/types\/product"}],"wp:featuredmedia":[{"embeddable":true,"href":"https:\/\/pizbube.ch\/en\/wp-json\/wp\/v2\/media\/29978"}],"wp:attachment":[{"href":"https:\/\/pizbube.ch\/en\/wp-json\/wp\/v2\/media?parent=153469"}],"wp:term":[{"taxonomy":"product_brand","embeddable":true,"href":"https:\/\/pizbube.ch\/en\/wp-json\/wp\/v2\/product_brand?post=153469"},{"taxonomy":"product_cat","embeddable":true,"href":"https:\/\/pizbube.ch\/en\/wp-json\/wp\/v2\/product_cat?post=153469"},{"taxonomy":"product_tag","embeddable":true,"href":"https:\/\/pizbube.ch\/en\/wp-json\/wp\/v2\/product_tag?post=153469"}],"curies":[{"name":"wp","href":"https:\/\/api.w.org\/{rel}","templated":true}]}}