{"id":153471,"date":"2021-01-15T12:37:26","date_gmt":"2021-01-15T12:37:26","guid":{"rendered":"https:\/\/codengine3.ch\/?product=import-placeholder-for-205766"},"modified":"2021-01-15T14:43:47","modified_gmt":"2021-01-15T14:43:47","slug":"meine-klettersteig-favoriten","status":"publish","type":"product","link":"https:\/\/pizbube.ch\/en\/shop\/meine-klettersteig-favoriten\/","title":{"rendered":"Meine Klettersteig Favoriten"},"content":{"rendered":"<p>Vier Jahrzehnte unterwegs am Drahtseil  <\/p>\n<p>Hei\u00df aufs Eisen &#8211; Klettersteige machen s\u00fcchtig! Ferratapapst Eugen E. H\u00fcsler,<br \/>\nseit 40 Jahren auf Eisenwegen aller Art und quer durch Europa unterwegs, wei\u00df<br \/>\ndas ganz genau. Nun erz\u00e4hlt er von seinen eisernen Favoriten, von erlebter<br \/>\nNatur, Begegnungen mit Menschen, kleine Abenteuern und gro\u00dfen Emotionen und<br \/>\nblickt kritisch und mit feiner Ironie auf die Entwicklung der Szene. Alle<br \/>\nTouren sind detailliert beschrieben und mit packenden Bildern illustriert.<br \/>\n192 Seiten, ca. 170 Abbildungen  <\/p>","protected":false},"excerpt":{"rendered":"<p>Vier Jahrzehnte unterwegs am Drahtseil Hei\u00df aufs Eisen &#8211; Klettersteige machen s\u00fcchtig! Ferratapapst Eugen E. H\u00fcsler, seit 40 Jahren auf Eisenwegen aller Art und quer durch Europa unterwegs, wei\u00df das ganz genau. Nun erz\u00e4hlt er von seinen eisernen Favoriten, von erlebter Natur, Begegnungen mit Menschen, kleine Abenteuern und gro\u00dfen Emotionen und blickt kritisch und mit [&#8230;]\n","protected":false},"featured_media":34585,"template":"","meta":[],"product_brand":[],"product_cat":[21542],"product_tag":[],"class_list":{"0":"post-153471","1":"product","2":"type-product","3":"status-publish","4":"has-post-thumbnail","6":"product_cat-sachbuecher-dokumentationen","7":"pa_autor-huesler","8":"pa_erscheinungsjahr-21693","9":"pa_region-uebrigers-europa","10":"pa_sprache-de","12":"first","13":"instock","14":"taxable","15":"shipping-taxable","16":"purchasable","17":"product-type-simple"},"_links":{"self":[{"href":"https:\/\/pizbube.ch\/en\/wp-json\/wp\/v2\/product\/153471","targetHints":{"allow":["GET"]}}],"collection":[{"href":"https:\/\/pizbube.ch\/en\/wp-json\/wp\/v2\/product"}],"about":[{"href":"https:\/\/pizbube.ch\/en\/wp-json\/wp\/v2\/types\/product"}],"wp:featuredmedia":[{"embeddable":true,"href":"https:\/\/pizbube.ch\/en\/wp-json\/wp\/v2\/media\/34585"}],"wp:attachment":[{"href":"https:\/\/pizbube.ch\/en\/wp-json\/wp\/v2\/media?parent=153471"}],"wp:term":[{"taxonomy":"product_brand","embeddable":true,"href":"https:\/\/pizbube.ch\/en\/wp-json\/wp\/v2\/product_brand?post=153471"},{"taxonomy":"product_cat","embeddable":true,"href":"https:\/\/pizbube.ch\/en\/wp-json\/wp\/v2\/product_cat?post=153471"},{"taxonomy":"product_tag","embeddable":true,"href":"https:\/\/pizbube.ch\/en\/wp-json\/wp\/v2\/product_tag?post=153471"}],"curies":[{"name":"wp","href":"https:\/\/api.w.org\/{rel}","templated":true}]}}