{"id":153474,"date":"2021-01-15T12:37:27","date_gmt":"2021-01-15T12:37:27","guid":{"rendered":"https:\/\/codengine3.ch\/?product=import-placeholder-for-202583"},"modified":"2023-12-17T13:15:40","modified_gmt":"2023-12-17T12:15:40","slug":"die-traumgipfel-der-schweiz","status":"publish","type":"product","link":"https:\/\/pizbube.ch\/en\/shop\/die-traumgipfel-der-schweiz\/","title":{"rendered":"Titlis &#8211; Spielplatz der Schweiz"},"content":{"rendered":"<p><span class=\"value\">Titlis &#8211; der vielseitigste Berg der Schweiz<\/span><\/p>\n<p><span class=\"value\">Der Titlis ist von alters her ein besonderer Berg. Johann Leopold Cysats Beschreibung des Vierwaldst\u00e4tter Sees von 1661 erw\u00e4hnt den \u00abTittlisberg, welchen man f\u00fcr den h\u00f6chsten Berg in der gantzen Eidgenossenschaft haltet\u00bb. So hoch ist er nicht, aber doch un\u00fcbersehbar mit seinem weissen Gletschermantel, der weit ins eidgen\u00f6ssische Mittelland hinausleuchtet. Wer oben steht, sieht weit, und die Ersten, die oben standen, waren drei Engelberger und ein Deutscher. Alle arbeiteten im Kloster: ein Meisterk\u00e4ser, ein Pf\u00f6rtner, ein Pferdeknecht und ein Schmied. <\/span><\/p>\n<p><span class=\"value\">Und auch die publizistische Verarbeitung der ausserordentlichen Leistung mit Steigeisen und Seil &#8211; zu einer Zeit, als Gebirge und Gletscher noch als gef\u00e4hrlich galten &#8211; \u00fcbernahm ein Mitglied des Klosters: Pater Magnus Waser, Subprior in Engelberg, verfasste 1767 den Bericht \u00fcber die epochale Erstbesteigung von Ende Juli 1744. Seither hat der Titlis nichts von seiner Faszination verloren, im Gegenteil. Er erfreute sich am alpinen Massentourismus zu einer Zeit, als in andern Teilen der Schweizer Alpen die Touristen noch schr\u00e4g angeguckt wurden. Er erlebte 1887 die Stern- und Geburtsstunde der modernen,weltber\u00fchmten Schweizer Kartografie. Er sah einige der ersten Skifahrer in der Schweiz, und heute gilt er als der heisseste helvetische Ski- und Snowboardberg. Er schaut der ersten drehbaren Luftseilbahnkabine der Welt verwundert zu, die seit 1992 \u00fcber seinen spaltenreichen Gletscher schwebt. Der Titlis wurde verkabelt und verbohrt, vermessen und verpistet, und trotzdem gibt es noch jungfr\u00e4uliche W\u00e4nde.<\/span><\/p>\n<p>Bergmonografie, 160 Seiten<br \/>\n6. Auflage 2011<\/p>","protected":false},"excerpt":{"rendered":"<p>Titlis &#8211; der vielseitigste Berg der Schweiz Der Titlis ist von alters her ein besonderer Berg. Johann Leopold Cysats Beschreibung des Vierwaldst\u00e4tter Sees von 1661 erw\u00e4hnt den \u00abTittlisberg, welchen man f\u00fcr den h\u00f6chsten Berg in der gantzen Eidgenossenschaft haltet\u00bb. So hoch ist er nicht, aber doch un\u00fcbersehbar mit seinem weissen Gletschermantel, der weit ins eidgen\u00f6ssische [&#8230;]\n","protected":false},"featured_media":170798,"template":"","meta":[],"product_brand":[],"product_cat":[21542],"product_tag":[],"class_list":{"0":"post-153474","1":"product","2":"type-product","3":"status-publish","4":"has-post-thumbnail","6":"product_cat-sachbuecher-dokumentationen","7":"pa_autor-anker-hrsg","8":"pa_erscheinungsjahr-21610","9":"pa_region-schweiz","10":"pa_sprache-de","12":"first","13":"instock","14":"taxable","15":"shipping-taxable","16":"purchasable","17":"product-type-simple"},"_links":{"self":[{"href":"https:\/\/pizbube.ch\/en\/wp-json\/wp\/v2\/product\/153474","targetHints":{"allow":["GET"]}}],"collection":[{"href":"https:\/\/pizbube.ch\/en\/wp-json\/wp\/v2\/product"}],"about":[{"href":"https:\/\/pizbube.ch\/en\/wp-json\/wp\/v2\/types\/product"}],"wp:featuredmedia":[{"embeddable":true,"href":"https:\/\/pizbube.ch\/en\/wp-json\/wp\/v2\/media\/170798"}],"wp:attachment":[{"href":"https:\/\/pizbube.ch\/en\/wp-json\/wp\/v2\/media?parent=153474"}],"wp:term":[{"taxonomy":"product_brand","embeddable":true,"href":"https:\/\/pizbube.ch\/en\/wp-json\/wp\/v2\/product_brand?post=153474"},{"taxonomy":"product_cat","embeddable":true,"href":"https:\/\/pizbube.ch\/en\/wp-json\/wp\/v2\/product_cat?post=153474"},{"taxonomy":"product_tag","embeddable":true,"href":"https:\/\/pizbube.ch\/en\/wp-json\/wp\/v2\/product_tag?post=153474"}],"curies":[{"name":"wp","href":"https:\/\/api.w.org\/{rel}","templated":true}]}}