{"id":153478,"date":"2021-01-15T12:37:33","date_gmt":"2021-01-15T12:37:33","guid":{"rendered":"https:\/\/codengine3.ch\/?product=import-placeholder-for-202590"},"modified":"2024-05-07T09:51:17","modified_gmt":"2024-05-07T07:51:17","slug":"die-erfindung-der-wolken","status":"publish","type":"product","link":"https:\/\/pizbube.ch\/en\/shop\/die-erfindung-der-wolken\/","title":{"rendered":"Die Erfindung der Wolken"},"content":{"rendered":"<p>Wie ein unbekannter Meteorologe die Sprache des Himmels erforschte. An einem<br \/>\nDezemberabend des Jahres 1802 h\u00e4lt ein bis dahin v\u00f6llig unbekannter junger<br \/>\nMann in einem dunklen Londoner Laboratorium einen Vortrag \u00fcber das Wetter und<br \/>\ndie Wolken &#8211; nicht ahnend, dass er damit zu einer eurp\u00e4ischen Ber\u00fchmtheit<br \/>\nwerden sollte, indem er die Meteorologie und Wettervorhersage revolutionierte.<br \/>\nDer junge Mann hiess Luke Howard.<\/p>","protected":false},"excerpt":{"rendered":"<p>Wie ein unbekannter Meteorologe die Sprache des Himmels erforschte. An einem Dezemberabend des Jahres 1802 h\u00e4lt ein bis dahin v\u00f6llig unbekannter junger Mann in einem dunklen Londoner Laboratorium einen Vortrag \u00fcber das Wetter und die Wolken &#8211; nicht ahnend, dass er damit zu einer eurp\u00e4ischen Ber\u00fchmtheit werden sollte, indem er die Meteorologie und Wettervorhersage revolutionierte. [&#8230;]\n","protected":false},"featured_media":30002,"template":"","meta":[],"product_brand":[],"product_cat":[21542],"product_tag":[],"class_list":{"0":"post-153478","1":"product","2":"type-product","3":"status-publish","4":"has-post-thumbnail","6":"product_cat-sachbuecher-dokumentationen","7":"pa_autor-hamblyn","8":"pa_erscheinungsjahr-22144","9":"pa_region-orientierung-wetter-ausbildung","10":"pa_sprache-de","12":"first","13":"outofstock","14":"taxable","15":"shipping-taxable","16":"purchasable","17":"product-type-simple"},"_links":{"self":[{"href":"https:\/\/pizbube.ch\/en\/wp-json\/wp\/v2\/product\/153478","targetHints":{"allow":["GET"]}}],"collection":[{"href":"https:\/\/pizbube.ch\/en\/wp-json\/wp\/v2\/product"}],"about":[{"href":"https:\/\/pizbube.ch\/en\/wp-json\/wp\/v2\/types\/product"}],"wp:featuredmedia":[{"embeddable":true,"href":"https:\/\/pizbube.ch\/en\/wp-json\/wp\/v2\/media\/30002"}],"wp:attachment":[{"href":"https:\/\/pizbube.ch\/en\/wp-json\/wp\/v2\/media?parent=153478"}],"wp:term":[{"taxonomy":"product_brand","embeddable":true,"href":"https:\/\/pizbube.ch\/en\/wp-json\/wp\/v2\/product_brand?post=153478"},{"taxonomy":"product_cat","embeddable":true,"href":"https:\/\/pizbube.ch\/en\/wp-json\/wp\/v2\/product_cat?post=153478"},{"taxonomy":"product_tag","embeddable":true,"href":"https:\/\/pizbube.ch\/en\/wp-json\/wp\/v2\/product_tag?post=153478"}],"curies":[{"name":"wp","href":"https:\/\/api.w.org\/{rel}","templated":true}]}}