{"id":153479,"date":"2021-01-15T12:37:33","date_gmt":"2021-01-15T12:37:33","guid":{"rendered":"https:\/\/codengine3.ch\/?product=import-placeholder-for-207263"},"modified":"2021-01-15T16:01:19","modified_gmt":"2021-01-15T16:01:19","slug":"wetter-zwischen-hundstagen-und-raunaechten","status":"publish","type":"product","link":"https:\/\/pizbube.ch\/en\/shop\/wetter-zwischen-hundstagen-und-raunaechten\/","title":{"rendered":"Wetter &#8211; Zwischen Hundstagen und Raun\u00e4chten"},"content":{"rendered":"<p>\nWarum liebt Charles Dickens den Matsch, Hermann Hesse das Schlittschuhlaufen<br \/>\nund Cormac McCarthy die Verwitterung? Was schreibt Goethe \u00fcber die Wolken? Und<br \/>\nwelche Bedeutung hat die Nebelwelt in der altisl\u00e4ndischen Mythologie?<\/p>\n<p>Wetter und Klima geh\u00f6ren zu den aktuellsten Themen unserer Zeit. Aber der<br \/>\n\u00e4lteste Weg des Menschen, sich mit dem f\u00fcr ihn lebenswichtigen Thema<br \/>\nauseinanderzusetzen, sind die Sprache und die Literatur. Und so lohnt sich ein<br \/>\nBlick in die alten und neuen Texte &#8211; in Mythologie, Bibel und Literatur -, um<br \/>\ndas Verh\u00e4ltnis von Wetter und Mensch besser zu verstehen.<\/p>\n<p>30 Texte zu Wetterph\u00e4nomenen halten spannende Antworten f\u00fcr Literatur- und<br \/>\nNaturliebhaber bereit. Werke aus der Kunstgeschichte illustrieren die<br \/>\neindrucksvollen Stimmungen.<\/p>\n<p>Format: 12,0 x 18,0 cm; Seiten: 144<\/p>","protected":false},"excerpt":{"rendered":"<p>Warum liebt Charles Dickens den Matsch, Hermann Hesse das Schlittschuhlaufen und Cormac McCarthy die Verwitterung? Was schreibt Goethe \u00fcber die Wolken? Und welche Bedeutung hat die Nebelwelt in der altisl\u00e4ndischen Mythologie? Wetter und Klima geh\u00f6ren zu den aktuellsten Themen unserer Zeit. Aber der \u00e4lteste Weg des Menschen, sich mit dem f\u00fcr ihn lebenswichtigen Thema auseinanderzusetzen, [&#8230;]\n","protected":false},"featured_media":36952,"template":"","meta":[],"product_brand":[],"product_cat":[21629],"product_tag":[],"class_list":{"0":"post-153479","1":"product","2":"type-product","3":"status-publish","4":"has-post-thumbnail","6":"product_cat-belletristik","7":"pa_autor-vieser","8":"pa_erscheinungsjahr-21558","9":"pa_region-orientierung-wetter-ausbildung","10":"pa_sprache-de","12":"first","13":"instock","14":"taxable","15":"shipping-taxable","16":"purchasable","17":"product-type-simple"},"_links":{"self":[{"href":"https:\/\/pizbube.ch\/en\/wp-json\/wp\/v2\/product\/153479","targetHints":{"allow":["GET"]}}],"collection":[{"href":"https:\/\/pizbube.ch\/en\/wp-json\/wp\/v2\/product"}],"about":[{"href":"https:\/\/pizbube.ch\/en\/wp-json\/wp\/v2\/types\/product"}],"wp:featuredmedia":[{"embeddable":true,"href":"https:\/\/pizbube.ch\/en\/wp-json\/wp\/v2\/media\/36952"}],"wp:attachment":[{"href":"https:\/\/pizbube.ch\/en\/wp-json\/wp\/v2\/media?parent=153479"}],"wp:term":[{"taxonomy":"product_brand","embeddable":true,"href":"https:\/\/pizbube.ch\/en\/wp-json\/wp\/v2\/product_brand?post=153479"},{"taxonomy":"product_cat","embeddable":true,"href":"https:\/\/pizbube.ch\/en\/wp-json\/wp\/v2\/product_cat?post=153479"},{"taxonomy":"product_tag","embeddable":true,"href":"https:\/\/pizbube.ch\/en\/wp-json\/wp\/v2\/product_tag?post=153479"}],"curies":[{"name":"wp","href":"https:\/\/api.w.org\/{rel}","templated":true}]}}