{"id":153485,"date":"2021-01-15T12:37:34","date_gmt":"2021-01-15T12:37:34","guid":{"rendered":"https:\/\/codengine3.ch\/?product=import-placeholder-for-204787"},"modified":"2024-02-07T14:53:17","modified_gmt":"2024-02-07T13:53:17","slug":"east-tibet-ost-tibet-tibet-oriental-11600000","status":"publish","type":"product","link":"https:\/\/pizbube.ch\/en\/shop\/east-tibet-ost-tibet-tibet-oriental-11600000\/","title":{"rendered":"East tibet \/ Ost-Tibet \/ Tibet oriental 1:1&#8217;600&#8217;000"},"content":{"rendered":"<p>Karteninhalt: Ost-Tibet Strassenkarte 1:1,6 Mio. mit Kl\u00f6stern, Pilgerwegen,<br \/>\nHeiligen Bergen und St\u00e4tten, Lhasa-Eisenbahn, \u00dcbersichtskarte historisches<br \/>\nTibet<\/p>\n<p>Die Ost-Tibet Karte bietet einen umfassenden \u00dcberblick \u00fcber heilige Berge,<br \/>\nSeen und Orte sowie Pilgerwege, relig\u00f6se Feste und Normadenfeste. Wichtige<br \/>\nOrte sind bilingual (r\u00f6misch und tibetisch) beschriftet. Mit dieser Karte<br \/>\nleisten wir einen Beitrag gegen die Sinisierung Tibets. Selbstverst\u00e4ndlich ist<br \/>\nauch die neue Eisenbahnstrecke Gorme (Golmud)-Lhasa mit den wichtigsten<br \/>\nStationen eingetragen.<\/p>\n<p>1. Auflage 2014, GPS-Kompatibel<\/p>","protected":false},"excerpt":{"rendered":"<p>Karteninhalt: Ost-Tibet Strassenkarte 1:1,6 Mio. mit Kl\u00f6stern, Pilgerwegen, Heiligen Bergen und St\u00e4tten, Lhasa-Eisenbahn, \u00dcbersichtskarte historisches Tibet Die Ost-Tibet Karte bietet einen umfassenden \u00dcberblick \u00fcber heilige Berge, Seen und Orte sowie Pilgerwege, relig\u00f6se Feste und Normadenfeste. Wichtige Orte sind bilingual (r\u00f6misch und tibetisch) beschriftet. Mit dieser Karte leisten wir einen Beitrag gegen die Sinisierung Tibets. Selbstverst\u00e4ndlich [&#8230;]\n","protected":false},"featured_media":33286,"template":"","meta":[],"product_brand":[],"product_cat":[21543],"product_tag":[],"class_list":{"0":"post-153485","1":"product","2":"type-product","3":"status-publish","4":"has-post-thumbnail","6":"product_cat-landkarten","7":"pa_autor-gecko-maps","8":"pa_erscheinungsjahr-21550","9":"pa_region-asien","10":"pa_sprache-de-en-fr-it-es","12":"first","13":"outofstock","14":"taxable","15":"shipping-taxable","16":"purchasable","17":"product-type-simple"},"_links":{"self":[{"href":"https:\/\/pizbube.ch\/en\/wp-json\/wp\/v2\/product\/153485","targetHints":{"allow":["GET"]}}],"collection":[{"href":"https:\/\/pizbube.ch\/en\/wp-json\/wp\/v2\/product"}],"about":[{"href":"https:\/\/pizbube.ch\/en\/wp-json\/wp\/v2\/types\/product"}],"wp:featuredmedia":[{"embeddable":true,"href":"https:\/\/pizbube.ch\/en\/wp-json\/wp\/v2\/media\/33286"}],"wp:attachment":[{"href":"https:\/\/pizbube.ch\/en\/wp-json\/wp\/v2\/media?parent=153485"}],"wp:term":[{"taxonomy":"product_brand","embeddable":true,"href":"https:\/\/pizbube.ch\/en\/wp-json\/wp\/v2\/product_brand?post=153485"},{"taxonomy":"product_cat","embeddable":true,"href":"https:\/\/pizbube.ch\/en\/wp-json\/wp\/v2\/product_cat?post=153485"},{"taxonomy":"product_tag","embeddable":true,"href":"https:\/\/pizbube.ch\/en\/wp-json\/wp\/v2\/product_tag?post=153485"}],"curies":[{"name":"wp","href":"https:\/\/api.w.org\/{rel}","templated":true}]}}